{"id":1366,"date":"2023-08-20T22:24:58","date_gmt":"2023-08-20T22:24:58","guid":{"rendered":"https:\/\/snow-alligator-195314.hostingersite.com\/produit\/sweat-pour-levier-de-vitesse\/"},"modified":"2025-06-14T00:53:00","modified_gmt":"2025-06-13T22:53:00","slug":"sweat-pour-levier-de-vitesse","status":"publish","type":"product","link":"https:\/\/buying-fever.com\/da\/vare\/sweatshirt-for-shifter\/","title":{"rendered":"Shifter h\u00e6ttetr\u00f8je"},"content":{"rendered":"<h2 style=\"text-align: center;\">Det produkt, du ikke vidste, du havde brug for!<\/h2>\n<p>&nbsp;<\/p>\n<p>Den bedste m\u00e5de at tilf\u00f8je personlighed til din bil. Din bil er mere end blot et transportmiddel, den er en forl\u00e6ngelse af din personlighed.<\/p>\n<p>S\u00e5 hvorfor n\u00f8jes med en kedelig skifter, n\u00e5r du kan have en <strong>Shifter h\u00e6ttetr\u00f8je<\/strong> sjovt og behageligt?<\/p>\n<p>Det er det perfekte tilbeh\u00f8r til alle, der \u00f8nsker at tilf\u00f8je en smule personlighed og komfort til deres bil.<\/p>\n<p><img fetchpriority=\"high\" decoding=\"async\" class=\"aligncenter wp-image-1376 size-full\" src=\"https:\/\/buying-fever.com\/wp-content\/uploads\/2023\/08\/567e0a64112c810913fa65e59a096afe64f470e3.gif\" alt=\"gearskift sweatshirt\" width=\"270\" height=\"480\" \/><\/p>\n<p>&nbsp;<\/p>\n<h2>Universal pasform<\/h2>\n<div data-slot-rendered-content=\"true\">Vores Shifter Hoods er designet til at passe til de fleste skiftere 10-13 i h\u00f8jden (samlet h\u00f8jde). De kan bruges i k\u00f8ret\u00f8jer med manuel og automatisk gearkasse.<\/div>\n<div data-slot-rendered-content=\"true\"><img decoding=\"async\" class=\"aligncenter\" src=\"https:\/\/ae01.alicdn.com\/kf\/S8e40c92fb7e24a738f0bc94485edd429q.jpg?width=1000&amp;height=380&amp;hash=1380\" alt=\"\" width=\"861\" height=\"327\" \/><\/div>\n<div data-slot-rendered-content=\"true\">\n<h2><\/h2>\n<h2>Komfortabelt og slidst\u00e6rkt materiale<\/h2>\n<p>De er lavet af 100% polyesterstof. Dette materiale er ikke kun st\u00e6rkt og holdbart, men det giver ogs\u00e5 et bl\u00f8dt, behageligt greb, der g\u00f8r gearskift mere behageligt. Betr\u00e6kkene er designet til at modst\u00e5 dagligt slid og er nemme at reng\u00f8re og vedligeholde.<\/p>\n<p><img decoding=\"async\" class=\"wp-image-1377 size-full aligncenter\" src=\"https:\/\/buying-fever.com\/wp-content\/uploads\/2023\/08\/2dc9eeabb9d8a3ab211dde82ac67950c1c339ecd.jpeg.webp\" alt=\"gearskift sweatshirt\" width=\"570\" height=\"710\" srcset=\"https:\/\/buying-fever.com\/wp-content\/uploads\/2023\/08\/2dc9eeabb9d8a3ab211dde82ac67950c1c339ecd.jpeg.webp 570w, https:\/\/buying-fever.com\/wp-content\/uploads\/2023\/08\/2dc9eeabb9d8a3ab211dde82ac67950c1c339ecd.jpeg-241x300.webp 241w, https:\/\/buying-fever.com\/wp-content\/uploads\/2023\/08\/2dc9eeabb9d8a3ab211dde82ac67950c1c339ecd.jpeg-300x374.webp 300w\" sizes=\"(max-width: 570px) 100vw, 570px\" \/><\/p>\n<\/div>\n<h2><\/h2>\n<h2>Personligt og sjovt<\/h2>\n<p>Vores h\u00e6ttetr\u00f8jer er ikke kun praktiske, de tilf\u00f8jer ogs\u00e5 et strejf af personlighed og sjov til interi\u00f8ret i din bil. Med en r\u00e6kke forskellige farver og designs kan du v\u00e6lge den sweatshirt, der passer bedst til din stil og smag. Uanset om du foretr\u00e6kker et dristigt, i\u00f8jnefaldende design eller et mere subtilt, underspillet look, har vi noget for enhver smag.<\/p>\n<h2><img loading=\"lazy\" decoding=\"async\" class=\"aligncenter\" src=\"https:\/\/ae03.alicdn.com\/kf\/Sdf0d94e202b24925b53bdc652994a2756.jpg\" width=\"832\" height=\"832\" \/><\/h2>\n<h2><\/h2>\n<h2>Nem at installere og fjerne<\/h2>\n<p>De er designet til at v\u00e6re nemme at installere og fjerne, s\u00e5 du kan skifte den til enhver tid, for eksempel for at vaske den.<\/p>\n<h2><\/h2>\n<h2>Interview<\/h2>\n<p>Vores gearskifte-h\u00e6ttetr\u00f8jer er nemme at reng\u00f8re og vedligeholde. De kan h\u00e5nd- eller maskinvaskes og skal luftt\u00f8rres. S\u00e5 du beh\u00f8ver ikke bekymre dig om snavs, snavs eller spildt v\u00e6ske... bare vask det, og det vil se ud som nyt igen.<\/p>\n<p>&nbsp;<\/p>\n<p><img loading=\"lazy\" decoding=\"async\" class=\"aligncenter\" src=\"https:\/\/ae03.alicdn.com\/kf\/S5340db4911334a10af15f74363e8a7e1N.jpg\" width=\"664\" height=\"664\" \/><\/p>","protected":false},"excerpt":{"rendered":"<p>Le produit que vous ne saviez pas que vous aviez besoin ! &nbsp; Le meilleur moyen d&rsquo;ajouter de la personnalit\u00e9 \u00e0 votre voiture. Votre voiture est plus qu&rsquo;un simple moyen de locomotion, c&rsquo;est une extension de votre personnalit\u00e9. Alors pourquoi se contenter d&rsquo;un levier de vitesse ennuyeux quand vous pouvez avoir un Sweat \u00e0 capuche [&hellip;]<\/p>\n","protected":false},"featured_media":1348,"comment_status":"open","ping_status":"closed","template":"","meta":{"_seopress_robots_primary_cat":"none","_seopress_titles_title":"","_seopress_titles_desc":"","_seopress_robots_index":"","site-sidebar-layout":"default","site-content-layout":"","ast-site-content-layout":"default","site-content-style":"default","site-sidebar-style":"default","ast-global-header-display":"","ast-banner-title-visibility":"","ast-main-header-display":"","ast-hfb-above-header-display":"","ast-hfb-below-header-display":"","ast-hfb-mobile-header-display":"","site-post-title":"","ast-breadcrumbs-content":"","ast-featured-img":"","footer-sml-layout":"","ast-disable-related-posts":"","theme-transparent-header-meta":"default","adv-header-id-meta":"","stick-header-meta":"","header-above-stick-meta":"","header-main-stick-meta":"","header-below-stick-meta":"","astra-migrate-meta-layouts":"set","ast-page-background-enabled":"default","ast-page-background-meta":{"desktop":{"background-color":"","background-image":"","background-repeat":"repeat","background-position":"center center","background-size":"auto","background-attachment":"scroll","background-type":"","background-media":"","overlay-type":"","overlay-color":"","overlay-opacity":"","overlay-gradient":""},"tablet":{"background-color":"","background-image":"","background-repeat":"repeat","background-position":"center center","background-size":"auto","background-attachment":"scroll","background-type":"","background-media":"","overlay-type":"","overlay-color":"","overlay-opacity":"","overlay-gradient":""},"mobile":{"background-color":"","background-image":"","background-repeat":"repeat","background-position":"center center","background-size":"auto","background-attachment":"scroll","background-type":"","background-media":"","overlay-type":"","overlay-color":"","overlay-opacity":"","overlay-gradient":""}},"ast-content-background-meta":{"desktop":{"background-color":"var(--ast-global-color-5)","background-image":"","background-repeat":"repeat","background-position":"center center","background-size":"auto","background-attachment":"scroll","background-type":"","background-media":"","overlay-type":"","overlay-color":"","overlay-opacity":"","overlay-gradient":""},"tablet":{"background-color":"var(--ast-global-color-5)","background-image":"","background-repeat":"repeat","background-position":"center center","background-size":"auto","background-attachment":"scroll","background-type":"","background-media":"","overlay-type":"","overlay-color":"","overlay-opacity":"","overlay-gradient":""},"mobile":{"background-color":"var(--ast-global-color-5)","background-image":"","background-repeat":"repeat","background-position":"center center","background-size":"auto","background-attachment":"scroll","background-type":"","background-media":"","overlay-type":"","overlay-color":"","overlay-opacity":"","overlay-gradient":""}}},"product_brand":[],"product_cat":[42],"product_tag":[],"class_list":{"0":"post-1366","1":"product","2":"type-product","3":"status-publish","4":"has-post-thumbnail","6":"product_cat-cadeau","7":"desktop-align-center","8":"tablet-align-center","9":"mobile-align-center","10":"ast-product-gallery-layout-horizontal","11":"ast-magnify-disabled","12":"ast-product-single-variable","13":"ast-product-tabs-layout-horizontal","14":"ast-qv-on-image","16":"first","17":"instock","18":"shipping-taxable","19":"purchasable","20":"product-type-variable"},"bundled_by":[],"bundle_stock_status":"instock","bundle_stock_quantity":null,"bundle_virtual":false,"bundle_layout":"","bundle_add_to_cart_form_location":"","bundle_editable_in_cart":false,"bundle_sold_individually_context":"","bundle_item_grouping":"","bundle_min_size":"","bundle_max_size":"","bundle_price":[],"bundled_items":[],"bundle_sell_ids":[],"_links":{"self":[{"href":"https:\/\/buying-fever.com\/da\/wp-json\/wp\/v2\/product\/1366","targetHints":{"allow":["GET"]}}],"collection":[{"href":"https:\/\/buying-fever.com\/da\/wp-json\/wp\/v2\/product"}],"about":[{"href":"https:\/\/buying-fever.com\/da\/wp-json\/wp\/v2\/types\/product"}],"replies":[{"embeddable":true,"href":"https:\/\/buying-fever.com\/da\/wp-json\/wp\/v2\/comments?post=1366"}],"version-history":[{"count":0,"href":"https:\/\/buying-fever.com\/da\/wp-json\/wp\/v2\/product\/1366\/revisions"}],"wp:featuredmedia":[{"embeddable":true,"href":"https:\/\/buying-fever.com\/da\/wp-json\/wp\/v2\/media\/1348"}],"wp:attachment":[{"href":"https:\/\/buying-fever.com\/da\/wp-json\/wp\/v2\/media?parent=1366"}],"wp:term":[{"taxonomy":"product_brand","embeddable":true,"href":"https:\/\/buying-fever.com\/da\/wp-json\/wp\/v2\/product_brand?post=1366"},{"taxonomy":"product_cat","embeddable":true,"href":"https:\/\/buying-fever.com\/da\/wp-json\/wp\/v2\/product_cat?post=1366"},{"taxonomy":"product_tag","embeddable":true,"href":"https:\/\/buying-fever.com\/da\/wp-json\/wp\/v2\/product_tag?post=1366"}],"curies":[{"name":"wp","href":"https:\/\/api.w.org\/{rel}","templated":true}]}}