{"id":1285,"date":"2023-08-20T21:19:44","date_gmt":"2023-08-20T21:19:44","guid":{"rendered":"https:\/\/snow-alligator-195314.hostingersite.com\/?post_type=product&#038;p=1285"},"modified":"2025-06-14T00:52:39","modified_gmt":"2025-06-13T22:52:39","slug":"kit-dapprentissage-wc-pour-chat","status":"publish","type":"product","link":"https:\/\/buying-fever.com\/da\/vare\/toilettraeningssaet-til-katte\/","title":{"rendered":"Toilettr\u00e6ningss\u00e6t til katte"},"content":{"rendered":"<h2 style=\"text-align: center;\">Ikke flere kattebakkearbejde og d\u00e5rlige lugte.<\/h2>\n<p>&nbsp;<\/p>\n<p>L\u00e6r din kat at bruge toilettet selvst\u00e6ndigt p\u00e5 kun 10 dage!<\/p>\n<p>&nbsp;<\/p>\n<h3>Kun fordele:<\/h3>\n<ul>\n<li><strong>Hurtig l\u00e6ring<\/strong> : 10 dage i gennemsnit (kan variere afh\u00e6ngigt af kattens vaner og karakter).<\/li>\n<li><strong>\u00d8konomisk<\/strong> : Reducer dine affaldsudgifter markant.<\/li>\n<li><strong>Hygiejnisk<\/strong> : Sig farvel til d\u00e5rlig lugt og snavsede affaldskasser.<\/li>\n<li><strong>Praktisk<\/strong> : Ingen grund til at reng\u00f8re kassen hver dag.<\/li>\n<li><strong>Optimeret plads<\/strong> : Frig\u00f8r den plads, der normalt er reserveret til kattebakken.<\/li>\n<li><strong>\u00d8kologisk<\/strong> : Reducer dit \u00f8kologiske fodaftryk ved at reducere brugen af affald.<\/li>\n<\/ul>\n<h2><\/h2>\n<h2 style=\"text-align: center;\">Din kats indl\u00e6ringsstadier<\/h2>\n<p><img fetchpriority=\"high\" decoding=\"async\" class=\"wp-image-4823 size-full aligncenter\" src=\"https:\/\/buying-fever.com\/wp-content\/uploads\/2023\/10\/1.jpg\" alt=\"1\" width=\"801\" height=\"600\" srcset=\"https:\/\/buying-fever.com\/wp-content\/uploads\/2023\/10\/1.jpg 801w, https:\/\/buying-fever.com\/wp-content\/uploads\/2023\/10\/1-300x225.jpg 300w, https:\/\/buying-fever.com\/wp-content\/uploads\/2023\/10\/1-768x575.jpg 768w, https:\/\/buying-fever.com\/wp-content\/uploads\/2023\/10\/1-16x12.jpg 16w, https:\/\/buying-fever.com\/wp-content\/uploads\/2023\/10\/1-600x449.jpg 600w\" sizes=\"(max-width: 801px) 100vw, 801px\" \/><\/p>\n<p><img decoding=\"async\" class=\"wp-image-4824 size-full aligncenter\" src=\"https:\/\/buying-fever.com\/wp-content\/uploads\/2023\/10\/2.jpg\" alt=\"2\" width=\"801\" height=\"550\" srcset=\"https:\/\/buying-fever.com\/wp-content\/uploads\/2023\/10\/2.jpg 801w, https:\/\/buying-fever.com\/wp-content\/uploads\/2023\/10\/2-300x206.jpg 300w, https:\/\/buying-fever.com\/wp-content\/uploads\/2023\/10\/2-768x527.jpg 768w, https:\/\/buying-fever.com\/wp-content\/uploads\/2023\/10\/2-18x12.jpg 18w, https:\/\/buying-fever.com\/wp-content\/uploads\/2023\/10\/2-600x412.jpg 600w\" sizes=\"(max-width: 801px) 100vw, 801px\" \/><\/p>\n<p><img decoding=\"async\" class=\"wp-image-4825 size-full aligncenter\" src=\"https:\/\/buying-fever.com\/wp-content\/uploads\/2023\/10\/3.jpg\" alt=\"3\" width=\"801\" height=\"624\" srcset=\"https:\/\/buying-fever.com\/wp-content\/uploads\/2023\/10\/3.jpg 801w, https:\/\/buying-fever.com\/wp-content\/uploads\/2023\/10\/3-300x234.jpg 300w, https:\/\/buying-fever.com\/wp-content\/uploads\/2023\/10\/3-768x598.jpg 768w, https:\/\/buying-fever.com\/wp-content\/uploads\/2023\/10\/3-15x12.jpg 15w, https:\/\/buying-fever.com\/wp-content\/uploads\/2023\/10\/3-600x467.jpg 600w\" sizes=\"(max-width: 801px) 100vw, 801px\" \/><\/p>\n<p><img loading=\"lazy\" decoding=\"async\" class=\"wp-image-4826 size-full aligncenter\" src=\"https:\/\/buying-fever.com\/wp-content\/uploads\/2023\/10\/4.jpg\" alt=\"4\" width=\"801\" height=\"624\" srcset=\"https:\/\/buying-fever.com\/wp-content\/uploads\/2023\/10\/4.jpg 801w, https:\/\/buying-fever.com\/wp-content\/uploads\/2023\/10\/4-300x234.jpg 300w, https:\/\/buying-fever.com\/wp-content\/uploads\/2023\/10\/4-768x598.jpg 768w, https:\/\/buying-fever.com\/wp-content\/uploads\/2023\/10\/4-15x12.jpg 15w, https:\/\/buying-fever.com\/wp-content\/uploads\/2023\/10\/4-600x467.jpg 600w\" sizes=\"(max-width: 801px) 100vw, 801px\" \/><\/p>\n<p>&nbsp;<\/p>\n<blockquote>\n<p style=\"text-align: center;\"><em>P\u00e5 mindre end to uger har min kat helt adopteret toilettet. <\/em><\/p>\n<p style=\"text-align: center;\"><em>Farvel til kuld pligten og ubehagelige lugte. Jeg anbefaler det til alle katteejere. <\/em><\/p>\n<p style=\"text-align: center;\"><em>Det er en lille investering, der vil g\u00f8re dit liv lettere!<\/em><\/p>\n<p style=\"text-align: center;\"><strong>Etienne<\/strong><\/p>\n<p>&nbsp;<\/p>\n<p style=\"text-align: center;\"><em>Jeg har to katte, og jeg troede, det ville v\u00e6re en uoverkommelig udfordring. <\/em><\/p>\n<p style=\"text-align: center;\"><em>P\u00e5 lidt over en uge mestrede de begge kunsten at bruge toilettet. <\/em><\/p>\n<p style=\"text-align: center;\"><em>Det er ikke kun \u00f8konomisk, men det er ogs\u00e5 meget mere hygiejnisk. <\/em><\/p>\n<p style=\"text-align: center;\"><em>En stor tak til dette Learning Kit, det er en rigtig nyskabelse.<\/em><\/p>\n<p style=\"text-align: center;\"><strong>Laura<\/strong><\/p>\n<\/blockquote>\n<p>Giv din kat overraskende autonomi, mens du forenkler dit daglige liv med vores <strong>Kattel\u00e6ringss\u00e6t<\/strong>.<\/p>\n<h3><\/h3>\n<h3 style=\"text-align: center;\">Bestil din i dag og oplev den<\/h3>\n<h3 style=\"text-align: center;\">et renere, lugtfrit hjem.<\/h3>","protected":false},"excerpt":{"rendered":"<p>Fini les corv\u00e9es de liti\u00e8res et les mauvaises odeurs. &nbsp; Apprenez \u00e0 votre chat \u00e0 utiliser les toilettes de mani\u00e8re autonome en seulement 10 jours ! &nbsp; Que des avantages : Apprentissage rapide : 10 jours en moyenne (peut varier selon les habitudes et le caract\u00e8re du chat). Economique : R\u00e9duisez consid\u00e9rablement vos d\u00e9penses en [&hellip;]<\/p>\n","protected":false},"featured_media":1289,"comment_status":"open","ping_status":"closed","template":"","meta":{"_seopress_robots_primary_cat":"none","_seopress_titles_title":"","_seopress_titles_desc":"","_seopress_robots_index":"","site-sidebar-layout":"default","site-content-layout":"default","ast-site-content-layout":"default","site-content-style":"default","site-sidebar-style":"default","ast-global-header-display":"","ast-banner-title-visibility":"","ast-main-header-display":"","ast-hfb-above-header-display":"","ast-hfb-below-header-display":"","ast-hfb-mobile-header-display":"","site-post-title":"","ast-breadcrumbs-content":"","ast-featured-img":"","footer-sml-layout":"","ast-disable-related-posts":"","theme-transparent-header-meta":"default","adv-header-id-meta":"","stick-header-meta":"default","header-above-stick-meta":"","header-main-stick-meta":"","header-below-stick-meta":"","astra-migrate-meta-layouts":"set","ast-page-background-enabled":"default","ast-page-background-meta":{"desktop":{"background-color":"","background-image":"","background-repeat":"repeat","background-position":"center center","background-size":"auto","background-attachment":"scroll","background-type":"","background-media":"","overlay-type":"","overlay-color":"","overlay-opacity":"","overlay-gradient":""},"tablet":{"background-color":"","background-image":"","background-repeat":"repeat","background-position":"center center","background-size":"auto","background-attachment":"scroll","background-type":"","background-media":"","overlay-type":"","overlay-color":"","overlay-opacity":"","overlay-gradient":""},"mobile":{"background-color":"","background-image":"","background-repeat":"repeat","background-position":"center center","background-size":"auto","background-attachment":"scroll","background-type":"","background-media":"","overlay-type":"","overlay-color":"","overlay-opacity":"","overlay-gradient":""}},"ast-content-background-meta":{"desktop":{"background-color":"var(--ast-global-color-5)","background-image":"","background-repeat":"repeat","background-position":"center center","background-size":"auto","background-attachment":"scroll","background-type":"","background-media":"","overlay-type":"","overlay-color":"","overlay-opacity":"","overlay-gradient":""},"tablet":{"background-color":"var(--ast-global-color-5)","background-image":"","background-repeat":"repeat","background-position":"center center","background-size":"auto","background-attachment":"scroll","background-type":"","background-media":"","overlay-type":"","overlay-color":"","overlay-opacity":"","overlay-gradient":""},"mobile":{"background-color":"var(--ast-global-color-5)","background-image":"","background-repeat":"repeat","background-position":"center center","background-size":"auto","background-attachment":"scroll","background-type":"","background-media":"","overlay-type":"","overlay-color":"","overlay-opacity":"","overlay-gradient":""}}},"product_brand":[],"product_cat":[83],"product_tag":[],"class_list":{"0":"post-1285","1":"product","2":"type-product","3":"status-publish","4":"has-post-thumbnail","6":"product_cat-animaux","7":"desktop-align-center","8":"tablet-align-center","9":"mobile-align-center","10":"ast-product-gallery-layout-horizontal","11":"ast-magnify-disabled","12":"ast-product-tabs-layout-horizontal","13":"ast-qv-on-image","15":"first","16":"instock","17":"shipping-taxable","18":"purchasable","19":"product-type-simple"},"bundled_by":[],"bundle_stock_status":"instock","bundle_stock_quantity":null,"bundle_virtual":false,"bundle_layout":"","bundle_add_to_cart_form_location":"","bundle_editable_in_cart":false,"bundle_sold_individually_context":"","bundle_item_grouping":"","bundle_min_size":"","bundle_max_size":"","bundle_price":[],"bundled_items":[],"bundle_sell_ids":[],"_links":{"self":[{"href":"https:\/\/buying-fever.com\/da\/wp-json\/wp\/v2\/product\/1285","targetHints":{"allow":["GET"]}}],"collection":[{"href":"https:\/\/buying-fever.com\/da\/wp-json\/wp\/v2\/product"}],"about":[{"href":"https:\/\/buying-fever.com\/da\/wp-json\/wp\/v2\/types\/product"}],"replies":[{"embeddable":true,"href":"https:\/\/buying-fever.com\/da\/wp-json\/wp\/v2\/comments?post=1285"}],"version-history":[{"count":0,"href":"https:\/\/buying-fever.com\/da\/wp-json\/wp\/v2\/product\/1285\/revisions"}],"wp:featuredmedia":[{"embeddable":true,"href":"https:\/\/buying-fever.com\/da\/wp-json\/wp\/v2\/media\/1289"}],"wp:attachment":[{"href":"https:\/\/buying-fever.com\/da\/wp-json\/wp\/v2\/media?parent=1285"}],"wp:term":[{"taxonomy":"product_brand","embeddable":true,"href":"https:\/\/buying-fever.com\/da\/wp-json\/wp\/v2\/product_brand?post=1285"},{"taxonomy":"product_cat","embeddable":true,"href":"https:\/\/buying-fever.com\/da\/wp-json\/wp\/v2\/product_cat?post=1285"},{"taxonomy":"product_tag","embeddable":true,"href":"https:\/\/buying-fever.com\/da\/wp-json\/wp\/v2\/product_tag?post=1285"}],"curies":[{"name":"wp","href":"https:\/\/api.w.org\/{rel}","templated":true}]}}