{"id":1284,"date":"2023-08-20T21:19:44","date_gmt":"2023-08-20T21:19:44","guid":{"rendered":"https:\/\/snow-alligator-195314.hostingersite.com\/?post_type=product&#038;p=1284"},"modified":"2025-06-14T00:52:39","modified_gmt":"2025-06-13T22:52:39","slug":"boutons-de-communication-pour-chien","status":"publish","type":"product","link":"https:\/\/buying-fever.com\/da\/vare\/kommunikationsknapper-til-hunde\/","title":{"rendered":"Hundekommunikationsknapper"},"content":{"rendered":"<h2 style=\"text-align: center;\">Udtryk dig selv, vovse!<\/h2>\n<h2 style=\"text-align: center;\">Lad din hund fort\u00e6lle dig, hvad den vil have.<\/h2>\n<p>&nbsp;<\/p>\n<p>Giv din bedste ven en stemme med vores hundekommunikationsknapper. Disse knapper er specielt designet til at tillade mere intuitiv interaktion mellem dig og dit k\u00e6ledyr, og de er ideelle til harmonisk samliv.<\/p>\n<p>&nbsp;<\/p>\n<ul>\n<li><strong>Nem stemmeoptagelse<\/strong> : Takket v\u00e6re en indbygget mikrofon kan du optage ordet eller s\u00e6tningen efter eget valg for hver knap.<\/li>\n<li><strong>Genopladelig<\/strong> : Vi er de eneste p\u00e5 markedet, der tilbyder en fuldt genopladelig model. Sig farvel til batterier og hej til \u00f8kologi!<\/li>\n<li><strong>Robust og holdbar<\/strong> : Designet til at modst\u00e5 ut\u00e5lmodige poter og gentagne tryk. Vores knapper er bygget til at holde.<\/li>\n<li><strong>Ergonomisk design<\/strong> : Velegnet til poter i alle st\u00f8rrelser, fra Chihuahua til sch\u00e6ferhund.<\/li>\n<li><strong>Brugervenlighed<\/strong> : Knyt en handling til hver optaget knap, og se din hund udtrykke sig som aldrig f\u00f8r!<\/li>\n<\/ul>\n<h3><\/h3>\n<h3><strong>Fordele:<\/strong><\/h3>\n<p>&nbsp;<\/p>\n<ol>\n<li><strong>\u00d8kologisk<\/strong> : Reducer dit CO2-fodaftryk ved at v\u00e6lge en genopladelig model.<\/li>\n<li><strong>\u00d8konomisk<\/strong> : Ikke flere gentagne k\u00f8b af batterier. Spar penge i det lange l\u00f8b!<\/li>\n<li><strong>Forst\u00e6rket interaktivitet<\/strong> : Styrk dit b\u00e5nd til dit k\u00e6ledyr ved at forst\u00e5 dem bedre og reagere hurtigere p\u00e5 deres behov.<\/li>\n<\/ol>\n<blockquote><p>&nbsp;<\/p>\n<p style=\"text-align: center;\"><em>&quot;Jeg troede aldrig, Max kunne &quot;tale&quot; til mig. Det er fascinerende at se hvordan <\/em><\/p>\n<p style=\"text-align: center;\"><em>han forstod hurtigt, hvordan knapperne virkede. Nu &quot;fort\u00e6ller&quot; han mig, hvorn\u00e5r han er sulten, hvorn\u00e5r han <\/em><\/p>\n<p style=\"text-align: center;\"><em>\u00f8nsker at g\u00e5 ud eller bare n\u00e5r han vil spille \u00bb<\/em><\/p>\n<p style=\"text-align: center;\"><strong>Stephanie<\/strong><\/p>\n<p>&nbsp;<\/p>\n<p style=\"text-align: center;\"><em>&quot;Siden jeg brugte disse knapper med min hund, har vores kommunikation gjort det <\/em><\/p>\n<p style=\"text-align: center;\"><em>n\u00e5et et helt nyt niveau. Hun &quot;kalder&quot; mig til hendes g\u00e5ture og endda for hendes kram. <\/em><\/p>\n<p style=\"text-align: center;\"><em>Det er r\u00f8rende at se, hvor villig hun er til at udtrykke sig og <\/em><\/p>\n<p style=\"text-align: center;\"><em>hvor meget disse knapper har beriget vores daglige liv sammen&quot;<\/em><\/p>\n<p style=\"text-align: center;\"><strong>Isabelle<\/strong><\/p>\n<\/blockquote>\n<h3 style=\"text-align: center;\"><strong>Bestil i dag<\/strong> og tilbyde en ny<\/h3>\n<h3 style=\"text-align: center;\">dimension til dit forhold til din trofaste f\u00f8lgesvend!<\/h3>","protected":false},"excerpt":{"rendered":"<p>Exprimez-vous, toutou ! Permettez \u00e0 votre chien de vous dire ce qu&rsquo;il souhaite. &nbsp; Offrez une voix \u00e0 votre meilleur ami avec nos boutons de communication pour chien. Con\u00e7us sp\u00e9cialement pour permettre une interaction plus intuitive entre vous et votre animal de compagnie, ces boutons sont id\u00e9aux pour une cohabitation harmonieuse. &nbsp; Enregistrement Vocal Facile [&hellip;]<\/p>\n","protected":false},"featured_media":1287,"comment_status":"open","ping_status":"closed","template":"","meta":{"_seopress_robots_primary_cat":"none","_seopress_titles_title":"","_seopress_titles_desc":"","_seopress_robots_index":"","site-sidebar-layout":"default","site-content-layout":"default","ast-site-content-layout":"default","site-content-style":"default","site-sidebar-style":"default","ast-global-header-display":"","ast-banner-title-visibility":"","ast-main-header-display":"","ast-hfb-above-header-display":"","ast-hfb-below-header-display":"","ast-hfb-mobile-header-display":"","site-post-title":"","ast-breadcrumbs-content":"","ast-featured-img":"","footer-sml-layout":"","ast-disable-related-posts":"","theme-transparent-header-meta":"default","adv-header-id-meta":"","stick-header-meta":"default","header-above-stick-meta":"","header-main-stick-meta":"","header-below-stick-meta":"","astra-migrate-meta-layouts":"set","ast-page-background-enabled":"default","ast-page-background-meta":{"desktop":{"background-color":"","background-image":"","background-repeat":"repeat","background-position":"center center","background-size":"auto","background-attachment":"scroll","background-type":"","background-media":"","overlay-type":"","overlay-color":"","overlay-opacity":"","overlay-gradient":""},"tablet":{"background-color":"","background-image":"","background-repeat":"repeat","background-position":"center center","background-size":"auto","background-attachment":"scroll","background-type":"","background-media":"","overlay-type":"","overlay-color":"","overlay-opacity":"","overlay-gradient":""},"mobile":{"background-color":"","background-image":"","background-repeat":"repeat","background-position":"center center","background-size":"auto","background-attachment":"scroll","background-type":"","background-media":"","overlay-type":"","overlay-color":"","overlay-opacity":"","overlay-gradient":""}},"ast-content-background-meta":{"desktop":{"background-color":"var(--ast-global-color-5)","background-image":"","background-repeat":"repeat","background-position":"center center","background-size":"auto","background-attachment":"scroll","background-type":"","background-media":"","overlay-type":"","overlay-color":"","overlay-opacity":"","overlay-gradient":""},"tablet":{"background-color":"var(--ast-global-color-5)","background-image":"","background-repeat":"repeat","background-position":"center center","background-size":"auto","background-attachment":"scroll","background-type":"","background-media":"","overlay-type":"","overlay-color":"","overlay-opacity":"","overlay-gradient":""},"mobile":{"background-color":"var(--ast-global-color-5)","background-image":"","background-repeat":"repeat","background-position":"center center","background-size":"auto","background-attachment":"scroll","background-type":"","background-media":"","overlay-type":"","overlay-color":"","overlay-opacity":"","overlay-gradient":""}}},"product_brand":[],"product_cat":[83],"product_tag":[],"class_list":{"0":"post-1284","1":"product","2":"type-product","3":"status-publish","4":"has-post-thumbnail","6":"product_cat-animaux","7":"desktop-align-center","8":"tablet-align-center","9":"mobile-align-center","10":"ast-product-gallery-layout-horizontal","11":"ast-magnify-disabled","12":"ast-product-tabs-layout-horizontal","13":"ast-qv-on-image","15":"first","16":"outofstock","17":"shipping-taxable","18":"purchasable","19":"product-type-simple"},"bundled_by":[],"bundle_stock_status":"outofstock","bundle_stock_quantity":null,"bundle_virtual":false,"bundle_layout":"","bundle_add_to_cart_form_location":"","bundle_editable_in_cart":false,"bundle_sold_individually_context":"","bundle_item_grouping":"","bundle_min_size":"","bundle_max_size":"","bundle_price":[],"bundled_items":[],"bundle_sell_ids":[],"_links":{"self":[{"href":"https:\/\/buying-fever.com\/da\/wp-json\/wp\/v2\/product\/1284","targetHints":{"allow":["GET"]}}],"collection":[{"href":"https:\/\/buying-fever.com\/da\/wp-json\/wp\/v2\/product"}],"about":[{"href":"https:\/\/buying-fever.com\/da\/wp-json\/wp\/v2\/types\/product"}],"replies":[{"embeddable":true,"href":"https:\/\/buying-fever.com\/da\/wp-json\/wp\/v2\/comments?post=1284"}],"version-history":[{"count":0,"href":"https:\/\/buying-fever.com\/da\/wp-json\/wp\/v2\/product\/1284\/revisions"}],"wp:featuredmedia":[{"embeddable":true,"href":"https:\/\/buying-fever.com\/da\/wp-json\/wp\/v2\/media\/1287"}],"wp:attachment":[{"href":"https:\/\/buying-fever.com\/da\/wp-json\/wp\/v2\/media?parent=1284"}],"wp:term":[{"taxonomy":"product_brand","embeddable":true,"href":"https:\/\/buying-fever.com\/da\/wp-json\/wp\/v2\/product_brand?post=1284"},{"taxonomy":"product_cat","embeddable":true,"href":"https:\/\/buying-fever.com\/da\/wp-json\/wp\/v2\/product_cat?post=1284"},{"taxonomy":"product_tag","embeddable":true,"href":"https:\/\/buying-fever.com\/da\/wp-json\/wp\/v2\/product_tag?post=1284"}],"curies":[{"name":"wp","href":"https:\/\/api.w.org\/{rel}","templated":true}]}}