{"id":1218,"date":"2023-08-13T14:07:16","date_gmt":"2023-08-13T14:07:16","guid":{"rendered":"https:\/\/snow-alligator-195314.hostingersite.com\/?page_id=1218"},"modified":"2025-04-14T00:01:06","modified_gmt":"2025-04-13T22:01:06","slug":"politique-de-confidentialite","status":"publish","type":"page","link":"https:\/\/buying-fever.com\/da\/fortrolighedspolitik\/","title":{"rendered":"Fortrolighedspolitik"},"content":{"rendered":"<div data-elementor-type=\"wp-page\" data-elementor-id=\"1218\" class=\"elementor elementor-1218\" data-elementor-post-type=\"page\">\n\t\t\t\t<div class=\"elementor-element elementor-element-34f2b41 e-flex e-con-boxed e-con e-parent\" data-id=\"34f2b41\" data-element_type=\"container\" data-e-type=\"container\">\n\t\t\t\t\t<div class=\"e-con-inner\">\n\t\t\t\t<div class=\"elementor-element elementor-element-7d48753 elementor-widget elementor-widget-heading\" data-id=\"7d48753\" data-element_type=\"widget\" data-e-type=\"widget\" data-widget_type=\"heading.default\">\n\t\t\t\t<div class=\"elementor-widget-container\">\n\t\t\t\t\t<h1 class=\"elementor-heading-title elementor-size-default\">Fortrolighedspolitik <\/h1>\t\t\t\t<\/div>\n\t\t\t\t<\/div>\n\t\t\t\t<div class=\"elementor-element elementor-element-fd0adc1 elementor-widget elementor-widget-text-editor\" data-id=\"fd0adc1\" data-element_type=\"widget\" data-e-type=\"widget\" data-widget_type=\"text-editor.default\">\n\t\t\t\t<div class=\"elementor-widget-container\">\n\t\t\t\t\t\t\t\t\t<h2 style=\"caret-color: #000000; font-style: normal; text-transform: none; font-size: 2.235294rem; font-weight: 400; line-height: 1.3em;\">Hvem er vi ?<\/h2><p style=\"font-style: normal; font-size: 17px; margin-bottom: 0.5em; caret-color: #000000; color: #000000;\">Vores hjemmesideadresse er: https:\/\/snow-alligator-195314.hostingersite.com<\/p><p style=\"font-style: normal; font-size: 17px; margin-bottom: 0.5em; caret-color: #000000; color: #000000;\">Du kan kontakte os p\u00e5 f\u00f8lgende e-mailadresse: contact@snow-alligator-195314.hostingersite.com<\/p><h2 style=\"caret-color: #000000; font-style: normal; text-transform: none; font-size: 2.235294rem; font-weight: 400; line-height: 1.3em;\">Brug af indsamlede personlige data<\/h2><p style=\"font-style: normal; font-size: 17px; margin-bottom: 0.5em; caret-color: #000000; color: #000000;\">For enhver afgivet ordre eller oprettelse af konto, accepterer du at modtage tilbud og kampagner via e-mail og\/eller telefon.<\/p><h2 style=\"caret-color: #000000; font-style: normal; text-transform: none; font-size: 2.235294rem; font-weight: 400; line-height: 1.3em;\">Kommentarer<\/h2><p style=\"font-style: normal; font-size: 17px; margin-bottom: 0.5em; caret-color: #000000; color: #000000;\">N\u00e5r du efterlader en kommentar p\u00e5 vores hjemmeside, indsamles de data, der er indtastet i kommentarformularen, men ogs\u00e5 din IP-adresse og brugeragenten for din browser for at hj\u00e6lpe os med at opdage u\u00f8nskede kommentarer.<\/p><p style=\"font-style: normal; font-size: 17px; margin-bottom: 0.5em; caret-color: #000000; color: #000000;\">En anonymiseret streng oprettet fra din e-mailadresse (ogs\u00e5 kaldet en hash) kan sendes til Gravatar-tjenesten for at kontrollere, om du bruger den. Fortrolighedsbestemmelserne for Gravatar-tjenesten er tilg\u00e6ngelige her: https:\/\/automattic.com\/privacy\/. Efter validering af din kommentar vil dit profilbillede v\u00e6re offentligt synligt ved siden af din kommentar.<\/p><h2 style=\"caret-color: #000000; font-style: normal; text-transform: none; font-size: 2.235294rem; font-weight: 400; line-height: 1.3em;\">Medier<\/h2><p style=\"font-style: normal; font-size: 17px; margin-bottom: 0.5em; caret-color: #000000; color: #000000;\">Hvis du er en registreret bruger og uploader billeder til hjemmesiden, r\u00e5der vi dig til at undg\u00e5 at uploade billeder, der indeholder EXIF-GPS-koordinatdata. Bes\u00f8gende p\u00e5 dit websted kan downloade og udtr\u00e6kke placeringsdata fra disse billeder.<\/p><h2 style=\"caret-color: #000000; font-style: normal; text-transform: none; font-size: 2.235294rem; font-weight: 400; line-height: 1.3em;\">Kontaktformularer<\/h2><p style=\"font-style: normal; font-size: 17px; margin-bottom: 0.5em; caret-color: #000000; color: #000000;\">For at kontakte os, bedes du skrive til os p\u00e5 contact@snow-alligator-195314.hostingersite.com<\/p><h2 style=\"caret-color: #000000; font-style: normal; text-transform: none; font-size: 2.235294rem; font-weight: 400; line-height: 1.3em;\">Cookies<\/h2><p style=\"font-style: normal; font-size: 17px; margin-bottom: 0.5em; caret-color: #000000; color: #000000;\">Hvis du efterlader en kommentar p\u00e5 vores side, kan du gemme dit navn, din e-mailadresse og din hjemmeside i cookies. Dette er kun for din bekvemmelighed, s\u00e5 du ikke beh\u00f8ver at udfylde disse oplysninger, hvis du l\u00e6gger en anden kommentar senere. Disse cookies udl\u00f8ber efter et \u00e5r.<\/p><p style=\"font-style: normal; font-size: 17px; margin-bottom: 0.5em; caret-color: #000000; color: #000000;\">Hvis du g\u00e5r til login-siden, vil der blive oprettet en midlertidig cookie for at afg\u00f8re, om din browser accepterer cookies. Den indeholder ikke personlige data og slettes automatisk, n\u00e5r du lukker din browser.<\/p><p style=\"font-style: normal; font-size: 17px; margin-bottom: 0.5em; caret-color: #000000; color: #000000;\">N\u00e5r du logger ind, s\u00e6tter vi en r\u00e6kke cookies for at gemme dine loginoplysninger og sk\u00e6rmpr\u00e6ferencer. Levetiden for en forbindelses-cookie er to dage, og en sk\u00e6rmoptionscookie er et \u00e5r. Hvis du markerer &quot;Husk mig&quot;, vil din login-cookie blive opbevaret i to uger. Hvis du logger ud af din konto, vil login-cookien blive slettet.<\/p><p style=\"font-style: normal; font-size: 17px; margin-bottom: 0.5em; caret-color: #000000; color: #000000;\">Ved at redigere eller udgive et opslag, vil en ekstra cookie blive gemt i din browser. Denne cookie indeholder ingen personlige data. Det viser blot ID&#039;et for det indl\u00e6g, du lige har redigeret. Den udl\u00f8ber efter en dag.<\/p><h2 style=\"caret-color: #000000; font-style: normal; text-transform: none; font-size: 2.235294rem; font-weight: 400; line-height: 1.3em;\">Indhold indlejret fra andre websteder<\/h2><p style=\"font-style: normal; font-size: 17px; margin-bottom: 0.5em; caret-color: #000000; color: #000000;\">Artikler p\u00e5 dette websted kan indeholde indlejret indhold (f.eks. videoer, billeder, artikler osv.). Indhold, der er indlejret fra andre websteder, opf\u00f8rer sig p\u00e5 samme m\u00e5de, som hvis den bes\u00f8gende gik til det andet websted.<\/p><p style=\"font-style: normal; font-size: 17px; margin-bottom: 0.5em; caret-color: #000000; color: #000000;\">Disse websteder kan indsamle data om dig, bruge cookies, integrere tredjeparts sporingsv\u00e6rkt\u00f8jer, spore dine interaktioner med dette indlejrede indhold, hvis du har en konto forbundet til deres websted.<\/p><h2 style=\"caret-color: #000000; font-style: normal; text-transform: none; font-size: 2.235294rem; font-weight: 400; line-height: 1.3em;\">Publikumsstatistikker og m\u00e5linger<\/h2><p style=\"font-style: normal; font-size: 17px; margin-bottom: 0.5em; caret-color: #000000; color: #000000;\">Vi bruger teknologier, s\u00e5som cookies, til at tilpasse indhold og annoncering, levere funktioner til sociale medier og analysere trafik p\u00e5 webstedet. Vi deler oplysninger om din brug af webstedet med vores betroede sociale medier, reklame- og analysepartnere.<\/p><p style=\"font-style: normal; font-size: 17px; margin-bottom: 0.5em; caret-color: #000000; color: #000000;\">For at m\u00e5le visse statistikker knyttet til forskellige kunderejser, bruger vi Google Analytics, du kan konsultere deres privatlivspolitik p\u00e5 f\u00f8lgende adresse:\u00a0<a style=\"color: #f94b71;\" href=\"https:\/\/policies.google.com\/privacy?hl=fr\">https:\/\/policies.google.com\/privacy?hl=fr<\/a>\u00a0.<\/p><p style=\"font-style: normal; font-size: 17px; margin-bottom: 0.5em; caret-color: #000000; color: #000000;\">Vi bruger ogs\u00e5 Facebook-pixel, du kan konsultere deres privatlivspolitik p\u00e5 f\u00f8lgende adresse:\u00a0<a style=\"color: #f94b71;\" href=\"https:\/\/www.facebook.com\/payments_terms\/privacy\">https:\/\/www.facebook.com\/payments_terms\/privacy\u00a0<\/a><\/p><h2 style=\"caret-color: #000000; font-style: normal; text-transform: none; font-size: 2.235294rem; font-weight: 400; line-height: 1.3em;\">Lagringstider for dine data<\/h2><p style=\"font-style: normal; font-size: 17px; margin-bottom: 0.5em; caret-color: #000000; color: #000000;\">Hvis du l\u00e6gger en kommentar, bevares kommentaren og dens metadata p\u00e5 ubestemt tid. Dette g\u00f8r det muligt automatisk at genkende og godkende efterf\u00f8lgende kommentarer i stedet for at efterlade dem i moderationsk\u00f8en.<\/p><p style=\"font-style: normal; font-size: 17px; margin-bottom: 0.5em; caret-color: #000000; color: #000000;\">For brugere, der registrerer sig p\u00e5 vores side (hvis muligt), gemmer vi ogs\u00e5 de personlige data, der er angivet i deres profil. Alle brugere kan se, \u00e6ndre eller slette deres personlige oplysninger til enhver tid (undtagen deres brugernavn). Webstedsadministratorer kan ogs\u00e5 se og \u00e6ndre disse oplysninger.<\/p><h2 style=\"caret-color: #000000; font-style: normal; text-transform: none; font-size: 2.235294rem; font-weight: 400; line-height: 1.3em;\">De rettigheder du har over dine data<\/h2><p style=\"font-style: normal; font-size: 17px; margin-bottom: 0.5em; caret-color: #000000; color: #000000;\">Hvis du har en konto eller har efterladt kommentarer p\u00e5 siden, kan du anmode om at modtage en fil, der indeholder alle de personlige data, vi har om dig, herunder dem, du har givet os. Du kan ogs\u00e5 anmode om sletning af personoplysninger om dig. Dette tager ikke hensyn til data gemt til administrative, juridiske eller sikkerhedsm\u00e6ssige form\u00e5l.<\/p><h2 style=\"caret-color: #000000; font-style: normal; text-transform: none; font-size: 2.235294rem; font-weight: 400; line-height: 1.3em;\">Overf\u00f8rsel af dine personlige data<\/h2><p style=\"font-style: normal; font-size: 17px; margin-bottom: 0.5em; caret-color: #000000; color: #000000;\">Bes\u00f8gendes kommentarer kan kontrolleres ved hj\u00e6lp af en automatisk spamkommentardetektionstjeneste.<\/p><h2 style=\"caret-color: #000000; font-style: normal; text-transform: none; font-size: 2.235294rem; font-weight: 400; line-height: 1.3em;\">Hvad vi indsamler og opbevarer<\/h2><p style=\"font-style: normal; font-size: 17px; margin-bottom: 0.5em; caret-color: #000000; color: #000000;\">Under dit bes\u00f8g p\u00e5 siden sporer vi:<\/p><ul style=\"font-style: normal; font-size: 17px; list-style-position: outside; list-style-type: disc; caret-color: #000000; color: #000000;\"><li style=\"font-size: 17px;\">Produkter, du har set: Vi bruger dem til for eksempel at vise produkter, du for nylig har set<\/li><li style=\"font-size: 17px;\">Placering, IP-adresse og browsertype: vi bruger dem til at estimere skatter og leveringsomkostninger<\/li><li style=\"font-size: 17px;\">Leveringsadresse: vi vil bede dig om at indtaste den for at estimere leveringsomkostningerne, f\u00f8r du afgiver ordren, og for at sende ordren til dig!<\/li><\/ul><p style=\"font-style: normal; font-size: 17px; margin-bottom: 0.5em; caret-color: #000000; color: #000000;\">Vi bruger cookies til at spore indk\u00f8bskurvens indhold, mens du navigerer p\u00e5 vores side.<\/p><p style=\"font-style: normal; font-size: 17px; margin-bottom: 0.5em; caret-color: #000000; color: #000000;\">N\u00e5r du k\u00f8ber fra vores hjemmeside, vil vi bede dig om at give oplysninger, herunder dit navn, faktureringsadresse, leveringsadresse, e-mailadresse, telefonnummer, betalings-\/kreditkortoplysninger og muligvis kontooplysninger s\u00e5som brugernavn og adgangskode. Disse oplysninger vil blive brugt til at:<\/p><ul style=\"font-style: normal; font-size: 17px; list-style-position: outside; list-style-type: disc; caret-color: #000000; color: #000000;\"><li style=\"font-size: 17px;\">Sender oplysninger om din konto og ordre<\/li><li style=\"font-size: 17px;\">Besvare anmodninger, herunder refusioner og klager<\/li><li style=\"font-size: 17px;\">Betalingsbehandling og forebyggelse af svindel<\/li><li style=\"font-size: 17px;\">Opret din konto til vores butik<\/li><li style=\"font-size: 17px;\">Overhold eventuelle juridiske forpligtelser, s\u00e5som beregning af skatter<\/li><li style=\"font-size: 17px;\">Forbedre vores butikstilbud<\/li><li style=\"font-size: 17px;\">Send dig marketingbeskeder, hvis du v\u00e6lger at modtage dem<\/li><\/ul><p style=\"font-style: normal; font-size: 17px; margin-bottom: 0.5em; caret-color: #000000; color: #000000;\">Hvis du opretter en konto, gemmer vi dit navn, adresse, e-mail og telefonnummer, som vil blive brugt til at forududfylde ordrevalidering for fremtidige ordrer.<\/p><p style=\"font-style: normal; font-size: 17px; margin-bottom: 0.5em; caret-color: #000000; color: #000000;\">Nous stockons g\u00e9n\u00e9ralement vos informations aussi longtemps que nous en avons besoin pour l\u2019usage pour lequel nous les collectons et utilisons, et nous ne sommes pas oblig\u00e9s l\u00e9galement de conitnuer \u00e0 les conserver. Par exemple, nous stockons les informations de commande pour 2 ann\u00e9es pour les taxes et la comptabilit\u00e9. Ceci inclut votre nom, adresse de messagerie et adresses de facturation et livraison.<\/p><p style=\"font-style: normal; font-size: 17px; margin-bottom: 0.5em; caret-color: #000000; color: #000000;\">Vi gemmer ogs\u00e5 kommentarer eller anmeldelser, hvis du v\u00e6lger at sende dem.<\/p><h2 style=\"caret-color: #000000; font-style: normal; text-transform: none; font-size: 2.235294rem; font-weight: 400; line-height: 1.3em;\">Hvem p\u00e5 vores team har adgang til dataene<\/h2><p style=\"font-style: normal; font-size: 17px; margin-bottom: 0.5em; caret-color: #000000; color: #000000;\">Vores teammedlemmer har adgang til de oplysninger, du giver os. For eksempel har butiksadministratorer og -administratorer adgang til:<\/p><ul style=\"font-style: normal; font-size: 17px; list-style-position: outside; list-style-type: disc; caret-color: #000000; color: #000000;\"><li style=\"font-size: 17px;\">Bestillingsoplysninger s\u00e5som hvad der er k\u00f8bt, hvorn\u00e5r og hvor det skal sendes, og<\/li><li style=\"font-size: 17px;\">Kundeoplysninger s\u00e5som dit navn, e-mailadresse og fakturerings- og forsendelsesoplysninger.<\/li><\/ul><p style=\"font-style: normal; font-size: 17px; margin-bottom: 0.5em; caret-color: #000000; color: #000000;\">Vores team har adgang til disse oplysninger til at behandle ordrer, udstede refusioner og st\u00f8tte dig.<\/p><h2 style=\"caret-color: #000000; font-style: normal; text-transform: none; font-size: 2.235294rem; font-weight: 400; line-height: 1.3em;\">Hvad vi deler med andre<\/h2><p style=\"font-style: normal; font-size: 17px; margin-bottom: 0.5em; caret-color: #000000; color: #000000;\">Vi deler data med tredjeparter, som hj\u00e6lper os med at administrere vores ordrer og butikstjenester; Stripe som er en kreditkort betalingsservice og PayPal som er en betalingsgateway.<\/p><h3 style=\"caret-color: #000000; font-style: normal; font-size: 1.764706rem; font-weight: 400; line-height: 1.3em;\">Betalinger<\/h3><p style=\"font-style: normal; font-size: 17px; margin-bottom: 0.5em; caret-color: #000000; color: #000000;\">Vi accepterer betalinger med PayPal og Stripe. Ved behandling af betalinger vil visse data blive overf\u00f8rt til PayPal eller Stripe, herunder oplysninger, der kr\u00e6ves for at gennemf\u00f8re betalingen, s\u00e5som det samlede bel\u00f8b eller faktureringsoplysninger.<\/p><p style=\"font-style: normal; font-size: 17px; margin-bottom: 0.5em; caret-color: #000000; color: #000000;\">L\u00e6s venligst\u00a0<a style=\"color: #f94b71;\" href=\"https:\/\/www.paypal.com\/us\/webapps\/mpp\/ua\/privacy-full\">PayPals privatlivspolitik<\/a>\u00a0for flere detaljer.<\/p><p style=\"font-style: normal; font-size: 17px; margin-bottom: 0.5em; caret-color: #000000; color: #000000;\">L\u00e6s venligst\u00a0<a style=\"color: #f94b71;\" href=\"https:\/\/stripe.com\/fr\/privacy\">Stripes privatlivspolitik<\/a>\u00a0for flere detaljer.<\/p>\t\t\t\t\t\t\t\t<\/div>\n\t\t\t\t<\/div>\n\t\t\t\t\t<\/div>\n\t\t\t\t<\/div>\n\t\t\t\t<\/div>","protected":false},"excerpt":{"rendered":"<p>Politique de Confidentialit\u00e9 Qui sommes-nous\u00a0? L\u2019adresse de notre site Web est : https:\/\/snow-alligator-195314.hostingersite.com Vous pouvez nous contacter \u00e0 l\u2019adresse email suivante : contact@snow-alligator-195314.hostingersite.com Utilisation des donn\u00e9es personnelles collect\u00e9es Pour toute commande effectu\u00e9e ou toute cr\u00e9ation de compte, vous acceptez de recevoir des offres et promotions par email et\/ou par t\u00e9l\u00e9phone. Commentaires Quand vous laissez un [&hellip;]<\/p>\n","protected":false},"author":1,"featured_media":0,"parent":0,"menu_order":0,"comment_status":"closed","ping_status":"closed","template":"","meta":{"_seopress_robots_primary_cat":"","_seopress_titles_title":"","_seopress_titles_desc":"","_seopress_robots_index":"","site-sidebar-layout":"no-sidebar","site-content-layout":"page-builder","ast-site-content-layout":"default","site-content-style":"default","site-sidebar-style":"default","ast-global-header-display":"","ast-banner-title-visibility":"","ast-main-header-display":"","ast-hfb-above-header-display":"","ast-hfb-below-header-display":"","ast-hfb-mobile-header-display":"","site-post-title":"disabled","ast-breadcrumbs-content":"","ast-featured-img":"disabled","footer-sml-layout":"","ast-disable-related-posts":"","theme-transparent-header-meta":"","adv-header-id-meta":"","stick-header-meta":"","header-above-stick-meta":"","header-main-stick-meta":"","header-below-stick-meta":"","astra-migrate-meta-layouts":"default","ast-page-background-enabled":"default","ast-page-background-meta":{"desktop":{"background-color":"","background-image":"","background-repeat":"repeat","background-position":"center center","background-size":"auto","background-attachment":"scroll","background-type":"","background-media":"","overlay-type":"","overlay-color":"","overlay-opacity":"","overlay-gradient":""},"tablet":{"background-color":"","background-image":"","background-repeat":"repeat","background-position":"center center","background-size":"auto","background-attachment":"scroll","background-type":"","background-media":"","overlay-type":"","overlay-color":"","overlay-opacity":"","overlay-gradient":""},"mobile":{"background-color":"","background-image":"","background-repeat":"repeat","background-position":"center center","background-size":"auto","background-attachment":"scroll","background-type":"","background-media":"","overlay-type":"","overlay-color":"","overlay-opacity":"","overlay-gradient":""}},"ast-content-background-meta":{"desktop":{"background-color":"var(--ast-global-color-5)","background-image":"","background-repeat":"repeat","background-position":"center center","background-size":"auto","background-attachment":"scroll","background-type":"","background-media":"","overlay-type":"","overlay-color":"","overlay-opacity":"","overlay-gradient":""},"tablet":{"background-color":"var(--ast-global-color-5)","background-image":"","background-repeat":"repeat","background-position":"center center","background-size":"auto","background-attachment":"scroll","background-type":"","background-media":"","overlay-type":"","overlay-color":"","overlay-opacity":"","overlay-gradient":""},"mobile":{"background-color":"var(--ast-global-color-5)","background-image":"","background-repeat":"repeat","background-position":"center center","background-size":"auto","background-attachment":"scroll","background-type":"","background-media":"","overlay-type":"","overlay-color":"","overlay-opacity":"","overlay-gradient":""}},"footnotes":""},"class_list":["post-1218","page","type-page","status-publish","hentry"],"_links":{"self":[{"href":"https:\/\/buying-fever.com\/da\/wp-json\/wp\/v2\/pages\/1218","targetHints":{"allow":["GET"]}}],"collection":[{"href":"https:\/\/buying-fever.com\/da\/wp-json\/wp\/v2\/pages"}],"about":[{"href":"https:\/\/buying-fever.com\/da\/wp-json\/wp\/v2\/types\/page"}],"author":[{"embeddable":true,"href":"https:\/\/buying-fever.com\/da\/wp-json\/wp\/v2\/users\/1"}],"replies":[{"embeddable":true,"href":"https:\/\/buying-fever.com\/da\/wp-json\/wp\/v2\/comments?post=1218"}],"version-history":[{"count":0,"href":"https:\/\/buying-fever.com\/da\/wp-json\/wp\/v2\/pages\/1218\/revisions"}],"wp:attachment":[{"href":"https:\/\/buying-fever.com\/da\/wp-json\/wp\/v2\/media?parent=1218"}],"curies":[{"name":"wp","href":"https:\/\/api.w.org\/{rel}","templated":true}]}}