{"id":1488,"date":"2023-09-05T11:01:10","date_gmt":"2023-09-05T11:01:10","guid":{"rendered":"https:\/\/snow-alligator-195314.hostingersite.com\/?post_type=product&#038;p=1488"},"modified":"2025-06-14T00:52:38","modified_gmt":"2025-06-13T22:52:38","slug":"masseur-xtreme","status":"publish","type":"product","link":"https:\/\/buying-fever.com\/cs\/produkt\/xtreme-maser\/","title":{"rendered":"Xtreme Massager \u2013 hlava a t\u011blo"},"content":{"rendered":"<p style=\"text-align: center;\"><strong>Objevte multifunk\u010dn\u00ed elektrick\u00fd mas\u00e1\u017en\u00ed p\u0159\u00edstroj hlavy a t\u011bla: Va\u0161i o\u00e1zu ka\u017edodenn\u00ed relaxace!<\/strong><\/p>\n<p>&nbsp;<\/p>\n<p>C\u00edt\u00edte se neust\u00e1le unaven\u00ed? M\u00e1te napjat\u00fd krk a t\u011b\u017ek\u00e1 ramena, jako byste nesl t\u00edhu sv\u011bta?<\/p>\n<p>P\u0159edstavte si na chv\u00edli, \u017ee m\u016f\u017eete <strong>uvolnit v\u0161echno to nap\u011bt\u00ed<\/strong> za p\u00e1r minut, <strong>a\u0165 jste kdekoli a kdykoli chcete<\/strong>. Nen\u00ed to sen, je to realita, kterou v\u00e1m n\u00e1\u0161 Xtreme Masseur nab\u00edz\u00ed!<\/p>\n<p>&nbsp;<\/p>\n<h2><img decoding=\"async\" class=\"detail-desc-decorate-image aligncenter\" src=\"https:\/\/ae01.alicdn.com\/kf\/S14eb127e1de1471ba69b882eb72416dai.jpg\" \/><\/h2>\n<h2><\/h2>\n<h2><strong>Kl\u00ed\u010dov\u00e9 body<\/strong><\/h2>\n<p>&nbsp;<\/p>\n<p>\ud83d\udc4c <strong>Multifunk\u010dn\u00ed dle p\u0159\u00e1n\u00ed:<\/strong> Nen\u00ed to omezeno na va\u0161i poko\u017eku hlavy! M\u016f\u017eete jej tak\u00e9 pou\u017e\u00edt k mas\u00e1\u017ei ramen, krku, zad, pa\u017e\u00ed, nohou a dokonce i pasu. Oh, a nezapome\u0148me na va\u0161i ko\u010dku!<\/p>\n<p>\ud83e\udd16 <strong>Pokro\u010dil\u00e1 simula\u010dn\u00ed technologie:<\/strong> D\u00edky vysokofrekven\u010dn\u00edm vibrac\u00edm a jemn\u00e9mu kol\u00eds\u00e1n\u00ed intenzity se uvoln\u011bte, zapome\u0148te na \u00fanavu a p\u0159iv\u00edtejte lep\u0161\u00ed kvalitu sp\u00e1nku.<\/p>\n<p>\ud83d\udd04 <strong>6 technik a 3 re\u017eimy mas\u00e1\u017ee:<\/strong> Vyberte si mezi n\u00edzkou rychlost\u00ed p\u0159idr\u017een\u00ed a hn\u011bten\u00ed, st\u0159edn\u00ed rychlost\u00ed mas\u00e1\u017ee nebo vysokou rychlost\u00ed p\u0159idr\u017een\u00edm a hn\u011bten\u00edm. \u0158e\u0161en\u00ed pro ka\u017ed\u00e9ho!<\/p>\n<p>\ud83d\udca6 <strong>IPX7 vod\u011bodoln\u00fd:<\/strong> Dop\u0159ejte si relaxa\u010dn\u00ed koupel a vychutnejte si v\u00fdjime\u010dnou mas\u00e1\u017e hlavy.<\/p>\n<p>\ud83c\udf40 <strong>Materi\u00e1ly \u0161etrn\u00e9 k poko\u017ece:<\/strong> Tento mas\u00e1\u017en\u00ed p\u0159\u00edstroj vyroben\u00fd z vysoce kvalitn\u00edho silikonu se o v\u00e1s postar\u00e1, ani\u017e by dr\u00e1\u017edil va\u0161i poko\u017eku.<\/p>\n<p>\ud83d\udd0b <strong>Roz\u0161\u00ed\u0159en\u00e1 autonomie:<\/strong> Na jedno nabit\u00ed z\u00edsk\u00e1te a\u017e 24 dn\u00ed 10minutov\u00e9ho ka\u017edodenn\u00edho pou\u017e\u00edv\u00e1n\u00ed.<\/p>\n<p>\ud83d\udc5c <strong>Kompaktn\u00ed form\u00e1t:<\/strong> Snadno se p\u0159en\u00e1\u0161\u00ed a je va\u0161\u00edm ide\u00e1ln\u00edm spole\u010dn\u00edkem v pr\u00e1ci, na slu\u017eebn\u00edch cest\u00e1ch nebo na dovolen\u00e9.<\/p>\n<p>&nbsp;<\/p>\n<p><img fetchpriority=\"high\" decoding=\"async\" class=\"wp-image-2215 size-full aligncenter\" src=\"https:\/\/buying-fever.com\/wp-content\/uploads\/2023\/09\/masseur-chat.gif\" alt=\"xtreme mas\u00e1\u017e hlavy a t\u011bla\" width=\"440\" height=\"580\" \/><\/p>\n<h2 style=\"text-align: center;\"><strong>Pro\u010d se ji\u017e bez mas\u00e1\u017en\u00edho p\u0159\u00edstroje Xtreme neobejdete?<\/strong><\/h2>\n<p>&nbsp;<\/p>\n<p>Kdy\u017e mluv\u00edme o blahobytu, m\u00e1me na mysli obchod. <strong>Prom\u011b\u0148te ka\u017ed\u00fd okam\u017eik v nezapomenutelnou relaxaci<\/strong>. Je to v\u00edc ne\u017e jen mas\u00e1\u017en\u00ed p\u0159\u00edstroj, je to a <strong>skute\u010dn\u00fd zdravotn\u00ed a wellness z\u00e1\u017eitek na dosah ruky<\/strong>.<\/p>\n<p>&nbsp;<\/p>\n<p><img decoding=\"async\" class=\"detail-desc-decorate-image aligncenter\" src=\"https:\/\/ae01.alicdn.com\/kf\/S613367f448474eceb14db54410d8ff7fL.jpg\" width=\"750\" height=\"750\" \/><\/p>\n<p><span style=\"font-family: OpenSans; font-size: 20px; font-weight: 900;\">Funkce :<\/span><\/p>\n<div class=\"detailmodule_html\">\n<div class=\"detail-desc-decorate-richtext\">\n<div class=\"detailmodule_text\">\n<p>Materi\u00e1l: ABS + PC<br \/>\nb\u00edl\u00e1 barva<br \/>\nVelikost: 10<em>7<\/em>9CM<br \/>\nKapacita baterie: 1100mAh<br \/>\nV\u00fdkon produktu: 5W<br \/>\nNab\u00edjec\u00ed nap\u011bt\u00ed: 5V<br \/>\nNab\u00edjec\u00ed proud: 1A<\/p>\n<hr \/>\n<p>Seznam zahrnut\u00fdch polo\u017eek:<\/p>\n<p>1* Xtreme mas\u00e1\u017en\u00ed p\u0159\u00edstroj<br \/>\n1* USB nab\u00edjec\u00ed kabel<br \/>\n1* U\u017eivatelsk\u00e1 p\u0159\u00edru\u010dka<\/p>\n<\/div>\n<div class=\"detailmodule_image\"><\/div>\n<\/div>\n<\/div>","protected":false},"excerpt":{"rendered":"<p>D\u00e9couvrez le Masseur Multifonction \u00c9lectrique pour T\u00eate et Corps : Votre Oasis de Relaxation Quotidienne ! &nbsp; Vous sentez-vous constamment fatigu\u00e9 ? Votre nuque est-elle tendue et vos \u00e9paules sont-elles lourdes comme si vous portiez le poids du monde ? Imaginez un instant pouvoir rel\u00e2cher toute cette tension en quelques minutes, o\u00f9 que vous soyez [&hellip;]<\/p>\n","protected":false},"featured_media":1482,"comment_status":"open","ping_status":"closed","template":"","meta":{"_seopress_robots_primary_cat":"none","_seopress_titles_title":"","_seopress_titles_desc":"","_seopress_robots_index":"","site-sidebar-layout":"default","site-content-layout":"","ast-site-content-layout":"default","site-content-style":"default","site-sidebar-style":"default","ast-global-header-display":"","ast-banner-title-visibility":"","ast-main-header-display":"","ast-hfb-above-header-display":"","ast-hfb-below-header-display":"","ast-hfb-mobile-header-display":"","site-post-title":"","ast-breadcrumbs-content":"","ast-featured-img":"","footer-sml-layout":"","ast-disable-related-posts":"","theme-transparent-header-meta":"default","adv-header-id-meta":"","stick-header-meta":"default","header-above-stick-meta":"","header-main-stick-meta":"","header-below-stick-meta":"","astra-migrate-meta-layouts":"set","ast-page-background-enabled":"default","ast-page-background-meta":{"desktop":{"background-color":"","background-image":"","background-repeat":"repeat","background-position":"center center","background-size":"auto","background-attachment":"scroll","background-type":"","background-media":"","overlay-type":"","overlay-color":"","overlay-opacity":"","overlay-gradient":""},"tablet":{"background-color":"","background-image":"","background-repeat":"repeat","background-position":"center center","background-size":"auto","background-attachment":"scroll","background-type":"","background-media":"","overlay-type":"","overlay-color":"","overlay-opacity":"","overlay-gradient":""},"mobile":{"background-color":"","background-image":"","background-repeat":"repeat","background-position":"center center","background-size":"auto","background-attachment":"scroll","background-type":"","background-media":"","overlay-type":"","overlay-color":"","overlay-opacity":"","overlay-gradient":""}},"ast-content-background-meta":{"desktop":{"background-color":"var(--ast-global-color-5)","background-image":"","background-repeat":"repeat","background-position":"center center","background-size":"auto","background-attachment":"scroll","background-type":"","background-media":"","overlay-type":"","overlay-color":"","overlay-opacity":"","overlay-gradient":""},"tablet":{"background-color":"var(--ast-global-color-5)","background-image":"","background-repeat":"repeat","background-position":"center center","background-size":"auto","background-attachment":"scroll","background-type":"","background-media":"","overlay-type":"","overlay-color":"","overlay-opacity":"","overlay-gradient":""},"mobile":{"background-color":"var(--ast-global-color-5)","background-image":"","background-repeat":"repeat","background-position":"center center","background-size":"auto","background-attachment":"scroll","background-type":"","background-media":"","overlay-type":"","overlay-color":"","overlay-opacity":"","overlay-gradient":""}}},"product_brand":[],"product_cat":[83,82],"product_tag":[],"class_list":{"0":"post-1488","1":"product","2":"type-product","3":"status-publish","4":"has-post-thumbnail","6":"product_cat-animaux","7":"product_cat-electronique","8":"desktop-align-center","9":"tablet-align-center","10":"mobile-align-center","11":"ast-product-gallery-layout-horizontal","12":"ast-magnify-disabled","13":"ast-product-tabs-layout-horizontal","14":"ast-qv-on-image","16":"first","17":"instock","18":"shipping-taxable","19":"purchasable","20":"product-type-simple"},"bundled_by":[],"bundle_stock_status":"instock","bundle_stock_quantity":null,"bundle_virtual":false,"bundle_layout":"","bundle_add_to_cart_form_location":"","bundle_editable_in_cart":false,"bundle_sold_individually_context":"","bundle_item_grouping":"","bundle_min_size":"","bundle_max_size":"","bundle_price":[],"bundled_items":[],"bundle_sell_ids":[],"_links":{"self":[{"href":"https:\/\/buying-fever.com\/cs\/wp-json\/wp\/v2\/product\/1488","targetHints":{"allow":["GET"]}}],"collection":[{"href":"https:\/\/buying-fever.com\/cs\/wp-json\/wp\/v2\/product"}],"about":[{"href":"https:\/\/buying-fever.com\/cs\/wp-json\/wp\/v2\/types\/product"}],"replies":[{"embeddable":true,"href":"https:\/\/buying-fever.com\/cs\/wp-json\/wp\/v2\/comments?post=1488"}],"version-history":[{"count":0,"href":"https:\/\/buying-fever.com\/cs\/wp-json\/wp\/v2\/product\/1488\/revisions"}],"wp:featuredmedia":[{"embeddable":true,"href":"https:\/\/buying-fever.com\/cs\/wp-json\/wp\/v2\/media\/1482"}],"wp:attachment":[{"href":"https:\/\/buying-fever.com\/cs\/wp-json\/wp\/v2\/media?parent=1488"}],"wp:term":[{"taxonomy":"product_brand","embeddable":true,"href":"https:\/\/buying-fever.com\/cs\/wp-json\/wp\/v2\/product_brand?post=1488"},{"taxonomy":"product_cat","embeddable":true,"href":"https:\/\/buying-fever.com\/cs\/wp-json\/wp\/v2\/product_cat?post=1488"},{"taxonomy":"product_tag","embeddable":true,"href":"https:\/\/buying-fever.com\/cs\/wp-json\/wp\/v2\/product_tag?post=1488"}],"curies":[{"name":"wp","href":"https:\/\/api.w.org\/{rel}","templated":true}]}}