{"id":1366,"date":"2023-08-20T22:24:58","date_gmt":"2023-08-20T22:24:58","guid":{"rendered":"https:\/\/snow-alligator-195314.hostingersite.com\/produit\/sweat-pour-levier-de-vitesse\/"},"modified":"2025-06-14T00:53:00","modified_gmt":"2025-06-13T22:53:00","slug":"sweat-pour-levier-de-vitesse","status":"publish","type":"product","link":"https:\/\/buying-fever.com\/cs\/produkt\/mikina-razeni\/","title":{"rendered":"Mikina s kapuc\u00ed Shifter"},"content":{"rendered":"<h2 style=\"text-align: center;\">Produkt, o kter\u00e9m jste nev\u011bd\u011bli, \u017ee jej pot\u0159ebujete!<\/h2>\n<p>&nbsp;<\/p>\n<p>Nejlep\u0161\u00ed zp\u016fsob, jak dodat sv\u00e9mu vozu osobitost. Va\u0161e auto je v\u00edc ne\u017e jen dopravn\u00ed prost\u0159edek, je to roz\u0161\u00ed\u0159en\u00ed va\u0161\u00ed osobnosti.<\/p>\n<p>Pro\u010d se tedy spokojit s nudn\u00fdm \u0159azen\u00edm, kdy\u017e ho m\u016f\u017eete m\u00edt <strong>Mikina s kapuc\u00ed Shifter<\/strong> z\u00e1bavn\u00e9 a pohodln\u00e9?<\/p>\n<p>Je to perfektn\u00ed dopln\u011bk pro ka\u017ed\u00e9ho, kdo chce sv\u00e9mu vozu dodat trochu osobitosti a pohodl\u00ed.<\/p>\n<p><img fetchpriority=\"high\" decoding=\"async\" class=\"aligncenter wp-image-1376 size-full\" src=\"https:\/\/buying-fever.com\/wp-content\/uploads\/2023\/08\/567e0a64112c810913fa65e59a096afe64f470e3.gif\" alt=\"mikina \u0159azen\u00ed\" width=\"270\" height=\"480\" \/><\/p>\n<p>&nbsp;<\/p>\n<h2>Univerz\u00e1ln\u00ed st\u0159ih<\/h2>\n<div data-slot-rendered-content=\"true\">Na\u0161e kryty \u0159azen\u00ed jsou navr\u017eeny tak, aby pasovaly na v\u011bt\u0161inu \u0159azen\u00ed 10-13 na v\u00fd\u0161ku (celkov\u00e1 v\u00fd\u0161ka). Lze je pou\u017e\u00edt ve vozidlech s manu\u00e1ln\u00ed i automatickou p\u0159evodovkou.<\/div>\n<div data-slot-rendered-content=\"true\"><img decoding=\"async\" class=\"aligncenter\" src=\"https:\/\/ae01.alicdn.com\/kf\/S8e40c92fb7e24a738f0bc94485edd429q.jpg?width=1000&amp;height=380&amp;hash=1380\" alt=\"\" width=\"861\" height=\"327\" \/><\/div>\n<div data-slot-rendered-content=\"true\">\n<h2><\/h2>\n<h2>Pohodln\u00fd a odoln\u00fd materi\u00e1l<\/h2>\n<p>Jsou vyrobeny z polyesterov\u00e9 tkaniny 100%. Tento materi\u00e1l je nejen pevn\u00fd a odoln\u00fd, ale tak\u00e9 poskytuje m\u011bkk\u00fd a pohodln\u00fd \u00fachop, kter\u00fd zp\u0159\u00edjem\u0148uje \u0159azen\u00ed. Kryty jsou navr\u017eeny tak, aby odol\u00e1valy ka\u017edodenn\u00edmu opot\u0159eben\u00ed a snadno se \u010dist\u00ed a udr\u017euj\u00ed.<\/p>\n<p><img decoding=\"async\" class=\"wp-image-1377 size-full aligncenter\" src=\"https:\/\/buying-fever.com\/wp-content\/uploads\/2023\/08\/2dc9eeabb9d8a3ab211dde82ac67950c1c339ecd.jpeg.webp\" alt=\"mikina \u0159azen\u00ed\" width=\"570\" height=\"710\" srcset=\"https:\/\/buying-fever.com\/wp-content\/uploads\/2023\/08\/2dc9eeabb9d8a3ab211dde82ac67950c1c339ecd.jpeg.webp 570w, https:\/\/buying-fever.com\/wp-content\/uploads\/2023\/08\/2dc9eeabb9d8a3ab211dde82ac67950c1c339ecd.jpeg-241x300.webp 241w, https:\/\/buying-fever.com\/wp-content\/uploads\/2023\/08\/2dc9eeabb9d8a3ab211dde82ac67950c1c339ecd.jpeg-300x374.webp 300w\" sizes=\"(max-width: 570px) 100vw, 570px\" \/><\/p>\n<\/div>\n<h2><\/h2>\n<h2>Personalizovan\u00e9 a z\u00e1bavn\u00e9<\/h2>\n<p>Na\u0161e mikiny s kapuc\u00ed jsou nejen praktick\u00e9, ale tak\u00e9 dod\u00e1vaj\u00ed interi\u00e9ru va\u0161eho vozu punc osobnosti a z\u00e1bavy. D\u00edky \u0159ad\u011b barev a vzor\u016f si m\u016f\u017eete vybrat mikinu, kter\u00e1 nejl\u00e9pe vyhovuje va\u0161emu stylu a vkusu. A\u0165 u\u017e d\u00e1v\u00e1te p\u0159ednost v\u00fdrazn\u00e9mu, poutav\u00e9mu designu nebo decentn\u011bj\u0161\u00edmu, decentn\u00edmu vzhledu, pro ka\u017ed\u00e9ho m\u00e1me n\u011bco.<\/p>\n<h2><img loading=\"lazy\" decoding=\"async\" class=\"aligncenter\" src=\"https:\/\/ae03.alicdn.com\/kf\/Sdf0d94e202b24925b53bdc652994a2756.jpg\" width=\"832\" height=\"832\" \/><\/h2>\n<h2><\/h2>\n<h2>Snadn\u00e1 instalace a odstran\u011bn\u00ed<\/h2>\n<p>Jsou navr\u017eeny tak, aby se daly snadno instalovat a demontovat, tak\u017ee je m\u016f\u017eete kdykoli vym\u011bnit, nap\u0159\u00edklad vyprat.<\/p>\n<h2><\/h2>\n<h2>Rozhovor<\/h2>\n<p>Na\u0161e kapuce s \u0159azen\u00edm p\u0159evodov\u00fdch stup\u0148\u016f se snadno \u010dist\u00ed a udr\u017euj\u00ed. Lze je pr\u00e1t ru\u010dn\u011b nebo v pra\u010dce a m\u011bly by se su\u0161it na vzduchu. Nemus\u00edte se tedy b\u00e1t \u0161p\u00edny, \u0161p\u00edny nebo rozlit\u00fdch tekutin...sta\u010d\u00ed jej om\u00fdt a bude op\u011bt vypadat jako nov\u00fd.<\/p>\n<p>&nbsp;<\/p>\n<p><img loading=\"lazy\" decoding=\"async\" class=\"aligncenter\" src=\"https:\/\/ae03.alicdn.com\/kf\/S5340db4911334a10af15f74363e8a7e1N.jpg\" width=\"664\" height=\"664\" \/><\/p>","protected":false},"excerpt":{"rendered":"<p>Le produit que vous ne saviez pas que vous aviez besoin ! &nbsp; Le meilleur moyen d&rsquo;ajouter de la personnalit\u00e9 \u00e0 votre voiture. Votre voiture est plus qu&rsquo;un simple moyen de locomotion, c&rsquo;est une extension de votre personnalit\u00e9. Alors pourquoi se contenter d&rsquo;un levier de vitesse ennuyeux quand vous pouvez avoir un Sweat \u00e0 capuche [&hellip;]<\/p>\n","protected":false},"featured_media":1348,"comment_status":"open","ping_status":"closed","template":"","meta":{"_seopress_robots_primary_cat":"none","_seopress_titles_title":"","_seopress_titles_desc":"","_seopress_robots_index":"","site-sidebar-layout":"default","site-content-layout":"","ast-site-content-layout":"default","site-content-style":"default","site-sidebar-style":"default","ast-global-header-display":"","ast-banner-title-visibility":"","ast-main-header-display":"","ast-hfb-above-header-display":"","ast-hfb-below-header-display":"","ast-hfb-mobile-header-display":"","site-post-title":"","ast-breadcrumbs-content":"","ast-featured-img":"","footer-sml-layout":"","ast-disable-related-posts":"","theme-transparent-header-meta":"default","adv-header-id-meta":"","stick-header-meta":"","header-above-stick-meta":"","header-main-stick-meta":"","header-below-stick-meta":"","astra-migrate-meta-layouts":"set","ast-page-background-enabled":"default","ast-page-background-meta":{"desktop":{"background-color":"","background-image":"","background-repeat":"repeat","background-position":"center center","background-size":"auto","background-attachment":"scroll","background-type":"","background-media":"","overlay-type":"","overlay-color":"","overlay-opacity":"","overlay-gradient":""},"tablet":{"background-color":"","background-image":"","background-repeat":"repeat","background-position":"center center","background-size":"auto","background-attachment":"scroll","background-type":"","background-media":"","overlay-type":"","overlay-color":"","overlay-opacity":"","overlay-gradient":""},"mobile":{"background-color":"","background-image":"","background-repeat":"repeat","background-position":"center center","background-size":"auto","background-attachment":"scroll","background-type":"","background-media":"","overlay-type":"","overlay-color":"","overlay-opacity":"","overlay-gradient":""}},"ast-content-background-meta":{"desktop":{"background-color":"var(--ast-global-color-5)","background-image":"","background-repeat":"repeat","background-position":"center center","background-size":"auto","background-attachment":"scroll","background-type":"","background-media":"","overlay-type":"","overlay-color":"","overlay-opacity":"","overlay-gradient":""},"tablet":{"background-color":"var(--ast-global-color-5)","background-image":"","background-repeat":"repeat","background-position":"center center","background-size":"auto","background-attachment":"scroll","background-type":"","background-media":"","overlay-type":"","overlay-color":"","overlay-opacity":"","overlay-gradient":""},"mobile":{"background-color":"var(--ast-global-color-5)","background-image":"","background-repeat":"repeat","background-position":"center center","background-size":"auto","background-attachment":"scroll","background-type":"","background-media":"","overlay-type":"","overlay-color":"","overlay-opacity":"","overlay-gradient":""}}},"product_brand":[],"product_cat":[42],"product_tag":[],"class_list":{"0":"post-1366","1":"product","2":"type-product","3":"status-publish","4":"has-post-thumbnail","6":"product_cat-cadeau","7":"desktop-align-center","8":"tablet-align-center","9":"mobile-align-center","10":"ast-product-gallery-layout-horizontal","11":"ast-magnify-disabled","12":"ast-product-single-variable","13":"ast-product-tabs-layout-horizontal","14":"ast-qv-on-image","16":"first","17":"instock","18":"shipping-taxable","19":"purchasable","20":"product-type-variable"},"bundled_by":[],"bundle_stock_status":"instock","bundle_stock_quantity":null,"bundle_virtual":false,"bundle_layout":"","bundle_add_to_cart_form_location":"","bundle_editable_in_cart":false,"bundle_sold_individually_context":"","bundle_item_grouping":"","bundle_min_size":"","bundle_max_size":"","bundle_price":[],"bundled_items":[],"bundle_sell_ids":[],"_links":{"self":[{"href":"https:\/\/buying-fever.com\/cs\/wp-json\/wp\/v2\/product\/1366","targetHints":{"allow":["GET"]}}],"collection":[{"href":"https:\/\/buying-fever.com\/cs\/wp-json\/wp\/v2\/product"}],"about":[{"href":"https:\/\/buying-fever.com\/cs\/wp-json\/wp\/v2\/types\/product"}],"replies":[{"embeddable":true,"href":"https:\/\/buying-fever.com\/cs\/wp-json\/wp\/v2\/comments?post=1366"}],"version-history":[{"count":0,"href":"https:\/\/buying-fever.com\/cs\/wp-json\/wp\/v2\/product\/1366\/revisions"}],"wp:featuredmedia":[{"embeddable":true,"href":"https:\/\/buying-fever.com\/cs\/wp-json\/wp\/v2\/media\/1348"}],"wp:attachment":[{"href":"https:\/\/buying-fever.com\/cs\/wp-json\/wp\/v2\/media?parent=1366"}],"wp:term":[{"taxonomy":"product_brand","embeddable":true,"href":"https:\/\/buying-fever.com\/cs\/wp-json\/wp\/v2\/product_brand?post=1366"},{"taxonomy":"product_cat","embeddable":true,"href":"https:\/\/buying-fever.com\/cs\/wp-json\/wp\/v2\/product_cat?post=1366"},{"taxonomy":"product_tag","embeddable":true,"href":"https:\/\/buying-fever.com\/cs\/wp-json\/wp\/v2\/product_tag?post=1366"}],"curies":[{"name":"wp","href":"https:\/\/api.w.org\/{rel}","templated":true}]}}