{"id":1284,"date":"2023-08-20T21:19:44","date_gmt":"2023-08-20T21:19:44","guid":{"rendered":"https:\/\/snow-alligator-195314.hostingersite.com\/?post_type=product&#038;p=1284"},"modified":"2025-06-14T00:52:39","modified_gmt":"2025-06-13T22:52:39","slug":"boutons-de-communication-pour-chien","status":"publish","type":"product","link":"https:\/\/buying-fever.com\/cs\/produkt\/komunikacni-tlacitka-pro-psy\/","title":{"rendered":"Pes komunika\u010dn\u00ed tla\u010d\u00edtka"},"content":{"rendered":"<h2 style=\"text-align: center;\">Vyj\u00e1d\u0159i se, pejsku!<\/h2>\n<h2 style=\"text-align: center;\">Dovolte sv\u00e9mu psovi, aby v\u00e1m \u0159ekl, co chce.<\/h2>\n<p>&nbsp;<\/p>\n<p>Dejte sv\u00e9mu nejlep\u0161\u00edmu p\u0159\u00edteli hlas pomoc\u00ed na\u0161ich komunika\u010dn\u00edch tla\u010d\u00edtek pro psy. Tato tla\u010d\u00edtka, speci\u00e1ln\u011b navr\u017een\u00e1 tak, aby umo\u017e\u0148ovala intuitivn\u011bj\u0161\u00ed interakci mezi v\u00e1mi a va\u0161\u00edm mazl\u00ed\u010dkem, jsou ide\u00e1ln\u00ed pro harmonick\u00e9 sou\u017eit\u00ed.<\/p>\n<p>&nbsp;<\/p>\n<ul>\n<li><strong>Snadn\u00e9 nahr\u00e1v\u00e1n\u00ed hlasu<\/strong> : D\u00edky vestav\u011bn\u00e9mu mikrofonu nahrajte slovo nebo fr\u00e1zi podle sv\u00e9ho v\u00fdb\u011bru pro ka\u017ed\u00e9 tla\u010d\u00edtko.<\/li>\n<li><strong>Dob\u00edjec\u00ed<\/strong> : Jako jedin\u00ed na trhu nab\u00edz\u00edme pln\u011b dob\u00edjec\u00ed model. Dejte sbohem bateri\u00edm a ahoj ekologii!<\/li>\n<li><strong>Robustn\u00ed a odoln\u00fd<\/strong> : Navr\u017eeno tak, aby vydr\u017eelo netrp\u011bliv\u00e9 tlapky a opakovan\u00fd tlak. Na\u0161e tla\u010d\u00edtka jsou vyrobena tak, aby vydr\u017eela.<\/li>\n<li><strong>Ergonomick\u00fd design<\/strong> : Vhodn\u00e9 pro tlapky v\u0161ech velikost\u00ed, od \u010divavy po n\u011bmeck\u00e9ho ov\u010d\u00e1ka.<\/li>\n<li><strong>Snadnost pou\u017eit\u00ed<\/strong> : Ke ka\u017ed\u00e9mu zaznamenan\u00e9mu tla\u010d\u00edtku p\u0159i\u0159a\u010fte akci a sledujte, jak se v\u00e1\u0161 pes projevuje jako nikdy p\u0159edt\u00edm!<\/li>\n<\/ul>\n<h3><\/h3>\n<h3><strong>V\u00fdhody:<\/strong><\/h3>\n<p>&nbsp;<\/p>\n<ol>\n<li><strong>Ekologick\u00fd<\/strong> : Sni\u017ete svou uhl\u00edkovou stopu v\u00fdb\u011brem dob\u00edjec\u00edho modelu.<\/li>\n<li><strong>Hospod\u00e1\u0159sk\u00fd<\/strong> : Ji\u017e \u017e\u00e1dn\u00e9 opakovan\u00e9 n\u00e1kupy bateri\u00ed. U\u0161et\u0159ete pen\u00edze v dlouhodob\u00e9m horizontu!<\/li>\n<li><strong>Pos\u00edlen\u00e1 interaktivita<\/strong> : Posilte sv\u00e9 pouto se sv\u00fdm mazl\u00ed\u010dkem t\u00edm, \u017ee mu budete l\u00e9pe rozum\u011bt a rychleji reagovat na jeho pot\u0159eby.<\/li>\n<\/ol>\n<blockquote><p>&nbsp;<\/p>\n<p style=\"text-align: center;\"><em>&quot;Nikdy jsem si nemyslel, \u017ee by se mnou Max mohl &quot;mluvit&quot;. Je fascinuj\u00edc\u00ed vid\u011bt jak <\/em><\/p>\n<p style=\"text-align: center;\"><em>rychle pochopil, jak tla\u010d\u00edtka funguj\u00ed. Te\u010f mi \u201e\u0159\u00edk\u00e1\u201c, kdy m\u00e1 hlad, kdy m\u00e1 <\/em><\/p>\n<p style=\"text-align: center;\"><em>chce j\u00edt ven nebo prost\u011b kdy\u017e si chce hr\u00e1t \u00bb<\/em><\/p>\n<p style=\"text-align: center;\"><strong>Stephanie<\/strong><\/p>\n<p>&nbsp;<\/p>\n<p style=\"text-align: center;\"><em>\u201eOd t\u00e9 doby, co pou\u017e\u00edv\u00e1m tato tla\u010d\u00edtka s m\u00fdm psem, se na\u0161e komunikace zm\u011bnila <\/em><\/p>\n<p style=\"text-align: center;\"><em>dos\u00e1hl zcela nov\u00e9 \u00farovn\u011b. \u201eVol\u00e1\u201c m\u011b na proch\u00e1zky a dokonce i na mazlen\u00ed. <\/em><\/p>\n<p style=\"text-align: center;\"><em>Je dojemn\u00e9 vid\u011bt, jak je ochotn\u00e1 se vyj\u00e1d\u0159it a <\/em><\/p>\n<p style=\"text-align: center;\"><em>jak moc tato tla\u010d\u00edtka obohatila n\u00e1\u0161 spole\u010dn\u00fd ka\u017edodenn\u00ed \u017eivot\u201c<\/em><\/p>\n<p style=\"text-align: center;\"><strong>Isabelle<\/strong><\/p>\n<\/blockquote>\n<h3 style=\"text-align: center;\"><strong>Objednejte je\u0161t\u011b dnes<\/strong> a nab\u00eddnout nov\u00fd<\/h3>\n<h3 style=\"text-align: center;\">rozm\u011br va\u0161eho vztahu s va\u0161\u00edm v\u011brn\u00fdm spole\u010dn\u00edkem!<\/h3>","protected":false},"excerpt":{"rendered":"<p>Exprimez-vous, toutou ! Permettez \u00e0 votre chien de vous dire ce qu&rsquo;il souhaite. &nbsp; Offrez une voix \u00e0 votre meilleur ami avec nos boutons de communication pour chien. Con\u00e7us sp\u00e9cialement pour permettre une interaction plus intuitive entre vous et votre animal de compagnie, ces boutons sont id\u00e9aux pour une cohabitation harmonieuse. &nbsp; Enregistrement Vocal Facile [&hellip;]<\/p>\n","protected":false},"featured_media":1287,"comment_status":"open","ping_status":"closed","template":"","meta":{"_seopress_robots_primary_cat":"none","_seopress_titles_title":"","_seopress_titles_desc":"","_seopress_robots_index":"","site-sidebar-layout":"default","site-content-layout":"default","ast-site-content-layout":"default","site-content-style":"default","site-sidebar-style":"default","ast-global-header-display":"","ast-banner-title-visibility":"","ast-main-header-display":"","ast-hfb-above-header-display":"","ast-hfb-below-header-display":"","ast-hfb-mobile-header-display":"","site-post-title":"","ast-breadcrumbs-content":"","ast-featured-img":"","footer-sml-layout":"","ast-disable-related-posts":"","theme-transparent-header-meta":"default","adv-header-id-meta":"","stick-header-meta":"default","header-above-stick-meta":"","header-main-stick-meta":"","header-below-stick-meta":"","astra-migrate-meta-layouts":"set","ast-page-background-enabled":"default","ast-page-background-meta":{"desktop":{"background-color":"","background-image":"","background-repeat":"repeat","background-position":"center center","background-size":"auto","background-attachment":"scroll","background-type":"","background-media":"","overlay-type":"","overlay-color":"","overlay-opacity":"","overlay-gradient":""},"tablet":{"background-color":"","background-image":"","background-repeat":"repeat","background-position":"center center","background-size":"auto","background-attachment":"scroll","background-type":"","background-media":"","overlay-type":"","overlay-color":"","overlay-opacity":"","overlay-gradient":""},"mobile":{"background-color":"","background-image":"","background-repeat":"repeat","background-position":"center center","background-size":"auto","background-attachment":"scroll","background-type":"","background-media":"","overlay-type":"","overlay-color":"","overlay-opacity":"","overlay-gradient":""}},"ast-content-background-meta":{"desktop":{"background-color":"var(--ast-global-color-5)","background-image":"","background-repeat":"repeat","background-position":"center center","background-size":"auto","background-attachment":"scroll","background-type":"","background-media":"","overlay-type":"","overlay-color":"","overlay-opacity":"","overlay-gradient":""},"tablet":{"background-color":"var(--ast-global-color-5)","background-image":"","background-repeat":"repeat","background-position":"center center","background-size":"auto","background-attachment":"scroll","background-type":"","background-media":"","overlay-type":"","overlay-color":"","overlay-opacity":"","overlay-gradient":""},"mobile":{"background-color":"var(--ast-global-color-5)","background-image":"","background-repeat":"repeat","background-position":"center center","background-size":"auto","background-attachment":"scroll","background-type":"","background-media":"","overlay-type":"","overlay-color":"","overlay-opacity":"","overlay-gradient":""}}},"product_brand":[],"product_cat":[83],"product_tag":[],"class_list":{"0":"post-1284","1":"product","2":"type-product","3":"status-publish","4":"has-post-thumbnail","6":"product_cat-animaux","7":"desktop-align-center","8":"tablet-align-center","9":"mobile-align-center","10":"ast-product-gallery-layout-horizontal","11":"ast-magnify-disabled","12":"ast-product-tabs-layout-horizontal","13":"ast-qv-on-image","15":"first","16":"outofstock","17":"shipping-taxable","18":"purchasable","19":"product-type-simple"},"bundled_by":[],"bundle_stock_status":"outofstock","bundle_stock_quantity":null,"bundle_virtual":false,"bundle_layout":"","bundle_add_to_cart_form_location":"","bundle_editable_in_cart":false,"bundle_sold_individually_context":"","bundle_item_grouping":"","bundle_min_size":"","bundle_max_size":"","bundle_price":[],"bundled_items":[],"bundle_sell_ids":[],"_links":{"self":[{"href":"https:\/\/buying-fever.com\/cs\/wp-json\/wp\/v2\/product\/1284","targetHints":{"allow":["GET"]}}],"collection":[{"href":"https:\/\/buying-fever.com\/cs\/wp-json\/wp\/v2\/product"}],"about":[{"href":"https:\/\/buying-fever.com\/cs\/wp-json\/wp\/v2\/types\/product"}],"replies":[{"embeddable":true,"href":"https:\/\/buying-fever.com\/cs\/wp-json\/wp\/v2\/comments?post=1284"}],"version-history":[{"count":0,"href":"https:\/\/buying-fever.com\/cs\/wp-json\/wp\/v2\/product\/1284\/revisions"}],"wp:featuredmedia":[{"embeddable":true,"href":"https:\/\/buying-fever.com\/cs\/wp-json\/wp\/v2\/media\/1287"}],"wp:attachment":[{"href":"https:\/\/buying-fever.com\/cs\/wp-json\/wp\/v2\/media?parent=1284"}],"wp:term":[{"taxonomy":"product_brand","embeddable":true,"href":"https:\/\/buying-fever.com\/cs\/wp-json\/wp\/v2\/product_brand?post=1284"},{"taxonomy":"product_cat","embeddable":true,"href":"https:\/\/buying-fever.com\/cs\/wp-json\/wp\/v2\/product_cat?post=1284"},{"taxonomy":"product_tag","embeddable":true,"href":"https:\/\/buying-fever.com\/cs\/wp-json\/wp\/v2\/product_tag?post=1284"}],"curies":[{"name":"wp","href":"https:\/\/api.w.org\/{rel}","templated":true}]}}