{"id":4812,"date":"2023-10-20T13:31:56","date_gmt":"2023-10-20T11:31:56","guid":{"rendered":"https:\/\/snow-alligator-195314.hostingersite.com\/?page_id=4812"},"modified":"2023-10-20T13:36:44","modified_gmt":"2023-10-20T11:36:44","slug":"politique-de-retour","status":"publish","type":"page","link":"https:\/\/buying-fever.com\/cs\/reklamacni-rad\/","title":{"rendered":"Reklama\u010dn\u00ed \u0159\u00e1d"},"content":{"rendered":"<div data-elementor-type=\"wp-page\" data-elementor-id=\"4812\" class=\"elementor elementor-4812\" data-elementor-post-type=\"page\">\n\t\t\t\t<div class=\"elementor-element elementor-element-6eabfd8e e-flex e-con-boxed e-con e-parent\" data-id=\"6eabfd8e\" data-element_type=\"container\" data-e-type=\"container\">\n\t\t\t\t\t<div class=\"e-con-inner\">\n\t\t\t\t<div class=\"elementor-element elementor-element-26a25f70 elementor-widget elementor-widget-heading\" data-id=\"26a25f70\" data-element_type=\"widget\" data-e-type=\"widget\" data-widget_type=\"heading.default\">\n\t\t\t\t<div class=\"elementor-widget-container\">\n\t\t\t\t\t<h1 class=\"elementor-heading-title elementor-size-default\">Reklama\u010dn\u00ed \u0159\u00e1d<\/h1>\t\t\t\t<\/div>\n\t\t\t\t<\/div>\n\t\t\t\t<div class=\"elementor-element elementor-element-f8df31c elementor-widget elementor-widget-heading\" data-id=\"f8df31c\" data-element_type=\"widget\" data-e-type=\"widget\" data-widget_type=\"heading.default\">\n\t\t\t\t<div class=\"elementor-widget-container\">\n\t\t\t\t\t<h2 class=\"elementor-heading-title elementor-size-default\">Preambule <\/h2>\t\t\t\t<\/div>\n\t\t\t\t<\/div>\n\t\t\t\t<div class=\"elementor-element elementor-element-7490e662 elementor-widget elementor-widget-heading\" data-id=\"7490e662\" data-element_type=\"widget\" data-e-type=\"widget\" data-widget_type=\"heading.default\">\n\t\t\t\t<div class=\"elementor-widget-container\">\n\t\t\t\t\t<h2 class=\"elementor-heading-title elementor-size-default\">\u010cl\u00e1nek 1 \u2013 Vr\u00e1cen\u00ed neotev\u0159en\u00fdch polo\u017eek:<\/h2>\t\t\t\t<\/div>\n\t\t\t\t<\/div>\n\t\t\t\t<div class=\"elementor-element elementor-element-156095ea elementor-widget elementor-widget-text-editor\" data-id=\"156095ea\" data-element_type=\"widget\" data-e-type=\"widget\" data-widget_type=\"text-editor.default\">\n\t\t\t\t<div class=\"elementor-widget-container\">\n\t\t\t\t\t\t\t\t\t<p>P\u0159ij\u00edm\u00e1me pouze vr\u00e1cen\u00ed polo\u017eek vr\u00e1cen\u00fdch do 14 dn\u016f od doru\u010den\u00ed, jak je uvedeno v p\u016fvodn\u00edch informac\u00edch o sledov\u00e1n\u00ed.<\/p>\t\t\t\t\t\t\t\t<\/div>\n\t\t\t\t<\/div>\n\t\t\t\t<div class=\"elementor-element elementor-element-7ac15c9c elementor-widget elementor-widget-text-editor\" data-id=\"7ac15c9c\" data-element_type=\"widget\" data-e-type=\"widget\" data-widget_type=\"text-editor.default\">\n\t\t\t\t<div class=\"elementor-widget-container\">\n\t\t\t\t\t\t\t\t\t<p>Ponesete odpov\u011bdnost za p\u0159epravn\u00ed n\u00e1klady spojen\u00e9 s vr\u00e1cen\u00edm zbo\u017e\u00ed. Neneseme odpov\u011bdnost za \u017e\u00e1dn\u00e9 ztr\u00e1ty nebo po\u0161kozen\u00ed, ke kter\u00fdm dojde b\u011bhem p\u0159epravy. Mus\u00edte tak\u00e9 u v\u0161ech vracen\u00ed zaplatit p\u0159edem poplatky za dopravu a poji\u0161t\u011bn\u00ed (pokud je to mo\u017en\u00e9).<\/p><p>Je-li v\u00e1\u0161 vr\u00e1cen\u00fd produkt zp\u016fsobil\u00fd pro vr\u00e1cen\u00ed pen\u011bz, refundace nezahrnuje \u017e\u00e1dn\u00e9 p\u0159epravn\u00ed a manipula\u010dn\u00ed poplatky, kter\u00e9 mohou b\u00fdt uvedeny na dodac\u00edm listu nebo faktu\u0159e. Kdy\u017e vr\u00e1cen\u00fd produkt obdr\u017e\u00edme, zkontrolujeme jej a upozorn\u00edme v\u00e1s e-mailem. p\u0159im\u011b\u0159enou dobu, pokud m\u00e1te n\u00e1rok na vr\u00e1cen\u00ed pen\u011bz nebo v\u00fdm\u011bnu.<\/p><p>Pokud m\u00e1te n\u00e1rok na v\u00fdm\u011bnu nebo vr\u00e1cen\u00ed pen\u011bz, vym\u011bn\u00edme produkt nebo vr\u00e1t\u00edme kupn\u00ed cenu (podle toho, kterou metodou jste p\u016fvodn\u011b zaplatili).<\/p><p>Kontaktn\u00ed \u00fadaje :<br \/>Odkaz na n\u00e1\u0161 web: https:\/\/snow-alligator-195314.hostingersite.com<\/p><p>Telefonn\u00ed \u010d\u00edslo: +187722956001<\/p><p>E-mailov\u00e1 adresa: contact@snow-alligator-195314.hostingersite.com<\/p>\t\t\t\t\t\t\t\t<\/div>\n\t\t\t\t<\/div>\n\t\t\t\t<div class=\"elementor-element elementor-element-3699e09a elementor-widget elementor-widget-heading\" data-id=\"3699e09a\" data-element_type=\"widget\" data-e-type=\"widget\" data-widget_type=\"heading.default\">\n\t\t\t\t<div class=\"elementor-widget-container\">\n\t\t\t\t\t<h2 class=\"elementor-heading-title elementor-size-default\">\u010cl\u00e1nek 2 \u2013 V\u00fdm\u011bny<\/h2>\t\t\t\t<\/div>\n\t\t\t\t<\/div>\n\t\t\t\t<div class=\"elementor-element elementor-element-fa08263 elementor-widget elementor-widget-text-editor\" data-id=\"fa08263\" data-element_type=\"widget\" data-e-type=\"widget\" data-widget_type=\"text-editor.default\">\n\t\t\t\t<div class=\"elementor-widget-container\">\n\t\t\t\t\t\t\t\t\tVym\u011b\u0148ujeme pouze vadn\u00e9 nebo po\u0161kozen\u00e9 zbo\u017e\u00ed. Pokud se domn\u00edv\u00e1te, \u017ee je produkt vadn\u00fd, kontaktujte n\u00e1s do 14 dn\u016f od n\u00e1kupu na n\u00ed\u017ee uveden\u00e9m telefonn\u00edm \u010d\u00edsle nebo e-mailov\u00e9 adrese a uve\u010fte podrobnosti o produktu a z\u00e1vad\u011b.\u00a0<\/span><\/span><\/p>\n<p align=\"JUSTIFY\"><span style=\"color: #000000;\"><span style=\"font-family: Times New Roman, serif;\">\u00a0<\/span><\/span><\/p>\nN\u00e1sledn\u011b v\u00e1m sd\u011bl\u00edme, jak produkt vr\u00e1tit.<\/span><\/span><\/p>\t\t\t\t\t\t\t\t<\/div>\n\t\t\t\t<\/div>\n\t\t\t\t<div class=\"elementor-element elementor-element-1d611294 elementor-widget elementor-widget-heading\" data-id=\"1d611294\" data-element_type=\"widget\" data-e-type=\"widget\" data-widget_type=\"heading.default\">\n\t\t\t\t<div class=\"elementor-widget-container\">\n\t\t\t\t\t<h2 class=\"elementor-heading-title elementor-size-default\">\u010cl\u00e1nek 3 \u2013 Doprava<\/h2>\t\t\t\t<\/div>\n\t\t\t\t<\/div>\n\t\t\t\t<div class=\"elementor-element elementor-element-1d7c6615 elementor-widget elementor-widget-text-editor\" data-id=\"1d7c6615\" data-element_type=\"widget\" data-e-type=\"widget\" data-widget_type=\"text-editor.default\">\n\t\t\t\t<div class=\"elementor-widget-container\">\n\t\t\t\t\t\t\t\t\t<p>V situaci, kdy si z\u00e1kazn\u00edk p\u0159eje z jak\u00e9hokoli d\u016fvodu vr\u00e1tit prodejci produkt zakoupen\u00fd na str\u00e1nce, mus\u00ed o tom p\u0159edem informovat prodejce, aby mu mohl sd\u011blit pokyny t\u00fdkaj\u00edc\u00ed se vr\u00e1cen\u00ed produktu.\u00a0<\/p><p>\u00a0<\/p><p>Pokud z\u00e1kazn\u00edk vr\u00e1t\u00ed produkt prodejci z vlastn\u00ed iniciativy, m\u016f\u017ee prodejce odm\u00edtnout bal\u00ed\u010dek a nevr\u00e1tit pen\u00edze.<\/p><p><br \/>Neneseme odpov\u011bdnost za \u017e\u00e1dn\u00e9 ztr\u00e1ty nebo po\u0161kozen\u00ed, ke kter\u00fdm dojde b\u011bhem p\u0159epravy. Pokud m\u00e1te n\u00e1rok na vr\u00e1cen\u00ed pen\u011bz, va\u0161e refundace nebude zahrnovat \u017e\u00e1dn\u00e9 poplatky za dopravu a manipulaci, kter\u00e9 mohou b\u00fdt uvedeny na dodac\u00edm listu nebo faktu\u0159e.<\/p><p>\u00a0<\/p><p>Chcete-li vr\u00e1tit nebo vym\u011bnit zakoupenou polo\u017eku, za\u0161lete ji spolu s kopi\u00ed \u00fa\u010dtenky a dal\u0161\u00edmi informacemi o n\u00e1kupu na n\u00ed\u017ee uvedenou adresu: Komplexn\u00ed budova (p\u0159ed budovou 109), Honghua Community, Yiwu City, M\u011bsto \u0164in-chua, provincie Zhejiang \u2013 PS\u010c: 322000 P\u0159\u00edjemce: zeng li hua \u2013 \u010c\u00edslo: 13566961583 \u2013 \u010c\u00edna<\/p><p>\u00a0<\/p>\t\t\t\t\t\t\t\t<\/div>\n\t\t\t\t<\/div>\n\t\t\t\t<div class=\"elementor-element elementor-element-316d9186 elementor-widget elementor-widget-heading\" data-id=\"316d9186\" data-element_type=\"widget\" data-e-type=\"widget\" data-widget_type=\"heading.default\">\n\t\t\t\t<div class=\"elementor-widget-container\">\n\t\t\t\t\t<h2 class=\"elementor-heading-title elementor-size-default\">\u010cl\u00e1nek 4 \u2013 Proces<\/h2>\t\t\t\t<\/div>\n\t\t\t\t<\/div>\n\t\t\t\t<div class=\"elementor-element elementor-element-44c38b3f elementor-widget elementor-widget-text-editor\" data-id=\"44c38b3f\" data-element_type=\"widget\" data-e-type=\"widget\" data-widget_type=\"text-editor.default\">\n\t\t\t\t<div class=\"elementor-widget-container\">\n\t\t\t\t\t\t\t\t\t<p>Kdy\u017e va\u0161i polo\u017eku obdr\u017e\u00edme, prov\u011b\u0159\u00edme ji a v p\u0159im\u011b\u0159en\u00e9 dob\u011b v\u00e1m e-mailem sd\u011bl\u00edme, zda m\u00e1te n\u00e1rok na vr\u00e1cen\u00ed pen\u011bz nebo v\u00fdm\u011bnu.<\/p><p>\u00a0<\/p><p>Pokud m\u00e1te n\u00e1rok na vr\u00e1cen\u00ed pen\u011bz, vr\u00e1t\u00edme v\u00e1m kupn\u00ed cenu a kredit bude p\u0159ips\u00e1n na p\u016fvodn\u00ed zp\u016fsob platby. Poplatky za dopravu a manipulaci, kter\u00e9 jste ji\u017e zaplatili, jsou nevratn\u00e9 a vr\u00e1cen\u00e9 \u010d\u00e1stky nezahrnuj\u00ed n\u00e1klady na dopravu.<\/p><p>\u00a0<\/p><p>Po obdr\u017een\u00ed na\u0161eho e-mailu m\u016f\u017ee uplynout maxim\u00e1ln\u011b 14 pracovn\u00edch dn\u016f, ne\u017e bude platba p\u0159ijata.<br \/>Pokud m\u00e1te n\u00e1rok na v\u00fdm\u011bnu, za\u0161leme v\u00e1m nov\u00e9 zbo\u017e\u00ed na p\u016fvodn\u00ed dodac\u00ed adresu.<\/p>\t\t\t\t\t\t\t\t<\/div>\n\t\t\t\t<\/div>\n\t\t\t\t<div class=\"elementor-element elementor-element-2127627a elementor-widget elementor-widget-heading\" data-id=\"2127627a\" data-element_type=\"widget\" data-e-type=\"widget\" data-widget_type=\"heading.default\">\n\t\t\t\t<div class=\"elementor-widget-container\">\n\t\t\t\t\t<h2 class=\"elementor-heading-title elementor-size-default\">\u010cl\u00e1nek 5 \u2013 D\u00e1rky<\/h2>\t\t\t\t<\/div>\n\t\t\t\t<\/div>\n\t\t\t\t<div class=\"elementor-element elementor-element-507f68b5 elementor-widget elementor-widget-text-editor\" data-id=\"507f68b5\" data-element_type=\"widget\" data-e-type=\"widget\" data-widget_type=\"text-editor.default\">\n\t\t\t\t<div class=\"elementor-widget-container\">\n\t\t\t\t\t\t\t\t\t<p>Pokud byla vr\u00e1cen\u00e1 polo\u017eka p\u0159i n\u00e1kupu ozna\u010dena jako d\u00e1rek a byla zasl\u00e1na p\u0159\u00edmo v\u00e1m, obdr\u017e\u00edte d\u00e1rkov\u00fd kredit ve v\u00fd\u0161i hodnoty va\u0161eho vr\u00e1cen\u00ed.\u00a0<\/p><p>\u00a0<\/p><p>Pokud nebyla polo\u017eka p\u0159i n\u00e1kupu ozna\u010dena jako d\u00e1rek nebo pokud d\u00e1rce up\u0159ednostnil, aby polo\u017eku nejprve obdr\u017eel a dal v\u00e1m ji pozd\u011bji, vr\u00e1t\u00edme d\u00e1rci pen\u00edze a on bude v\u011bd\u011bt, \u017ee jste polo\u017eku vr\u00e1tili.<\/p>\t\t\t\t\t\t\t\t<\/div>\n\t\t\t\t<\/div>\n\t\t\t\t<div class=\"elementor-element elementor-element-148b27cf elementor-widget elementor-widget-heading\" data-id=\"148b27cf\" data-element_type=\"widget\" data-e-type=\"widget\" data-widget_type=\"heading.default\">\n\t\t\t\t<div class=\"elementor-widget-container\">\n\t\t\t\t\t<h2 class=\"elementor-heading-title elementor-size-default\">\u010cl\u00e1nek 6 \u2013 V\u00fdjimka z pr\u00e1va na odstoupen\u00ed od smlouvy a vr\u00e1cen\u00ed pen\u011bz<\/h2>\t\t\t\t<\/div>\n\t\t\t\t<\/div>\n\t\t\t\t<div class=\"elementor-element elementor-element-2dac8d71 elementor-widget elementor-widget-text-editor\" data-id=\"2dac8d71\" data-element_type=\"widget\" data-e-type=\"widget\" data-widget_type=\"text-editor.default\">\n\t\t\t\t<div class=\"elementor-widget-container\">\n\t\t\t\t\t\t\t\t\t<p>V\u0161echny personalizovan\u00e9 polo\u017eky vyroben\u00e9 na vy\u017e\u00e1d\u00e1n\u00ed v na\u0161em katalogu produkt\u016f nelze vr\u00e1tit a vr\u00e1tit pen\u00edze. Tyto polo\u017eky jsou pova\u017eov\u00e1ny za nevratn\u00e9 nebo jsou sou\u010d\u00e1st\u00ed kone\u010dn\u00e9ho prodeje.\u00a0<\/p><p>\u00a0<\/p><p>Na personalizovan\u00e9 produkty se v\u0161ak vztahuje pr\u00e1vo na shodu, jak je definov\u00e1no v na\u0161ich v\u0161eobecn\u00fdch prodejn\u00edch podm\u00ednk\u00e1ch. Spole\u010dnost nen\u00ed povinna uhradit dodate\u010dn\u00e9 n\u00e1klady, pokud si spot\u0159ebitel v\u00fdslovn\u011b zvolil dra\u017e\u0161\u00ed zp\u016fsob dod\u00e1n\u00ed, ne\u017e je standardn\u00ed zp\u016fsob dod\u00e1n\u00ed navr\u017een\u00fd odborn\u00edkem.<\/p>\t\t\t\t\t\t\t\t<\/div>\n\t\t\t\t<\/div>\n\t\t\t\t\t<\/div>\n\t\t\t\t<\/div>\n\t\t\t\t<\/div>","protected":false},"excerpt":{"rendered":"<p>Politique de Retour Pr\u00e9ambule Article 1 &#8211; Retour d\u2019articles non ouverts : Nous acceptons uniquement le retour des articles retourn\u00e9s dans les 14 jours suivant la livraison, tel qu&rsquo;indiqu\u00e9 par les informations de suivi d&rsquo;origine. Vous devrez assumer les frais d\u2019exp\u00e9dition li\u00e9s au retour de votre article. Nous ne sommes pas responsables des pertes ou [&hellip;]<\/p>\n","protected":false},"author":1,"featured_media":0,"parent":0,"menu_order":0,"comment_status":"closed","ping_status":"closed","template":"","meta":{"_seopress_robots_primary_cat":"","_seopress_titles_title":"","_seopress_titles_desc":"","_seopress_robots_index":"","site-sidebar-layout":"no-sidebar","site-content-layout":"page-builder","ast-site-content-layout":"full-width-container","site-content-style":"default","site-sidebar-style":"default","ast-global-header-display":"","ast-banner-title-visibility":"","ast-main-header-display":"","ast-hfb-above-header-display":"","ast-hfb-below-header-display":"","ast-hfb-mobile-header-display":"","site-post-title":"disabled","ast-breadcrumbs-content":"","ast-featured-img":"disabled","footer-sml-layout":"","ast-disable-related-posts":"","theme-transparent-header-meta":"","adv-header-id-meta":"","stick-header-meta":"","header-above-stick-meta":"","header-main-stick-meta":"","header-below-stick-meta":"","astra-migrate-meta-layouts":"set","ast-page-background-enabled":"default","ast-page-background-meta":{"desktop":{"background-color":"","background-image":"","background-repeat":"repeat","background-position":"center center","background-size":"auto","background-attachment":"scroll","background-type":"","background-media":"","overlay-type":"","overlay-color":"","overlay-opacity":"","overlay-gradient":""},"tablet":{"background-color":"","background-image":"","background-repeat":"repeat","background-position":"center center","background-size":"auto","background-attachment":"scroll","background-type":"","background-media":"","overlay-type":"","overlay-color":"","overlay-opacity":"","overlay-gradient":""},"mobile":{"background-color":"","background-image":"","background-repeat":"repeat","background-position":"center center","background-size":"auto","background-attachment":"scroll","background-type":"","background-media":"","overlay-type":"","overlay-color":"","overlay-opacity":"","overlay-gradient":""}},"ast-content-background-meta":{"desktop":{"background-color":"var(--ast-global-color-5)","background-image":"","background-repeat":"repeat","background-position":"center center","background-size":"auto","background-attachment":"scroll","background-type":"","background-media":"","overlay-type":"","overlay-color":"","overlay-opacity":"","overlay-gradient":""},"tablet":{"background-color":"var(--ast-global-color-5)","background-image":"","background-repeat":"repeat","background-position":"center center","background-size":"auto","background-attachment":"scroll","background-type":"","background-media":"","overlay-type":"","overlay-color":"","overlay-opacity":"","overlay-gradient":""},"mobile":{"background-color":"var(--ast-global-color-5)","background-image":"","background-repeat":"repeat","background-position":"center center","background-size":"auto","background-attachment":"scroll","background-type":"","background-media":"","overlay-type":"","overlay-color":"","overlay-opacity":"","overlay-gradient":""}},"footnotes":""},"class_list":["post-4812","page","type-page","status-publish","hentry"],"_links":{"self":[{"href":"https:\/\/buying-fever.com\/cs\/wp-json\/wp\/v2\/pages\/4812","targetHints":{"allow":["GET"]}}],"collection":[{"href":"https:\/\/buying-fever.com\/cs\/wp-json\/wp\/v2\/pages"}],"about":[{"href":"https:\/\/buying-fever.com\/cs\/wp-json\/wp\/v2\/types\/page"}],"author":[{"embeddable":true,"href":"https:\/\/buying-fever.com\/cs\/wp-json\/wp\/v2\/users\/1"}],"replies":[{"embeddable":true,"href":"https:\/\/buying-fever.com\/cs\/wp-json\/wp\/v2\/comments?post=4812"}],"version-history":[{"count":0,"href":"https:\/\/buying-fever.com\/cs\/wp-json\/wp\/v2\/pages\/4812\/revisions"}],"wp:attachment":[{"href":"https:\/\/buying-fever.com\/cs\/wp-json\/wp\/v2\/media?parent=4812"}],"curies":[{"name":"wp","href":"https:\/\/api.w.org\/{rel}","templated":true}]}}