{"id":1218,"date":"2023-08-13T14:07:16","date_gmt":"2023-08-13T14:07:16","guid":{"rendered":"https:\/\/snow-alligator-195314.hostingersite.com\/?page_id=1218"},"modified":"2025-04-14T00:01:06","modified_gmt":"2025-04-13T22:01:06","slug":"politique-de-confidentialite","status":"publish","type":"page","link":"https:\/\/buying-fever.com\/cs\/zasady-ochrany-osobnich-udaju\/","title":{"rendered":"Z\u00e1sady ochrany osobn\u00edch \u00fadaj\u016f"},"content":{"rendered":"<div data-elementor-type=\"wp-page\" data-elementor-id=\"1218\" class=\"elementor elementor-1218\" data-elementor-post-type=\"page\">\n\t\t\t\t<div class=\"elementor-element elementor-element-34f2b41 e-flex e-con-boxed e-con e-parent\" data-id=\"34f2b41\" data-element_type=\"container\" data-e-type=\"container\">\n\t\t\t\t\t<div class=\"e-con-inner\">\n\t\t\t\t<div class=\"elementor-element elementor-element-7d48753 elementor-widget elementor-widget-heading\" data-id=\"7d48753\" data-element_type=\"widget\" data-e-type=\"widget\" data-widget_type=\"heading.default\">\n\t\t\t\t<div class=\"elementor-widget-container\">\n\t\t\t\t\t<h1 class=\"elementor-heading-title elementor-size-default\">Z\u00e1sady ochrany osobn\u00edch \u00fadaj\u016f <\/h1>\t\t\t\t<\/div>\n\t\t\t\t<\/div>\n\t\t\t\t<div class=\"elementor-element elementor-element-fd0adc1 elementor-widget elementor-widget-text-editor\" data-id=\"fd0adc1\" data-element_type=\"widget\" data-e-type=\"widget\" data-widget_type=\"text-editor.default\">\n\t\t\t\t<div class=\"elementor-widget-container\">\n\t\t\t\t\t\t\t\t\t<h2 style=\"caret-color: #000000; font-style: normal; text-transform: none; font-size: 2.235294rem; font-weight: 400; line-height: 1.3em;\">Kdo jsme ?<\/h2><p style=\"font-style: normal; font-size: 17px; margin-bottom: 0.5em; caret-color: #000000; color: #000000;\">Na\u0161e webov\u00e1 adresa je: https:\/\/snow-alligator-195314.hostingersite.com<\/p><p style=\"font-style: normal; font-size: 17px; margin-bottom: 0.5em; caret-color: #000000; color: #000000;\">M\u016f\u017eete n\u00e1s kontaktovat na n\u00e1sleduj\u00edc\u00ed e-mailov\u00e9 adrese: contact@snow-alligator-195314.hostingersite.com<\/p><h2 style=\"caret-color: #000000; font-style: normal; text-transform: none; font-size: 2.235294rem; font-weight: 400; line-height: 1.3em;\">Pou\u017eit\u00ed shrom\u00e1\u017ed\u011bn\u00fdch osobn\u00edch \u00fadaj\u016f<\/h2><p style=\"font-style: normal; font-size: 17px; margin-bottom: 0.5em; caret-color: #000000; color: #000000;\">Pro jakoukoli zadanou objedn\u00e1vku nebo vytvo\u0159en\u00ed \u00fa\u010dtu souhlas\u00edte s p\u0159ij\u00edm\u00e1n\u00edm nab\u00eddek a akc\u00ed e-mailem a\/nebo telefonicky.<\/p><h2 style=\"caret-color: #000000; font-style: normal; text-transform: none; font-size: 2.235294rem; font-weight: 400; line-height: 1.3em;\">Koment\u00e1\u0159e<\/h2><p style=\"font-style: normal; font-size: 17px; margin-bottom: 0.5em; caret-color: #000000; color: #000000;\">Kdy\u017e na na\u0161em webu zanech\u00e1te koment\u00e1\u0159, shroma\u017e\u010fuj\u00ed se \u00fadaje zadan\u00e9 do formul\u00e1\u0159e pro koment\u00e1\u0159e, ale tak\u00e9 va\u0161e IP adresa a u\u017eivatelsk\u00fd agent va\u0161eho prohl\u00ed\u017ee\u010de, abychom mohli odhalit necht\u011bn\u00e9 koment\u00e1\u0159e.<\/p><p style=\"font-style: normal; font-size: 17px; margin-bottom: 0.5em; caret-color: #000000; color: #000000;\">Anonymizovan\u00fd \u0159et\u011bzec vytvo\u0159en\u00fd z va\u0161\u00ed e-mailov\u00e9 adresy (tak\u00e9 naz\u00fdvan\u00fd hash) m\u016f\u017ee b\u00fdt odesl\u00e1n slu\u017eb\u011b Gravatar, aby se zjistilo, zda ji pou\u017e\u00edv\u00e1te. Ustanoven\u00ed o d\u016fv\u011brnosti slu\u017eby Gravatar jsou k dispozici zde: https:\/\/automattic.com\/privacy\/. Po ov\u011b\u0159en\u00ed va\u0161eho koment\u00e1\u0159e bude va\u0161e profilov\u00e1 fotografie ve\u0159ejn\u011b viditeln\u00e1 vedle va\u0161eho koment\u00e1\u0159e.<\/p><h2 style=\"caret-color: #000000; font-style: normal; text-transform: none; font-size: 2.235294rem; font-weight: 400; line-height: 1.3em;\">M\u00e9dia<\/h2><p style=\"font-style: normal; font-size: 17px; margin-bottom: 0.5em; caret-color: #000000; color: #000000;\">Pokud jste registrovan\u00fdm u\u017eivatelem a nahr\u00e1v\u00e1te obr\u00e1zky na web, doporu\u010dujeme v\u00e1m vyhnout se nahr\u00e1v\u00e1n\u00ed obr\u00e1zk\u016f, kter\u00e9 obsahuj\u00ed data sou\u0159adnic EXIF GPS. N\u00e1v\u0161t\u011bvn\u00edci va\u0161eho webu si mohou st\u00e1hnout a extrahovat \u00fadaje o poloze z t\u011bchto obr\u00e1zk\u016f.<\/p><h2 style=\"caret-color: #000000; font-style: normal; text-transform: none; font-size: 2.235294rem; font-weight: 400; line-height: 1.3em;\">Kontaktn\u00ed formul\u00e1\u0159e<\/h2><p style=\"font-style: normal; font-size: 17px; margin-bottom: 0.5em; caret-color: #000000; color: #000000;\">Chcete-li n\u00e1s kontaktovat, napi\u0161te n\u00e1m na adresu contact@snow-alligator-195314.hostingersite.com<\/p><h2 style=\"caret-color: #000000; font-style: normal; text-transform: none; font-size: 2.235294rem; font-weight: 400; line-height: 1.3em;\">Soubory cookie<\/h2><p style=\"font-style: normal; font-size: 17px; margin-bottom: 0.5em; caret-color: #000000; color: #000000;\">Pokud na na\u0161em webu zanech\u00e1te koment\u00e1\u0159, m\u016f\u017eete ulo\u017eit sv\u00e9 jm\u00e9no, e-mailovou adresu a web do soubor\u016f cookie. Toto je pouze pro va\u0161e pohodl\u00ed, abyste tyto \u00fadaje nemuseli vypl\u0148ovat, pokud pozd\u011bji zanech\u00e1te dal\u0161\u00ed koment\u00e1\u0159. Platnost t\u011bchto soubor\u016f cookie vypr\u0161\u00ed po jednom roce.<\/p><p style=\"font-style: normal; font-size: 17px; margin-bottom: 0.5em; caret-color: #000000; color: #000000;\">Pokud p\u0159ejdete na p\u0159ihla\u0161ovac\u00ed str\u00e1nku, vytvo\u0159\u00ed se do\u010dasn\u00fd soubor cookie, kter\u00fd ur\u010d\u00ed, zda v\u00e1\u0161 prohl\u00ed\u017ee\u010d p\u0159ij\u00edm\u00e1 soubory cookie. Neobsahuje osobn\u00ed \u00fadaje a po zav\u0159en\u00ed prohl\u00ed\u017ee\u010de se automaticky sma\u017ee.<\/p><p style=\"font-style: normal; font-size: 17px; margin-bottom: 0.5em; caret-color: #000000; color: #000000;\">Kdy\u017e se p\u0159ihl\u00e1s\u00edte, nastav\u00edme \u0159adu soubor\u016f cookie pro ulo\u017een\u00ed va\u0161ich p\u0159ihla\u0161ovac\u00edch \u00fadaj\u016f a p\u0159edvoleb obrazovky. \u017divotnost cookie p\u0159ipojen\u00ed je dva dny, \u017eivotnost cookie s mo\u017enost\u00ed obrazovky je jeden rok. Pokud za\u0161krtnete \u201ePamatovat si m\u011b\u201c, v\u00e1\u0161 p\u0159ihla\u0161ovac\u00ed cookie bude uchov\u00e1n po dobu dvou t\u00fddn\u016f. Pokud se odhl\u00e1s\u00edte ze sv\u00e9ho \u00fa\u010dtu, p\u0159ihla\u0161ovac\u00ed cookie bude smaz\u00e1no.<\/p><p style=\"font-style: normal; font-size: 17px; margin-bottom: 0.5em; caret-color: #000000; color: #000000;\">\u00dapravou nebo publikov\u00e1n\u00edm p\u0159\u00edsp\u011bvku se ve va\u0161em prohl\u00ed\u017ee\u010di ulo\u017e\u00ed dal\u0161\u00ed soubor cookie. Tento soubor cookie neobsahuje \u017e\u00e1dn\u00e9 osobn\u00ed \u00fadaje. Jednodu\u0161e zobrazuje ID p\u0159\u00edsp\u011bvku, kter\u00fd jste pr\u00e1v\u011b upravili. Vypr\u0161\u00ed po jednom dni.<\/p><h2 style=\"caret-color: #000000; font-style: normal; text-transform: none; font-size: 2.235294rem; font-weight: 400; line-height: 1.3em;\">Obsah vlo\u017een\u00fd z jin\u00fdch web\u016f<\/h2><p style=\"font-style: normal; font-size: 17px; margin-bottom: 0.5em; caret-color: #000000; color: #000000;\">\u010cl\u00e1nky na t\u00e9to str\u00e1nce mohou obsahovat vlo\u017een\u00fd obsah (nap\u0159. videa, obr\u00e1zky, \u010dl\u00e1nky atd.). Obsah vlo\u017een\u00fd z jin\u00fdch str\u00e1nek se chov\u00e1 stejn\u011b, jako kdyby n\u00e1v\u0161t\u011bvn\u00edk p\u0159e\u0161el na tento jin\u00fd web.<\/p><p style=\"font-style: normal; font-size: 17px; margin-bottom: 0.5em; caret-color: #000000; color: #000000;\">Tyto webov\u00e9 str\u00e1nky o v\u00e1s mohou shroma\u017e\u010fovat \u00fadaje, pou\u017e\u00edvat soubory cookie, vkl\u00e1dat n\u00e1stroje pro sledov\u00e1n\u00ed t\u0159et\u00edch stran a sledovat va\u0161e interakce s t\u00edmto vlo\u017een\u00fdm obsahem, pokud m\u00e1te k jejich webov\u00fdm str\u00e1nk\u00e1m p\u0159ipojen\u00fd \u00fa\u010det.<\/p><h2 style=\"caret-color: #000000; font-style: normal; text-transform: none; font-size: 2.235294rem; font-weight: 400; line-height: 1.3em;\">Statistiky a m\u011b\u0159en\u00ed sledovanosti<\/h2><p style=\"font-style: normal; font-size: 17px; margin-bottom: 0.5em; caret-color: #000000; color: #000000;\">K personalizaci obsahu a reklamy, poskytov\u00e1n\u00ed funkc\u00ed soci\u00e1ln\u00edch m\u00e9di\u00ed a anal\u00fdze n\u00e1v\u0161t\u011bvnosti str\u00e1nek pou\u017e\u00edv\u00e1me technologie, jako jsou soubory cookie. Informace o va\u0161em pou\u017e\u00edv\u00e1n\u00ed webu sd\u00edl\u00edme s na\u0161imi d\u016fv\u011bryhodn\u00fdmi partnery v oblasti soci\u00e1ln\u00edch m\u00e9di\u00ed, reklamy a anal\u00fdzy.<\/p><p style=\"font-style: normal; font-size: 17px; margin-bottom: 0.5em; caret-color: #000000; color: #000000;\">K m\u011b\u0159en\u00ed ur\u010dit\u00fdch statistik souvisej\u00edc\u00edch s r\u016fzn\u00fdmi cestami z\u00e1kazn\u00edk\u016f pou\u017e\u00edv\u00e1me Google Analytics, m\u016f\u017eete si p\u0159e\u010d\u00edst jejich z\u00e1sady ochrany osobn\u00edch \u00fadaj\u016f na n\u00e1sleduj\u00edc\u00ed adrese:\u00a0<a style=\"color: #f94b71;\" href=\"https:\/\/policies.google.com\/privacy?hl=fr\">https:\/\/policies.google.com\/privacy?hl=fr<\/a>\u00a0.<\/p><p style=\"font-style: normal; font-size: 17px; margin-bottom: 0.5em; caret-color: #000000; color: #000000;\">Pou\u017e\u00edv\u00e1me tak\u00e9 Facebook pixel, jejich z\u00e1sady ochrany osobn\u00edch \u00fadaj\u016f si m\u016f\u017eete p\u0159e\u010d\u00edst na n\u00e1sleduj\u00edc\u00ed adrese:\u00a0<a style=\"color: #f94b71;\" href=\"https:\/\/www.facebook.com\/payments_terms\/privacy\">https:\/\/www.facebook.com\/payments_terms\/privacy\u00a0<\/a><\/p><h2 style=\"caret-color: #000000; font-style: normal; text-transform: none; font-size: 2.235294rem; font-weight: 400; line-height: 1.3em;\">Doba ulo\u017een\u00ed va\u0161ich dat<\/h2><p style=\"font-style: normal; font-size: 17px; margin-bottom: 0.5em; caret-color: #000000; color: #000000;\">Pokud zanech\u00e1te koment\u00e1\u0159, bude koment\u00e1\u0159 a jeho metadata uchov\u00e1na po neomezenou dobu. To umo\u017e\u0148uje, aby byly n\u00e1sledn\u00e9 koment\u00e1\u0159e automaticky rozpozn\u00e1ny a schv\u00e1leny, m\u00edsto aby byly ponech\u00e1ny ve front\u011b na moderov\u00e1n\u00ed.<\/p><p style=\"font-style: normal; font-size: 17px; margin-bottom: 0.5em; caret-color: #000000; color: #000000;\">Pro u\u017eivatele, kte\u0159\u00ed se zaregistruj\u00ed na na\u0161ich str\u00e1nk\u00e1ch (pokud je to mo\u017en\u00e9), uchov\u00e1v\u00e1me tak\u00e9 osobn\u00ed \u00fadaje uveden\u00e9 v jejich profilu. V\u0161ichni u\u017eivatel\u00e9 mohou kdykoli zobrazit, upravit nebo smazat sv\u00e9 osobn\u00ed \u00fadaje (krom\u011b sv\u00e9ho u\u017eivatelsk\u00e9ho jm\u00e9na). Spr\u00e1vci webu mohou tyto informace tak\u00e9 prohl\u00ed\u017eet a upravovat.<\/p><h2 style=\"caret-color: #000000; font-style: normal; text-transform: none; font-size: 2.235294rem; font-weight: 400; line-height: 1.3em;\">Pr\u00e1va, kter\u00e1 m\u00e1te nad sv\u00fdmi \u00fadaji<\/h2><p style=\"font-style: normal; font-size: 17px; margin-bottom: 0.5em; caret-color: #000000; color: #000000;\">Pokud m\u00e1te \u00fa\u010det nebo jste na str\u00e1nce zanechali koment\u00e1\u0159e, m\u016f\u017eete po\u017e\u00e1dat o obdr\u017een\u00ed souboru obsahuj\u00edc\u00edho v\u0161echny osobn\u00ed \u00fadaje, kter\u00e9 o v\u00e1s m\u00e1me, v\u010detn\u011b t\u011bch, kter\u00e9 jste n\u00e1m poskytli. M\u016f\u017eete tak\u00e9 po\u017e\u00e1dat o vymaz\u00e1n\u00ed osobn\u00edch \u00fadaj\u016f, kter\u00e9 se v\u00e1s t\u00fdkaj\u00ed. To nebere v \u00favahu \u00fadaje ulo\u017een\u00e9 pro administrativn\u00ed, pr\u00e1vn\u00ed nebo bezpe\u010dnostn\u00ed \u00fa\u010dely.<\/p><h2 style=\"caret-color: #000000; font-style: normal; text-transform: none; font-size: 2.235294rem; font-weight: 400; line-height: 1.3em;\">P\u0159ed\u00e1v\u00e1n\u00ed va\u0161ich osobn\u00edch \u00fadaj\u016f<\/h2><p style=\"font-style: normal; font-size: 17px; margin-bottom: 0.5em; caret-color: #000000; color: #000000;\">Koment\u00e1\u0159e n\u00e1v\u0161t\u011bvn\u00edk\u016f mohou b\u00fdt kontrolov\u00e1ny pomoc\u00ed slu\u017eby automatick\u00e9 detekce spamov\u00fdch koment\u00e1\u0159\u016f.<\/p><h2 style=\"caret-color: #000000; font-style: normal; text-transform: none; font-size: 2.235294rem; font-weight: 400; line-height: 1.3em;\">Co sb\u00edr\u00e1me a skladujeme<\/h2><p style=\"font-style: normal; font-size: 17px; margin-bottom: 0.5em; caret-color: #000000; color: #000000;\">B\u011bhem va\u0161\u00ed n\u00e1v\u0161t\u011bvy na webu sledujeme:<\/p><ul style=\"font-style: normal; font-size: 17px; list-style-position: outside; list-style-type: disc; caret-color: #000000; color: #000000;\"><li style=\"font-size: 17px;\">Produkty, kter\u00e9 jste si prohl\u00ed\u017eeli: Pou\u017e\u00edv\u00e1me je nap\u0159\u00edklad k zobrazen\u00ed produkt\u016f, kter\u00e9 jste si ned\u00e1vno prohl\u00ed\u017eeli<\/li><li style=\"font-size: 17px;\">Um\u00edst\u011bn\u00ed, IP adresa a typ prohl\u00ed\u017ee\u010de: pou\u017e\u00edv\u00e1me je k odhadu dan\u00ed a n\u00e1klad\u016f na doru\u010den\u00ed<\/li><li style=\"font-size: 17px;\">Dodac\u00ed adresa: po\u017e\u00e1d\u00e1me v\u00e1s o jej\u00ed zad\u00e1n\u00ed, abychom odhadli n\u00e1klady na doru\u010den\u00ed p\u0159ed zad\u00e1n\u00edm objedn\u00e1vky a odeslali v\u00e1m objedn\u00e1vku!<\/li><\/ul><p style=\"font-style: normal; font-size: 17px; margin-bottom: 0.5em; caret-color: #000000; color: #000000;\">Pou\u017e\u00edv\u00e1me soubory cookie ke sledov\u00e1n\u00ed obsahu n\u00e1kupn\u00edho ko\u0161\u00edku, kdy\u017e se pohybujete na na\u0161ich str\u00e1nk\u00e1ch.<\/p><p style=\"font-style: normal; font-size: 17px; margin-bottom: 0.5em; caret-color: #000000; color: #000000;\">P\u0159i n\u00e1kupu na na\u0161ich webov\u00fdch str\u00e1nk\u00e1ch v\u00e1s po\u017e\u00e1d\u00e1me o poskytnut\u00ed informac\u00ed v\u010detn\u011b va\u0161eho jm\u00e9na, faktura\u010dn\u00ed adresy, doru\u010dovac\u00ed adresy, e-mailov\u00e9 adresy, telefonn\u00edho \u010d\u00edsla, \u00fadaj\u016f o platebn\u00ed\/kreditn\u00ed kart\u011b a p\u0159\u00edpadn\u011b \u00fadaj\u016f o \u00fa\u010dtu, jako je u\u017eivatelsk\u00e9 jm\u00e9no a heslo. Tyto informace budou pou\u017eity k:<\/p><ul style=\"font-style: normal; font-size: 17px; list-style-position: outside; list-style-type: disc; caret-color: #000000; color: #000000;\"><li style=\"font-size: 17px;\">Odesl\u00e1n\u00ed informac\u00ed o va\u0161em \u00fa\u010dtu a objedn\u00e1vce<\/li><li style=\"font-size: 17px;\">Reagujte na \u017e\u00e1dosti, v\u010detn\u011b vr\u00e1cen\u00ed pen\u011bz a st\u00ed\u017enost\u00ed<\/li><li style=\"font-size: 17px;\">Zpracov\u00e1n\u00ed plateb a prevence podvod\u016f<\/li><li style=\"font-size: 17px;\">Zalo\u017ete si \u00fa\u010det pro n\u00e1\u0161 obchod<\/li><li style=\"font-size: 17px;\">Dodr\u017eujte ve\u0161ker\u00e9 z\u00e1konn\u00e9 povinnosti, jako je nap\u0159\u00edklad v\u00fdpo\u010det dan\u00ed<\/li><li style=\"font-size: 17px;\">Vylep\u0161ete nab\u00eddku na\u0161eho obchodu<\/li><li style=\"font-size: 17px;\">Zas\u00edlat v\u00e1m marketingov\u00e9 zpr\u00e1vy, pokud se rozhodnete je p\u0159ij\u00edmat<\/li><\/ul><p style=\"font-style: normal; font-size: 17px; margin-bottom: 0.5em; caret-color: #000000; color: #000000;\">Pokud si vytvo\u0159\u00edte \u00fa\u010det, ulo\u017e\u00edme va\u0161e jm\u00e9no, adresu, e-mail a telefonn\u00ed \u010d\u00edslo, kter\u00e9 budou pou\u017eity k p\u0159edvypln\u011bn\u00ed ov\u011b\u0159en\u00ed objedn\u00e1vky pro budouc\u00ed objedn\u00e1vky.<\/p><p style=\"font-style: normal; font-size: 17px; margin-bottom: 0.5em; caret-color: #000000; color: #000000;\">Nous stockons g\u00e9n\u00e9ralement vos informations aussi longtemps que nous en avons besoin pour l\u2019usage pour lequel nous les collectons et utilisons, et nous ne sommes pas oblig\u00e9s l\u00e9galement de conitnuer \u00e0 les conserver. Par exemple, nous stockons les informations de commande pour 2 ann\u00e9es pour les taxes et la comptabilit\u00e9. Ceci inclut votre nom, adresse de messagerie et adresses de facturation et livraison.<\/p><p style=\"font-style: normal; font-size: 17px; margin-bottom: 0.5em; caret-color: #000000; color: #000000;\">Ukl\u00e1d\u00e1me tak\u00e9 koment\u00e1\u0159e nebo recenze, pokud se je rozhodnete odeslat.<\/p><h2 style=\"caret-color: #000000; font-style: normal; text-transform: none; font-size: 2.235294rem; font-weight: 400; line-height: 1.3em;\">Kdo z na\u0161eho t\u00fdmu m\u00e1 p\u0159\u00edstup k dat\u016fm<\/h2><p style=\"font-style: normal; font-size: 17px; margin-bottom: 0.5em; caret-color: #000000; color: #000000;\">\u010clenov\u00e9 na\u0161eho t\u00fdmu maj\u00ed p\u0159\u00edstup k informac\u00edm, kter\u00e9 n\u00e1m poskytnete. Spr\u00e1vci a mana\u017ee\u0159i obchod\u016f maj\u00ed nap\u0159\u00edklad p\u0159\u00edstup k:<\/p><ul style=\"font-style: normal; font-size: 17px; list-style-position: outside; list-style-type: disc; caret-color: #000000; color: #000000;\"><li style=\"font-size: 17px;\">Informace o objedn\u00e1vce, nap\u0159\u00edklad co bylo zakoupeno, kdy a kam by to m\u011blo b\u00fdt odesl\u00e1no a<\/li><li style=\"font-size: 17px;\">\u00dadaje o z\u00e1kazn\u00edkovi, jako je va\u0161e jm\u00e9no, e-mailov\u00e1 adresa a faktura\u010dn\u00ed a dodac\u00ed \u00fadaje.<\/li><\/ul><p style=\"font-style: normal; font-size: 17px; margin-bottom: 0.5em; caret-color: #000000; color: #000000;\">N\u00e1\u0161 t\u00fdm m\u00e1 k t\u011bmto informac\u00edm p\u0159\u00edstup, aby mohl zpracov\u00e1vat objedn\u00e1vky, vracet pen\u00edze a podporovat v\u00e1s.<\/p><h2 style=\"caret-color: #000000; font-style: normal; text-transform: none; font-size: 2.235294rem; font-weight: 400; line-height: 1.3em;\">Co sd\u00edl\u00edme s ostatn\u00edmi<\/h2><p style=\"font-style: normal; font-size: 17px; margin-bottom: 0.5em; caret-color: #000000; color: #000000;\">\u00dadaje sd\u00edl\u00edme s t\u0159et\u00edmi stranami, kter\u00e9 n\u00e1m pom\u00e1haj\u00ed spravovat na\u0161e objedn\u00e1vky a slu\u017eby obchodu; Stripe, co\u017e je slu\u017eba pro platby kreditn\u00ed kartou, a PayPal, co\u017e je platebn\u00ed br\u00e1na.<\/p><h3 style=\"caret-color: #000000; font-style: normal; font-size: 1.764706rem; font-weight: 400; line-height: 1.3em;\">Platby<\/h3><p style=\"font-style: normal; font-size: 17px; margin-bottom: 0.5em; caret-color: #000000; color: #000000;\">P\u0159ij\u00edm\u00e1me platby p\u0159es PayPal a Stripe. P\u0159i zpracov\u00e1n\u00ed plateb budou do PayPal nebo Stripe p\u0159eneseny ur\u010dit\u00e9 \u00fadaje, v\u010detn\u011b informac\u00ed pot\u0159ebn\u00fdch k dokon\u010den\u00ed platby, jako je celkov\u00e1 \u010d\u00e1stka nebo faktura\u010dn\u00ed \u00fadaje.<\/p><p style=\"font-style: normal; font-size: 17px; margin-bottom: 0.5em; caret-color: #000000; color: #000000;\">P\u0159e\u010dt\u011bte si pros\u00edm\u00a0<a style=\"color: #f94b71;\" href=\"https:\/\/www.paypal.com\/us\/webapps\/mpp\/ua\/privacy-full\">Z\u00e1sady ochrany osobn\u00edch \u00fadaj\u016f PayPal<\/a>\u00a0V\u00edce podrobnost\u00ed.<\/p><p style=\"font-style: normal; font-size: 17px; margin-bottom: 0.5em; caret-color: #000000; color: #000000;\">P\u0159e\u010dt\u011bte si pros\u00edm\u00a0<a style=\"color: #f94b71;\" href=\"https:\/\/stripe.com\/fr\/privacy\">Z\u00e1sady ochrany osobn\u00edch \u00fadaj\u016f Stripe<\/a>\u00a0V\u00edce podrobnost\u00ed.<\/p>\t\t\t\t\t\t\t\t<\/div>\n\t\t\t\t<\/div>\n\t\t\t\t\t<\/div>\n\t\t\t\t<\/div>\n\t\t\t\t<\/div>","protected":false},"excerpt":{"rendered":"<p>Politique de Confidentialit\u00e9 Qui sommes-nous\u00a0? L\u2019adresse de notre site Web est : https:\/\/snow-alligator-195314.hostingersite.com Vous pouvez nous contacter \u00e0 l\u2019adresse email suivante : contact@snow-alligator-195314.hostingersite.com Utilisation des donn\u00e9es personnelles collect\u00e9es Pour toute commande effectu\u00e9e ou toute cr\u00e9ation de compte, vous acceptez de recevoir des offres et promotions par email et\/ou par t\u00e9l\u00e9phone. Commentaires Quand vous laissez un [&hellip;]<\/p>\n","protected":false},"author":1,"featured_media":0,"parent":0,"menu_order":0,"comment_status":"closed","ping_status":"closed","template":"","meta":{"_seopress_robots_primary_cat":"","_seopress_titles_title":"","_seopress_titles_desc":"","_seopress_robots_index":"","site-sidebar-layout":"no-sidebar","site-content-layout":"page-builder","ast-site-content-layout":"default","site-content-style":"default","site-sidebar-style":"default","ast-global-header-display":"","ast-banner-title-visibility":"","ast-main-header-display":"","ast-hfb-above-header-display":"","ast-hfb-below-header-display":"","ast-hfb-mobile-header-display":"","site-post-title":"disabled","ast-breadcrumbs-content":"","ast-featured-img":"disabled","footer-sml-layout":"","ast-disable-related-posts":"","theme-transparent-header-meta":"","adv-header-id-meta":"","stick-header-meta":"","header-above-stick-meta":"","header-main-stick-meta":"","header-below-stick-meta":"","astra-migrate-meta-layouts":"default","ast-page-background-enabled":"default","ast-page-background-meta":{"desktop":{"background-color":"","background-image":"","background-repeat":"repeat","background-position":"center center","background-size":"auto","background-attachment":"scroll","background-type":"","background-media":"","overlay-type":"","overlay-color":"","overlay-opacity":"","overlay-gradient":""},"tablet":{"background-color":"","background-image":"","background-repeat":"repeat","background-position":"center center","background-size":"auto","background-attachment":"scroll","background-type":"","background-media":"","overlay-type":"","overlay-color":"","overlay-opacity":"","overlay-gradient":""},"mobile":{"background-color":"","background-image":"","background-repeat":"repeat","background-position":"center center","background-size":"auto","background-attachment":"scroll","background-type":"","background-media":"","overlay-type":"","overlay-color":"","overlay-opacity":"","overlay-gradient":""}},"ast-content-background-meta":{"desktop":{"background-color":"var(--ast-global-color-5)","background-image":"","background-repeat":"repeat","background-position":"center center","background-size":"auto","background-attachment":"scroll","background-type":"","background-media":"","overlay-type":"","overlay-color":"","overlay-opacity":"","overlay-gradient":""},"tablet":{"background-color":"var(--ast-global-color-5)","background-image":"","background-repeat":"repeat","background-position":"center center","background-size":"auto","background-attachment":"scroll","background-type":"","background-media":"","overlay-type":"","overlay-color":"","overlay-opacity":"","overlay-gradient":""},"mobile":{"background-color":"var(--ast-global-color-5)","background-image":"","background-repeat":"repeat","background-position":"center center","background-size":"auto","background-attachment":"scroll","background-type":"","background-media":"","overlay-type":"","overlay-color":"","overlay-opacity":"","overlay-gradient":""}},"footnotes":""},"class_list":["post-1218","page","type-page","status-publish","hentry"],"_links":{"self":[{"href":"https:\/\/buying-fever.com\/cs\/wp-json\/wp\/v2\/pages\/1218","targetHints":{"allow":["GET"]}}],"collection":[{"href":"https:\/\/buying-fever.com\/cs\/wp-json\/wp\/v2\/pages"}],"about":[{"href":"https:\/\/buying-fever.com\/cs\/wp-json\/wp\/v2\/types\/page"}],"author":[{"embeddable":true,"href":"https:\/\/buying-fever.com\/cs\/wp-json\/wp\/v2\/users\/1"}],"replies":[{"embeddable":true,"href":"https:\/\/buying-fever.com\/cs\/wp-json\/wp\/v2\/comments?post=1218"}],"version-history":[{"count":0,"href":"https:\/\/buying-fever.com\/cs\/wp-json\/wp\/v2\/pages\/1218\/revisions"}],"wp:attachment":[{"href":"https:\/\/buying-fever.com\/cs\/wp-json\/wp\/v2\/media?parent=1218"}],"curies":[{"name":"wp","href":"https:\/\/api.w.org\/{rel}","templated":true}]}}