{"id":1215,"date":"2023-08-13T14:06:55","date_gmt":"2023-08-13T14:06:55","guid":{"rendered":"https:\/\/snow-alligator-195314.hostingersite.com\/?page_id=1215"},"modified":"2025-04-13T23:59:30","modified_gmt":"2025-04-13T21:59:30","slug":"mentions-legales","status":"publish","type":"page","link":"https:\/\/buying-fever.com\/cs\/zakonne-oznameni\/","title":{"rendered":"Z\u00e1konn\u00e9 ozn\u00e1men\u00ed"},"content":{"rendered":"<div data-elementor-type=\"wp-page\" data-elementor-id=\"1215\" class=\"elementor elementor-1215\" data-elementor-post-type=\"page\">\n\t\t\t\t<div class=\"elementor-element elementor-element-1059819 e-flex e-con-boxed e-con e-parent\" data-id=\"1059819\" data-element_type=\"container\" data-e-type=\"container\">\n\t\t\t\t\t<div class=\"e-con-inner\">\n\t\t\t\t<div class=\"elementor-element elementor-element-15e19df elementor-widget elementor-widget-heading\" data-id=\"15e19df\" data-element_type=\"widget\" data-e-type=\"widget\" data-widget_type=\"heading.default\">\n\t\t\t\t<div class=\"elementor-widget-container\">\n\t\t\t\t\t<h1 class=\"elementor-heading-title elementor-size-default\">Z\u00e1konn\u00e9 ozn\u00e1men\u00ed<\/h1>\t\t\t\t<\/div>\n\t\t\t\t<\/div>\n\t\t\t\t<div class=\"elementor-element elementor-element-7e740d0 elementor-widget elementor-widget-text-editor\" data-id=\"7e740d0\" data-element_type=\"widget\" data-e-type=\"widget\" data-widget_type=\"text-editor.default\">\n\t\t\t\t<div class=\"elementor-widget-container\">\n\t\t\t\t\t\t\t\t\t<h2 style=\"font-style: normal; text-transform: none; font-size: 2rem; margin-bottom: 0px; color: #005ca2; line-height: 1.25em; caret-color: #7a7a7a;\"><span style=\"color: #333333;\">1. Prezentace str\u00e1nek.<\/span><\/h2><div style=\"caret-color: #7a7a7a; color: #7a7a7a; font-size: 15px;\"><p style=\"font-size: 15px; margin-bottom: 1.75em;\">Podle \u010dl\u00e1nku 6 z\u00e1kona \u010d. 2004-575 ze dne 21. \u010dervna 2004 o d\u016fv\u011b\u0159e v digit\u00e1ln\u00ed ekonomiku jsou u\u017eivatel\u00e9 webu purchase-fever.com informov\u00e1ni o identit\u011b r\u016fzn\u00fdch \u00fa\u010dastn\u00edk\u016f v r\u00e1mci jeho implementace a monitorov\u00e1n\u00ed:<\/p><p style=\"font-size: 15px; margin-bottom: 1.75em;\"><strong>Majitel<\/strong> : Brand Success \u2013 78, Avenue des Champs-\u00c9lys\u00e9es, Bureau 562, 75008 Paris \u2013 France. Siret : 83353766500022<\/p><p style=\"font-size: 15px; margin-bottom: 1.75em;\"><span style=\"font-style: inherit; color: var( --e-global-color-text ); font-family: var( --e-global-typography-text-font-family ), Sans-serif;\">Spr\u00e1vcem publikace je fyzick\u00e1 nebo pr\u00e1vnick\u00e1 osoba.<\/span><\/p><p style=\"font-size: 15px; margin-bottom: 1.75em;\"><strong>Hostitel<\/strong>\u00a0:\u00a0<em>OVH<\/em>\u00a0SAS: 2 rue Kellermann \u2013 BP 80157 59053 ROUBAIX CEDEX 1<\/p><h3 style=\"font-size: 1.666667rem; margin-bottom: 0px; color: #005ca2; line-height: 1.2em;\"><span style=\"color: #333333;\">2. V\u0161eobecn\u00e9 podm\u00ednky pou\u017e\u00edv\u00e1n\u00ed str\u00e1nek a nab\u00edzen\u00fdch slu\u017eeb.<\/span><\/h3><p style=\"font-size: 15px; margin-bottom: 1.75em;\">Pou\u017e\u00edv\u00e1n\u00ed str\u00e1nky purchase-fever.com znamen\u00e1 pln\u00e9 p\u0159ijet\u00ed v\u0161eobecn\u00fdch podm\u00ednek pou\u017eit\u00ed popsan\u00fdch n\u00ed\u017ee. Tyto podm\u00ednky pou\u017eit\u00ed mohou b\u00fdt kdykoli zm\u011bn\u011bny nebo dopln\u011bny, u\u017eivatel\u00e9 webu purchase-fever.com jsou proto vyz\u00fdv\u00e1ni, aby je pravideln\u011b konzultovali.<\/p><p style=\"font-size: 15px; margin-bottom: 1.75em;\">Ce site est normalement accessible \u00e0 tout moment aux utilisateurs. Une interruption pour raison de maintenance technique peut \u00eatre toutefois d\u00e9cid\u00e9e par Brand Success, qui s\u2019efforcera alors de communiquer pr\u00e9alablement aux utilisateurs les dates et heures de l\u2019intervention.<\/p><p style=\"font-size: 15px; margin-bottom: 1.75em;\">Web purchase-fever.com<a style=\"color: #547dd3;\" href=\"https:\/\/rocket-marketing.eu\/\">\u00a0<\/a>est mis \u00e0 jour r\u00e9guli\u00e8rement par Brand Success. De la m\u00eame fa\u00e7on, les mentions l\u00e9gales peuvent \u00eatre modifi\u00e9es \u00e0 tout moment : elles s\u2019imposent n\u00e9anmoins \u00e0 l\u2019utilisateur qui est invit\u00e9 \u00e0 s\u2019y r\u00e9f\u00e9rer le plus souvent possible afin d\u2019en prendre connaissance.<\/p><h3 style=\"font-size: 1.666667rem; margin-bottom: 0px; color: #005ca2; line-height: 1.2em;\"><span style=\"color: #333333;\">3. Popis poskytovan\u00fdch slu\u017eeb.<\/span><\/h3><p style=\"font-size: 15px; margin-bottom: 1.75em;\">\u00da\u010delem str\u00e1nky purchase-fever.com je poskytovat informace t\u00fdkaj\u00edc\u00ed se v\u0161ech aktivit spole\u010dnosti.<\/p><p style=\"font-size: 15px; margin-bottom: 1.75em;\">Brand Success s\u2019efforce de fournir sur le site buying-fever.com des informations aussi pr\u00e9cises que possible. Toutefois, il ne pourra \u00eatre tenue responsable des omissions, des inexactitudes et des carences dans la mise \u00e0 jour, qu\u2019elles soient de son fait ou du fait des tiers partenaires qui lui fournissent ces informations.<\/p><p style=\"font-size: 15px; margin-bottom: 1.75em;\">V\u0161echny informace uveden\u00e9 na str\u00e1nk\u00e1ch purchase-fever.com jsou poskytov\u00e1ny pouze pro informa\u010dn\u00ed \u00fa\u010dely a mohou se zm\u011bnit. Krom\u011b toho nejsou informace na webu purchase-fever.com vy\u010derp\u00e1vaj\u00edc\u00ed. Podl\u00e9haj\u00ed zm\u011bn\u00e1m, kter\u00e9 byly provedeny od doby, kdy byly um\u00edst\u011bny online.<\/p><h3 style=\"font-size: 1.666667rem; margin-bottom: 0px; color: #005ca2; line-height: 1.2em;\"><span style=\"color: #333333;\">4. Smluvn\u00ed omezen\u00ed technick\u00fdch \u00fadaj\u016f.<\/span><\/h3><p style=\"font-size: 15px; margin-bottom: 1.75em;\">Str\u00e1nky vyu\u017e\u00edvaj\u00ed technologii JavaScript.<\/p><p style=\"font-size: 15px; margin-bottom: 1.75em;\">Webov\u00e1 str\u00e1nka nem\u016f\u017ee b\u00fdt zodpov\u011bdn\u00e1 za materi\u00e1ln\u00ed \u0161kody spojen\u00e9 s pou\u017e\u00edv\u00e1n\u00edm str\u00e1nek. Krom\u011b toho se u\u017eivatel str\u00e1nek zavazuje p\u0159istupovat na str\u00e1nky pomoc\u00ed nejnov\u011bj\u0161\u00edho vybaven\u00ed neobsahuj\u00edc\u00edho viry a s aktualizovan\u00fdm prohl\u00ed\u017ee\u010dem nejnov\u011bj\u0161\u00ed generace.<\/p><h3 style=\"font-size: 1.666667rem; margin-bottom: 0px; color: #005ca2; line-height: 1.2em;\"><span style=\"color: #333333;\">5. Du\u0161evn\u00ed vlastnictv\u00ed a pad\u011bl\u00e1n\u00ed.<\/span><\/h3><p style=\"font-size: 15px; margin-bottom: 1.75em;\">Brand Success est propri\u00e9taire des droits de propri\u00e9t\u00e9 intellectuelle ou d\u00e9tient les droits d\u2019usage sur tous les \u00e9l\u00e9ments accessibles sur le site, notamment les textes, images, graphismes, logo, ic\u00f4nes, sons, logiciels.<\/p><p style=\"font-size: 15px; margin-bottom: 1.75em;\">Toute reproduction, repr\u00e9sentation, modification, publication, adaptation de tout ou partie des \u00e9l\u00e9ments du site, quel que soit le moyen ou le proc\u00e9d\u00e9 utilis\u00e9, est interdite, sauf autorisation \u00e9crite pr\u00e9alable de la soci\u00e9t\u00e9 Brand Success.<\/p><p style=\"font-size: 15px; margin-bottom: 1.75em;\">Jak\u00e9koli neopr\u00e1vn\u011bn\u00e9 pou\u017eit\u00ed str\u00e1nky nebo jak\u00e9hokoli prvku, kter\u00fd obsahuje, bude pova\u017eov\u00e1no za poru\u0161en\u00ed a bude st\u00edh\u00e1no v souladu s ustanoven\u00edmi \u010dl\u00e1nk\u016f L.335-2 a n\u00e1sleduj\u00edc\u00edch Z\u00e1kona o du\u0161evn\u00edm vlastnictv\u00ed.<\/p><h3 style=\"font-size: 1.666667rem; margin-bottom: 0px; color: #005ca2; line-height: 1.2em;\"><span style=\"color: #333333;\">6. Omezen\u00ed odpov\u011bdnosti.<\/span><\/h3><p style=\"font-size: 15px; margin-bottom: 1.75em;\">Brand Success ne pourra \u00eatre tenue responsable des dommages directs et indirects caus\u00e9s au mat\u00e9riel de l\u2019utilisateur, lors de l\u2019acc\u00e8s au site buying-fever.com, et r\u00e9sultant soit de l\u2019utilisation d\u2019un mat\u00e9riel ne r\u00e9pondant pas aux sp\u00e9cifications indiqu\u00e9es au point 4, soit de l\u2019apparition d\u2019un bug ou d\u2019une incompatibilit\u00e9.<\/p><p style=\"font-size: 15px; margin-bottom: 1.75em;\">Brand Success ne pourra \u00e9galement \u00eatre tenue responsable des dommages indirects (tels par exemple qu\u2019une perte de march\u00e9 ou perte d\u2019une chance) cons\u00e9cutifs \u00e0 l\u2019utilisation du site buying-fever.com<\/p><p style=\"font-size: 15px; margin-bottom: 1.75em;\">Des espaces interactifs (possibilit\u00e9 de poser des questions dans l\u2019espace contact) sont \u00e0 la disposition des utilisateurs. Brand Success se r\u00e9serve le droit de supprimer, sans mise en demeure pr\u00e9alable, tout contenu d\u00e9pos\u00e9 dans cet espace qui contreviendrait \u00e0 la l\u00e9gislation applicable en France, en particulier aux dispositions relatives \u00e0 la protection des donn\u00e9es. Le cas \u00e9ch\u00e9ant, Brand Success se r\u00e9serve \u00e9galement la possibilit\u00e9 de mettre en cause la responsabilit\u00e9 civile et\/ou p\u00e9nale de l\u2019utilisateur, notamment en cas de message \u00e0 caract\u00e8re raciste, injurieux, diffamant, ou pornographique, quel que soit le support utilis\u00e9 (texte, photographie\u2026).<\/p><h3 style=\"font-size: 1.666667rem; margin-bottom: 0px; color: #005ca2; line-height: 1.2em;\"><span style=\"color: #333333;\">7. Spr\u00e1va osobn\u00edch \u00fadaj\u016f.<\/span><\/h3><p style=\"font-size: 15px; margin-bottom: 1.75em;\">Ve Francii jsou osobn\u00ed \u00fadaje chr\u00e1n\u011bny zejm\u00e9na z\u00e1konem \u010d. 78-87 ze dne 6. ledna 1978, z\u00e1konem \u010d. 2004-801 ze dne 6. srpna 2004, \u010dl\u00e1nkem L. 226-13 trestn\u00edho z\u00e1kon\u00edku a evropskou sm\u011brnic\u00ed ze dne 24. \u0159\u00edjna , 1995.<\/p><p style=\"font-size: 15px; margin-bottom: 1.75em;\">P\u0159i pou\u017e\u00edv\u00e1n\u00ed str\u00e1nky purchase-fever.com mohou b\u00fdt shroma\u017e\u010fov\u00e1ny n\u00e1sleduj\u00edc\u00ed: adresa URL odkaz\u016f, p\u0159es kter\u00e9 u\u017eivatel vstoupil na str\u00e1nku purchase-fever.com poskytovatel p\u0159\u00edstupu u\u017eivatele, adresa internetov\u00e9ho protokolu (IP) u\u017eivatele.<\/p><p style=\"font-size: 15px; margin-bottom: 1.75em;\">En tout \u00e9tat de cause Brand Success ne collecte des informations personnelles relatives \u00e0 l\u2019utilisateur que pour le besoin de certains services propos\u00e9s par le site buying-fever.com. L\u2019utilisateur fournit ces informations en toute connaissance de cause, notamment lorsqu\u2019il proc\u00e8de par lui-m\u00eame \u00e0 leur saisie. Il est alors pr\u00e9cis\u00e9 \u00e0 l\u2019utilisateur du site buying-fever.com a l\u2019obligation ou non de fournir ces informations.<\/p><p style=\"font-size: 15px; margin-bottom: 1.75em;\">V souladu s ustanoven\u00edmi \u010dl\u00e1nk\u016f 38 a n\u00e1sleduj\u00edc\u00edch z\u00e1kona 78-17 ze dne 6. ledna 1978 o zpracov\u00e1n\u00ed \u00fadaj\u016f, souborech a svobod\u00e1ch m\u00e1 ka\u017ed\u00fd u\u017eivatel pr\u00e1vo na p\u0159\u00edstup, opravu a nesouhlas s osobn\u00edmi \u00fadaji, kter\u00e9 se ho t\u00fdkaj\u00ed, t\u00edm, \u017ee p\u00edsemn\u011b u\u010din\u00ed a podepsanou \u017e\u00e1dost spolu s kopi\u00ed dokladu toto\u017enosti s podpisem dr\u017eitele dokladu s uveden\u00edm adresy, na kterou m\u00e1 b\u00fdt odpov\u011b\u010f zasl\u00e1na.<\/p><p style=\"font-size: 15px; margin-bottom: 1.75em;\">Aucune information personnelle de l\u2019utilisateur du site buying-fever.com n\u2019est publi\u00e9e \u00e0 l\u2019insu de l\u2019utilisateur, \u00e9chang\u00e9e, transf\u00e9r\u00e9e, c\u00e9d\u00e9e ou vendue sur un support quelconque \u00e0 des tiers. Seule l\u2019hypoth\u00e8se du rachat de Brand Success et de ses droits permettrait la transmission des dites informations \u00e0 l\u2019\u00e9ventuel acqu\u00e9reur qui serait \u00e0 son tour tenu de la m\u00eame obligation de conservation et de modification des donn\u00e9es vis \u00e0 vis de l\u2019utilisateur du site buying-fever.com<\/p><p style=\"font-size: 15px; margin-bottom: 1.75em;\">Datab\u00e1ze jsou chr\u00e1n\u011bny ustanoven\u00edmi z\u00e1kona ze dne 1. \u010dervence 1998, kter\u00fdm se prov\u00e1d\u00ed sm\u011brnice 96\/9 ze dne 11. b\u0159ezna 1996 o pr\u00e1vn\u00ed ochran\u011b datab\u00e1z\u00ed.<\/p><h3 style=\"font-size: 1.666667rem; margin-bottom: 0px; color: #005ca2; line-height: 1.2em;\"><span style=\"color: #333333;\">8. Hypertextov\u00e9 odkazy a soubory cookie.<\/span><\/h3><p style=\"font-size: 15px; margin-bottom: 1.75em;\">Le site buying-fever.com contient un certain nombre de liens hypertextes vers d\u2019autres sites, mis en place avec l\u2019autorisation de Brand Success. Cependant, Brand Success n\u2019a pas la possibilit\u00e9 de v\u00e9rifier le contenu des sites ainsi visit\u00e9s, et n\u2019assumera en cons\u00e9quence aucune responsabilit\u00e9 de ce fait.<\/p><p style=\"font-size: 15px; margin-bottom: 1.75em;\">Prohl\u00ed\u017een\u00ed str\u00e1nek purchase-fever.com m\u016f\u017ee zp\u016fsobit instalaci soubor\u016f cookie na po\u010d\u00edta\u010d u\u017eivatele. Cookie je mal\u00fd soubor, kter\u00fd neumo\u017e\u0148uje identifikaci u\u017eivatele, ale zaznamen\u00e1v\u00e1 informace t\u00fdkaj\u00edc\u00ed se navigace po\u010d\u00edta\u010de na str\u00e1nce. Takto z\u00edskan\u00e1 data maj\u00ed usnadnit n\u00e1slednou navigaci na m\u00edst\u011b a maj\u00ed tak\u00e9 umo\u017enit r\u016fzn\u00e1 m\u011b\u0159en\u00ed n\u00e1v\u0161t\u011bvnosti.<\/p><p style=\"font-size: 15px; margin-bottom: 1.75em;\">Odm\u00edtnut\u00ed instalace cookie m\u016f\u017ee m\u00edt za n\u00e1sledek znemo\u017en\u011bn\u00ed p\u0159\u00edstupu k ur\u010dit\u00fdm slu\u017eb\u00e1m. U\u017eivatel si v\u0161ak m\u016f\u017ee nakonfigurovat sv\u016fj po\u010d\u00edta\u010d n\u00e1sleduj\u00edc\u00edm zp\u016fsobem, aby instalaci cookies odm\u00edtl:<\/p><p style=\"font-size: 15px; margin-bottom: 1.75em;\">V aplikaci Internet Explorer: karta n\u00e1stroje (piktogram ve tvaru ozuben\u00e9ho kole\u010dka vpravo naho\u0159e) \/ mo\u017enosti internetu. Klikn\u011bte na Soukrom\u00ed a vyberte Blokovat v\u0161echny soubory cookie. Potvr\u010fte OK.<\/p><p style=\"font-size: 15px; margin-bottom: 1.75em;\">V \u010d\u00e1sti Firefox: v horn\u00ed \u010d\u00e1sti okna prohl\u00ed\u017ee\u010de klikn\u011bte na tla\u010d\u00edtko Firefox a p\u0159ejd\u011bte na kartu Mo\u017enosti. Klikn\u011bte na kartu Ochrana osobn\u00edch \u00fadaj\u016f. Nastavit pravidla uchov\u00e1n\u00ed na: Pou\u017e\u00edt vlastn\u00ed nastaven\u00ed pro historii. Nakonec zru\u0161te za\u0161krtnut\u00ed a deaktivujte soubory cookie.<\/p><p style=\"font-size: 15px; margin-bottom: 1.75em;\">Pod Safari: Klikn\u011bte v prav\u00e9m horn\u00edm rohu prohl\u00ed\u017ee\u010de na piktogram nab\u00eddky (symbolizovan\u00fd ozuben\u00fdm kole\u010dkem). Vyberte Nastaven\u00ed. Klikn\u011bte na Zobrazit roz\u0161\u00ed\u0159en\u00e1 nastaven\u00ed. V \u010d\u00e1sti \u201eSoukrom\u00ed\u201c klikn\u011bte na Nastaven\u00ed obsahu. V sekci \u201eCookies\u201c m\u016f\u017eete blokovat soubory cookie.<\/p><p style=\"font-size: 15px; margin-bottom: 1.75em;\">V \u010d\u00e1sti Chrome: Klikn\u011bte v prav\u00e9m horn\u00edm rohu prohl\u00ed\u017ee\u010de na piktogram nab\u00eddky (symbolizovan\u00fd t\u0159emi vodorovn\u00fdmi \u010darami). Vyberte Nastaven\u00ed. Klikn\u011bte na Zobrazit roz\u0161\u00ed\u0159en\u00e1 nastaven\u00ed. V \u010d\u00e1sti \u201eSoukrom\u00ed\u201c klikn\u011bte na P\u0159edvolby. Na z\u00e1lo\u017ece \u201eSoukrom\u00ed\u201c m\u016f\u017eete blokovat soubory cookie.<\/p><h3 style=\"font-size: 1.666667rem; margin-bottom: 0px; color: #005ca2; line-height: 1.2em;\"><span style=\"color: #333333;\">9. Rozhodn\u00e9 pr\u00e1vo a ur\u010den\u00ed jurisdikce.<\/span><\/h3><p style=\"font-size: 15px; margin-bottom: 1.75em;\">Jak\u00fdkoli spor souvisej\u00edc\u00ed s pou\u017e\u00edv\u00e1n\u00edm str\u00e1nky purchase-fever.com podl\u00e9h\u00e1 francouzsk\u00e9mu pr\u00e1vu. V\u00fdlu\u010dn\u00e1 jurisdikce je ud\u011blena p\u0159\u00edslu\u0161n\u00fdm soud\u016fm v Pa\u0159\u00ed\u017ei.<\/p><h3 style=\"font-size: 1.666667rem; margin-bottom: 0px; color: #005ca2; line-height: 1.2em;\"><span style=\"color: #333333;\">10. Hlavn\u00ed dot\u010den\u00e9 z\u00e1kony.<\/span><\/h3><p style=\"font-size: 15px; margin-bottom: 1.75em;\">Z\u00e1kon \u010d. 78-17 ze dne 6. ledna 1978, zejm\u00e9na novelizovan\u00fd z\u00e1konem \u010d. 2004-801 ze dne 6. srpna 2004 o zpracov\u00e1n\u00ed \u00fadaj\u016f, souborech a svobod\u00e1ch.<\/p><p style=\"font-size: 15px; margin-bottom: 1.75em;\">Z\u00e1kon \u010d. 2004-575 ze dne 21. \u010dervna 2004 o d\u016fv\u011b\u0159e v digit\u00e1ln\u00ed ekonomiku.<\/p><h3 style=\"font-size: 1.666667rem; margin-bottom: 0px; color: #005ca2; line-height: 1.2em;\"><span style=\"color: #333333;\">11. Glos\u00e1\u0159.<\/span><\/h3><p style=\"font-size: 15px; margin-bottom: 1.75em;\">U\u017eivatel: U\u017eivatel internetu se p\u0159ipojuje pomoc\u00ed v\u00fd\u0161e uveden\u00e9 str\u00e1nky.<\/p><p style=\"font-size: 15px; margin-bottom: 1.75em;\">Osobn\u00ed \u00fadaje: \u201einformace, kter\u00e9 umo\u017e\u0148uj\u00ed v jak\u00e9koli form\u011b, p\u0159\u00edmo \u010di nep\u0159\u00edmo, identifikaci fyzick\u00fdch osob, kter\u00fdch se t\u00fdkaj\u00ed\u201c (\u010dl\u00e1nek 4 z\u00e1kona \u010d. 78-17 ze dne 6. ledna 1978).<\/p><\/div>\t\t\t\t\t\t\t\t<\/div>\n\t\t\t\t<\/div>\n\t\t\t\t\t<\/div>\n\t\t\t\t<\/div>\n\t\t\t\t<\/div>","protected":false},"excerpt":{"rendered":"<p>Mentions L\u00e9gales 1. Pr\u00e9sentation du site. En vertu de l\u2019article 6 de la loi n\u00b0 2004-575 du 21 juin 2004 pour la confiance dans l\u2019\u00e9conomie num\u00e9rique, il est pr\u00e9cis\u00e9 aux utilisateurs du site buying-fever.com l\u2019identit\u00e9 des diff\u00e9rents intervenants dans le cadre de sa r\u00e9alisation et de son suivi : Propri\u00e9taire : Brand Success \u2013 78, [&hellip;]<\/p>\n","protected":false},"author":1,"featured_media":0,"parent":0,"menu_order":0,"comment_status":"closed","ping_status":"closed","template":"","meta":{"_seopress_robots_primary_cat":"","_seopress_titles_title":"","_seopress_titles_desc":"","_seopress_robots_index":"","site-sidebar-layout":"no-sidebar","site-content-layout":"page-builder","ast-site-content-layout":"default","site-content-style":"default","site-sidebar-style":"default","ast-global-header-display":"","ast-banner-title-visibility":"","ast-main-header-display":"","ast-hfb-above-header-display":"","ast-hfb-below-header-display":"","ast-hfb-mobile-header-display":"","site-post-title":"disabled","ast-breadcrumbs-content":"","ast-featured-img":"disabled","footer-sml-layout":"","ast-disable-related-posts":"","theme-transparent-header-meta":"","adv-header-id-meta":"","stick-header-meta":"","header-above-stick-meta":"","header-main-stick-meta":"","header-below-stick-meta":"","astra-migrate-meta-layouts":"default","ast-page-background-enabled":"default","ast-page-background-meta":{"desktop":{"background-color":"","background-image":"","background-repeat":"repeat","background-position":"center center","background-size":"auto","background-attachment":"scroll","background-type":"","background-media":"","overlay-type":"","overlay-color":"","overlay-opacity":"","overlay-gradient":""},"tablet":{"background-color":"","background-image":"","background-repeat":"repeat","background-position":"center center","background-size":"auto","background-attachment":"scroll","background-type":"","background-media":"","overlay-type":"","overlay-color":"","overlay-opacity":"","overlay-gradient":""},"mobile":{"background-color":"","background-image":"","background-repeat":"repeat","background-position":"center center","background-size":"auto","background-attachment":"scroll","background-type":"","background-media":"","overlay-type":"","overlay-color":"","overlay-opacity":"","overlay-gradient":""}},"ast-content-background-meta":{"desktop":{"background-color":"var(--ast-global-color-5)","background-image":"","background-repeat":"repeat","background-position":"center center","background-size":"auto","background-attachment":"scroll","background-type":"","background-media":"","overlay-type":"","overlay-color":"","overlay-opacity":"","overlay-gradient":""},"tablet":{"background-color":"var(--ast-global-color-5)","background-image":"","background-repeat":"repeat","background-position":"center center","background-size":"auto","background-attachment":"scroll","background-type":"","background-media":"","overlay-type":"","overlay-color":"","overlay-opacity":"","overlay-gradient":""},"mobile":{"background-color":"var(--ast-global-color-5)","background-image":"","background-repeat":"repeat","background-position":"center center","background-size":"auto","background-attachment":"scroll","background-type":"","background-media":"","overlay-type":"","overlay-color":"","overlay-opacity":"","overlay-gradient":""}},"footnotes":""},"class_list":["post-1215","page","type-page","status-publish","hentry"],"_links":{"self":[{"href":"https:\/\/buying-fever.com\/cs\/wp-json\/wp\/v2\/pages\/1215","targetHints":{"allow":["GET"]}}],"collection":[{"href":"https:\/\/buying-fever.com\/cs\/wp-json\/wp\/v2\/pages"}],"about":[{"href":"https:\/\/buying-fever.com\/cs\/wp-json\/wp\/v2\/types\/page"}],"author":[{"embeddable":true,"href":"https:\/\/buying-fever.com\/cs\/wp-json\/wp\/v2\/users\/1"}],"replies":[{"embeddable":true,"href":"https:\/\/buying-fever.com\/cs\/wp-json\/wp\/v2\/comments?post=1215"}],"version-history":[{"count":0,"href":"https:\/\/buying-fever.com\/cs\/wp-json\/wp\/v2\/pages\/1215\/revisions"}],"wp:attachment":[{"href":"https:\/\/buying-fever.com\/cs\/wp-json\/wp\/v2\/media?parent=1215"}],"curies":[{"name":"wp","href":"https:\/\/api.w.org\/{rel}","templated":true}]}}