{"id":1488,"date":"2023-09-05T11:01:10","date_gmt":"2023-09-05T11:01:10","guid":{"rendered":"https:\/\/snow-alligator-195314.hostingersite.com\/?post_type=product&#038;p=1488"},"modified":"2025-06-14T00:52:38","modified_gmt":"2025-06-13T22:52:38","slug":"masseur-xtreme","status":"publish","type":"product","link":"https:\/\/buying-fever.com\/ar\/product\/\u0645\u062f\u0644\u0643-\u0625\u0643\u0633\u062a\u0631\u064a\u0645\/","title":{"rendered":"\u0645\u062f\u0644\u0643 \u0625\u0643\u0633\u062a\u0631\u064a\u0645 \u2013 \u0627\u0644\u0631\u0623\u0633 \u0648\u0627\u0644\u062c\u0633\u0645"},"content":{"rendered":"<p style=\"text-align: center;\"><strong>\u0627\u0643\u062a\u0634\u0641 \u062c\u0647\u0627\u0632 \u062a\u062f\u0644\u064a\u0643 \u0627\u0644\u0631\u0623\u0633 \u0648\u0627\u0644\u062c\u0633\u0645 \u0627\u0644\u0643\u0647\u0631\u0628\u0627\u0626\u064a \u0645\u062a\u0639\u062f\u062f \u0627\u0644\u0648\u0638\u0627\u0626\u0641: \u0648\u0627\u062d\u0629 \u0627\u0644\u0627\u0633\u062a\u0631\u062e\u0627\u0621 \u0627\u0644\u064a\u0648\u0645\u064a!<\/strong><\/p>\n<p>&nbsp;<\/p>\n<p>\u0647\u0644 \u062a\u0634\u0639\u0631 \u0628\u0627\u0644\u062a\u0639\u0628 \u0628\u0627\u0633\u062a\u0645\u0631\u0627\u0631\u061f \u0647\u0644 \u0631\u0642\u0628\u062a\u0643 \u0645\u062a\u0648\u062a\u0631\u0629 \u0648\u0623\u0643\u062a\u0627\u0641\u0643 \u062b\u0642\u064a\u0644\u0629 \u0648\u0643\u0623\u0646\u0643 \u062a\u062d\u0645\u0644 \u062b\u0642\u0644 \u0627\u0644\u0639\u0627\u0644\u0645\u061f<\/p>\n<p>\u062a\u062e\u064a\u0644 \u0644\u0644\u062d\u0638\u0629 \u0623\u0646\u0643 \u0642\u0627\u062f\u0631 \u0639\u0644\u0649 \u0630\u0644\u0643 <strong>\u0627\u0644\u0627\u0641\u0631\u0627\u062c \u0639\u0646 \u0643\u0644 \u0647\u0630\u0627 \u0627\u0644\u062a\u0648\u062a\u0631<\/strong> \u0641\u064a \u0628\u0636\u0639 \u062f\u0642\u0627\u0626\u0642\u060c <strong>\u0623\u064a\u0646\u0645\u0627 \u0643\u0646\u062a \u0648\u0645\u062a\u0649 \u062a\u0631\u064a\u062f<\/strong>. \u0625\u0646\u0647 \u0644\u064a\u0633 \u062d\u0644\u0645\u064b\u0627\u060c \u0628\u0644 \u0647\u0648 \u0627\u0644\u0648\u0627\u0642\u0639 \u0627\u0644\u0630\u064a \u064a\u0642\u062f\u0645\u0647 \u0644\u0643 Xtreme Masseur!<\/p>\n<p>&nbsp;<\/p>\n<h2><img decoding=\"async\" class=\"detail-desc-decorate-image aligncenter\" src=\"https:\/\/ae01.alicdn.com\/kf\/S14eb127e1de1471ba69b882eb72416dai.jpg\" \/><\/h2>\n<h2><\/h2>\n<h2><strong>\u0627\u0644\u0646\u0642\u0627\u0637 \u0627\u0644\u0631\u0626\u064a\u0633\u064a\u0629<\/strong><\/h2>\n<p>&nbsp;<\/p>\n<p>\ud83d\udc4c <strong>\u0645\u062a\u0639\u062f\u062f\u0629 \u0627\u0644\u0648\u0638\u0627\u0626\u0641 \u0643\u0645\u0627 \u064a\u062d\u0644\u0648 \u0644\u0643:<\/strong> \u0644\u0627 \u064a\u0642\u062a\u0635\u0631 \u0627\u0644\u0623\u0645\u0631 \u0639\u0644\u0649 \u0641\u0631\u0648\u0629 \u0631\u0623\u0633\u0643! \u064a\u0645\u0643\u0646\u0643 \u0623\u064a\u0636\u064b\u0627 \u0627\u0633\u062a\u062e\u062f\u0627\u0645\u0647 \u0644\u062a\u062f\u0644\u064a\u0643 \u0643\u062a\u0641\u064a\u0643 \u0648\u0631\u0642\u0628\u062a\u0643 \u0648\u0638\u0647\u0631\u0643 \u0648\u0630\u0631\u0627\u0639\u064a\u0643 \u0648\u0633\u0627\u0642\u064a\u0643 \u0648\u062d\u062a\u0649 \u062e\u0635\u0631\u0643. \u0623\u0648\u0647\u060c \u0648\u062f\u0639\u0648\u0646\u0627 \u0644\u0627 \u0646\u0646\u0633\u0649 \u0642\u0637\u062a\u0643!<\/p>\n<p>\ud83e\udd16 <strong>\u062a\u0643\u0646\u0648\u0644\u0648\u062c\u064a\u0627 \u0627\u0644\u0645\u062d\u0627\u0643\u0627\u0629 \u0627\u0644\u0645\u062a\u0642\u062f\u0645\u0629:<\/strong> \u0628\u0641\u0636\u0644 \u0627\u0644\u0627\u0647\u062a\u0632\u0627\u0632 \u0639\u0627\u0644\u064a \u0627\u0644\u062a\u0631\u062f\u062f \u0648\u0627\u0644\u062a\u0628\u0627\u064a\u0646 \u0627\u0644\u062f\u0642\u064a\u0642 \u0641\u064a \u0627\u0644\u0634\u062f\u0629\u060c \u064a\u0645\u0643\u0646\u0643 \u0627\u0644\u0627\u0633\u062a\u0631\u062e\u0627\u0621 \u0648\u0627\u0646\u0633 \u0627\u0644\u062a\u0639\u0628 \u0648\u0642\u0644 \u0645\u0631\u062d\u0628\u064b\u0627 \u0628\u0646\u0648\u0639\u064a\u0629 \u0646\u0648\u0645 \u0623\u0641\u0636\u0644.<\/p>\n<p>\ud83d\udd04 <strong>6 \u062a\u0642\u0646\u064a\u0627\u062a \u06483 \u0623\u0648\u0636\u0627\u0639 \u0644\u0644\u062a\u062f\u0644\u064a\u0643:<\/strong> \u0627\u062e\u062a\u0631 \u0628\u064a\u0646 \u0627\u0644\u062a\u062b\u0628\u064a\u062a \u0648\u0627\u0644\u0639\u062c\u0646 \u0628\u0633\u0631\u0639\u0629 \u0645\u0646\u062e\u0641\u0636\u0629\u060c \u0623\u0648 \u0627\u0644\u062a\u062f\u0644\u064a\u0643 \u0628\u0633\u0631\u0639\u0629 \u0645\u062a\u0648\u0633\u0637\u0629 \u0623\u0648 \u0627\u0644\u062a\u062b\u0628\u064a\u062a \u0648\u0627\u0644\u0639\u062c\u0646 \u0628\u0633\u0631\u0639\u0629 \u0639\u0627\u0644\u064a\u0629. \u0627\u0644\u062d\u0644 \u0644\u0644\u062c\u0645\u064a\u0639!<\/p>\n<p>\ud83d\udca6 <strong>IPX7 \u0645\u0642\u0627\u0648\u0645 \u0644\u0644\u0645\u0627\u0621:<\/strong> \u0627\u0633\u062a\u0645\u062a\u0639 \u0628\u062d\u0645\u0627\u0645 \u0645\u0631\u064a\u062d \u0623\u062b\u0646\u0627\u0621 \u0627\u0644\u0627\u0633\u062a\u0645\u062a\u0627\u0639 \u0628\u062a\u062f\u0644\u064a\u0643 \u0627\u0633\u062a\u062b\u0646\u0627\u0626\u064a \u0644\u0644\u0631\u0623\u0633.<\/p>\n<p>\ud83c\udf40 <strong>\u0645\u0648\u0627\u062f \u0635\u062f\u064a\u0642\u0629 \u0644\u0644\u0628\u0634\u0631\u0629:<\/strong> \u0645\u0635\u0646\u0648\u0639 \u0645\u0646 \u0627\u0644\u0633\u064a\u0644\u064a\u0643\u0648\u0646 \u0639\u0627\u0644\u064a \u0627\u0644\u062c\u0648\u062f\u0629\u060c \u0647\u0630\u0627 \u0627\u0644\u0645\u062f\u0644\u0643 \u064a\u0639\u062a\u0646\u064a \u0628\u0643 \u062f\u0648\u0646 \u0627\u0644\u062a\u0633\u0628\u0628 \u0641\u064a \u062a\u0647\u064a\u062c \u0628\u0634\u0631\u062a\u0643.<\/p>\n<p>\ud83d\udd0b <strong>\u0627\u0644\u062d\u0643\u0645 \u0627\u0644\u0630\u0627\u062a\u064a \u0627\u0644\u0645\u0648\u0633\u0639:<\/strong> \u062a\u0645\u0646\u062d\u0643 \u0627\u0644\u0634\u062d\u0646\u0629 \u0627\u0644\u0648\u0627\u062d\u062f\u0629 \u0645\u0627 \u064a\u0635\u0644 \u0625\u0644\u0649 24 \u064a\u0648\u0645\u064b\u0627 \u0645\u0646 \u0627\u0644\u0627\u0633\u062a\u062e\u062f\u0627\u0645 \u0627\u0644\u064a\u0648\u0645\u064a \u0644\u0645\u062f\u0629 10 \u062f\u0642\u0627\u0626\u0642.<\/p>\n<p>\ud83d\udc5c <strong>\u062a\u0646\u0633\u064a\u0642 \u0645\u0636\u063a\u0648\u0637:<\/strong> \u0633\u0647\u0644 \u0627\u0644\u062d\u0645\u0644\u060c \u0641\u0647\u0648 \u0631\u0641\u064a\u0642\u0643 \u0627\u0644\u0645\u062b\u0627\u0644\u064a \u0641\u064a \u0627\u0644\u0639\u0645\u0644 \u0623\u0648 \u0641\u064a \u0631\u062d\u0644\u0627\u062a \u0627\u0644\u0639\u0645\u0644 \u0623\u0648 \u0641\u064a \u0627\u0644\u0639\u0637\u0644\u0627\u062a.<\/p>\n<p>&nbsp;<\/p>\n<p><img fetchpriority=\"high\" decoding=\"async\" class=\"wp-image-2215 size-full aligncenter\" src=\"https:\/\/buying-fever.com\/wp-content\/uploads\/2023\/09\/masseur-chat.gif\" alt=\"\u062c\u0647\u0627\u0632 \u062a\u062f\u0644\u064a\u0643 \u0625\u0643\u0633\u062a\u0631\u064a\u0645 \u0644\u0644\u0631\u0623\u0633 \u0648\u0627\u0644\u062c\u0633\u0645\" width=\"440\" height=\"580\" \/><\/p>\n<h2 style=\"text-align: center;\"><strong>\u0644\u0645\u0627\u0630\u0627 \u0644\u0645 \u064a\u0639\u062f \u0628\u0625\u0645\u0643\u0627\u0646\u0643 \u0627\u0644\u0627\u0633\u062a\u063a\u0646\u0627\u0621 \u0639\u0646 \u0645\u062f\u0644\u0643 Xtreme\u061f<\/strong><\/h2>\n<p>&nbsp;<\/p>\n<p>\u0639\u0646\u062f\u0645\u0627 \u0646\u062a\u062d\u062f\u062b \u0639\u0646 \u0627\u0644\u0631\u0641\u0627\u0647\u064a\u0629\u060c \u0641\u0625\u0646\u0646\u0627 \u0646\u0639\u0646\u064a \u0627\u0644\u0639\u0645\u0644. <strong>\u062a\u062d\u0648\u064a\u0644 \u0623\u064a \u0644\u062d\u0638\u0629 \u0625\u0644\u0649 \u062c\u0644\u0633\u0629 \u0627\u0633\u062a\u0631\u062e\u0627\u0621 \u0644\u0627 \u062a\u0646\u0633\u0649<\/strong>. \u0625\u0646\u0647 \u0623\u0643\u062b\u0631 \u0645\u0646 \u0645\u062c\u0631\u062f \u062c\u0647\u0627\u0632 \u062a\u062f\u0644\u064a\u0643\u060c \u0625\u0646\u0647 \u062c\u0647\u0627\u0632 <strong>\u062a\u062c\u0631\u0628\u0629 \u0627\u0644\u0631\u0639\u0627\u064a\u0629 \u0627\u0644\u0635\u062d\u064a\u0629 \u0648\u0627\u0644\u0639\u0627\u0641\u064a\u0629 \u0627\u0644\u062d\u0642\u064a\u0642\u064a\u0629 \u0641\u064a \u0645\u062a\u0646\u0627\u0648\u0644 \u064a\u062f\u0643<\/strong>.<\/p>\n<p>&nbsp;<\/p>\n<p><img decoding=\"async\" class=\"detail-desc-decorate-image aligncenter\" src=\"https:\/\/ae01.alicdn.com\/kf\/S613367f448474eceb14db54410d8ff7fL.jpg\" width=\"750\" height=\"750\" \/><\/p>\n<p><span style=\"font-family: OpenSans; font-size: 20px; font-weight: 900;\">\u0633\u0645\u0627\u062a :<\/span><\/p>\n<div class=\"detailmodule_html\">\n<div class=\"detail-desc-decorate-richtext\">\n<div class=\"detailmodule_text\">\n<p>\u0627\u0644\u0645\u0648\u0627\u062f: \u0639\u0628\u0633 + \u0627\u0644\u0643\u0645\u0628\u064a\u0648\u062a\u0631<br \/>\n\u0644\u0648\u0646 \u0623\u0628\u064a\u0636<br \/>\n\u0645\u0642\u0627\u0633 10<em>7<\/em>9 \u0633\u0645<br \/>\n\u0633\u0639\u0629 \u0627\u0644\u0628\u0637\u0627\u0631\u064a\u0629: 1100 \u0645\u0644\u0644\u064a \u0623\u0645\u0628\u064a\u0631<br \/>\n\u0642\u0648\u0629 \u0627\u0644\u0645\u0646\u062a\u062c: 5 \u0648\u0627\u0637<br \/>\n\u062c\u0647\u062f \u0627\u0644\u0634\u062d\u0646: 5 \u0641\u0648\u0644\u062a<br \/>\n\u062a\u064a\u0627\u0631 \u0627\u0644\u0634\u062d\u0646: 1A<\/p>\n<hr \/>\n<p>\u0642\u0627\u0626\u0645\u0629 \u0627\u0644\u0639\u0646\u0627\u0635\u0631 \u0627\u0644\u0645\u062f\u0631\u062c\u0629:<\/p>\n<p>1 * \u0645\u062f\u0644\u0643 \u0625\u0643\u0633\u062a\u0631\u064a\u0645<br \/>\n1 * \u0643\u0627\u0628\u0644 \u0634\u062d\u0646 \u064a\u0648 \u0627\u0633 \u0628\u064a<br \/>\n1 * \u062f\u0644\u064a\u0644 \u0627\u0644\u0645\u0633\u062a\u062e\u062f\u0645<\/p>\n<\/div>\n<div class=\"detailmodule_image\"><\/div>\n<\/div>\n<\/div>","protected":false},"excerpt":{"rendered":"<p>D\u00e9couvrez le Masseur Multifonction \u00c9lectrique pour T\u00eate et Corps : Votre Oasis de Relaxation Quotidienne ! &nbsp; Vous sentez-vous constamment fatigu\u00e9 ? Votre nuque est-elle tendue et vos \u00e9paules sont-elles lourdes comme si vous portiez le poids du monde ? Imaginez un instant pouvoir rel\u00e2cher toute cette tension en quelques minutes, o\u00f9 que vous soyez [&hellip;]<\/p>\n","protected":false},"featured_media":1482,"comment_status":"open","ping_status":"closed","template":"","meta":{"_seopress_robots_primary_cat":"none","_seopress_titles_title":"","_seopress_titles_desc":"","_seopress_robots_index":"","site-sidebar-layout":"default","site-content-layout":"","ast-site-content-layout":"default","site-content-style":"default","site-sidebar-style":"default","ast-global-header-display":"","ast-banner-title-visibility":"","ast-main-header-display":"","ast-hfb-above-header-display":"","ast-hfb-below-header-display":"","ast-hfb-mobile-header-display":"","site-post-title":"","ast-breadcrumbs-content":"","ast-featured-img":"","footer-sml-layout":"","ast-disable-related-posts":"","theme-transparent-header-meta":"default","adv-header-id-meta":"","stick-header-meta":"default","header-above-stick-meta":"","header-main-stick-meta":"","header-below-stick-meta":"","astra-migrate-meta-layouts":"set","ast-page-background-enabled":"default","ast-page-background-meta":{"desktop":{"background-color":"","background-image":"","background-repeat":"repeat","background-position":"center center","background-size":"auto","background-attachment":"scroll","background-type":"","background-media":"","overlay-type":"","overlay-color":"","overlay-opacity":"","overlay-gradient":""},"tablet":{"background-color":"","background-image":"","background-repeat":"repeat","background-position":"center center","background-size":"auto","background-attachment":"scroll","background-type":"","background-media":"","overlay-type":"","overlay-color":"","overlay-opacity":"","overlay-gradient":""},"mobile":{"background-color":"","background-image":"","background-repeat":"repeat","background-position":"center center","background-size":"auto","background-attachment":"scroll","background-type":"","background-media":"","overlay-type":"","overlay-color":"","overlay-opacity":"","overlay-gradient":""}},"ast-content-background-meta":{"desktop":{"background-color":"var(--ast-global-color-5)","background-image":"","background-repeat":"repeat","background-position":"center center","background-size":"auto","background-attachment":"scroll","background-type":"","background-media":"","overlay-type":"","overlay-color":"","overlay-opacity":"","overlay-gradient":""},"tablet":{"background-color":"var(--ast-global-color-5)","background-image":"","background-repeat":"repeat","background-position":"center center","background-size":"auto","background-attachment":"scroll","background-type":"","background-media":"","overlay-type":"","overlay-color":"","overlay-opacity":"","overlay-gradient":""},"mobile":{"background-color":"var(--ast-global-color-5)","background-image":"","background-repeat":"repeat","background-position":"center center","background-size":"auto","background-attachment":"scroll","background-type":"","background-media":"","overlay-type":"","overlay-color":"","overlay-opacity":"","overlay-gradient":""}}},"product_brand":[],"product_cat":[83,82],"product_tag":[],"class_list":{"0":"post-1488","1":"product","2":"type-product","3":"status-publish","4":"has-post-thumbnail","6":"product_cat-animaux","7":"product_cat-electronique","8":"desktop-align-center","9":"tablet-align-center","10":"mobile-align-center","11":"ast-product-gallery-layout-horizontal","12":"ast-magnify-disabled","13":"ast-product-tabs-layout-horizontal","14":"ast-qv-on-image","16":"first","17":"instock","18":"shipping-taxable","19":"purchasable","20":"product-type-simple"},"bundled_by":[],"bundle_stock_status":"instock","bundle_stock_quantity":null,"bundle_virtual":false,"bundle_layout":"","bundle_add_to_cart_form_location":"","bundle_editable_in_cart":false,"bundle_sold_individually_context":"","bundle_item_grouping":"","bundle_min_size":"","bundle_max_size":"","bundle_price":[],"bundled_items":[],"bundle_sell_ids":[],"_links":{"self":[{"href":"https:\/\/buying-fever.com\/ar\/wp-json\/wp\/v2\/product\/1488","targetHints":{"allow":["GET"]}}],"collection":[{"href":"https:\/\/buying-fever.com\/ar\/wp-json\/wp\/v2\/product"}],"about":[{"href":"https:\/\/buying-fever.com\/ar\/wp-json\/wp\/v2\/types\/product"}],"replies":[{"embeddable":true,"href":"https:\/\/buying-fever.com\/ar\/wp-json\/wp\/v2\/comments?post=1488"}],"version-history":[{"count":0,"href":"https:\/\/buying-fever.com\/ar\/wp-json\/wp\/v2\/product\/1488\/revisions"}],"wp:featuredmedia":[{"embeddable":true,"href":"https:\/\/buying-fever.com\/ar\/wp-json\/wp\/v2\/media\/1482"}],"wp:attachment":[{"href":"https:\/\/buying-fever.com\/ar\/wp-json\/wp\/v2\/media?parent=1488"}],"wp:term":[{"taxonomy":"product_brand","embeddable":true,"href":"https:\/\/buying-fever.com\/ar\/wp-json\/wp\/v2\/product_brand?post=1488"},{"taxonomy":"product_cat","embeddable":true,"href":"https:\/\/buying-fever.com\/ar\/wp-json\/wp\/v2\/product_cat?post=1488"},{"taxonomy":"product_tag","embeddable":true,"href":"https:\/\/buying-fever.com\/ar\/wp-json\/wp\/v2\/product_tag?post=1488"}],"curies":[{"name":"wp","href":"https:\/\/api.w.org\/{rel}","templated":true}]}}