{"id":1417,"date":"2023-09-03T13:10:48","date_gmt":"2023-09-03T13:10:48","guid":{"rendered":"https:\/\/snow-alligator-195314.hostingersite.com\/?post_type=product&#038;p=1417"},"modified":"2025-06-14T00:52:29","modified_gmt":"2025-06-13T22:52:29","slug":"livre-creatif-princesse","status":"publish","type":"product","link":"https:\/\/buying-fever.com\/ar\/product\/\u0627\u0644\u0625\u0628\u062f\u0627\u0639\u064a\u0629-\u0643\u062a\u0627\u0628-\u0627\u0644\u0623\u0645\u064a\u0631\u0629\/","title":{"rendered":"\u0643\u062a\u0627\u0628 \u0627\u0644\u0625\u0628\u062f\u0627\u0639 \u2013 \u0627\u0644\u0623\u0645\u064a\u0631\u0629"},"content":{"rendered":"<div data-elementor-type=\"product-post\" data-elementor-id=\"1417\" class=\"elementor elementor-1417\" data-elementor-post-type=\"product\">\n\t\t\t\t<div class=\"elementor-element elementor-element-43999e6 elementor-hidden-desktop elementor-hidden-mobile e-flex e-con-boxed e-con e-parent\" data-id=\"43999e6\" data-element_type=\"container\" data-e-type=\"container\">\n\t\t\t\t\t<div class=\"e-con-inner\">\n\t\t\t\t<div class=\"elementor-element elementor-element-f921f1e elementor-widget elementor-widget-heading\" data-id=\"f921f1e\" data-element_type=\"widget\" data-e-type=\"widget\" data-widget_type=\"heading.default\">\n\t\t\t\t<div class=\"elementor-widget-container\">\n\t\t\t\t\t<h2 class=\"elementor-heading-title elementor-size-default\">\u0623\u064a\u0642\u0638 \u0631\u0648\u062d \u0637\u0641\u0644\u0643 \u0627\u0644\u0641\u0646\u064a\u0629<\/h2>\t\t\t\t<\/div>\n\t\t\t\t<\/div>\n\t\t\t\t\t<\/div>\n\t\t\t\t<\/div>\n\t\t<div class=\"elementor-element elementor-element-3764389 e-con-full e-flex e-con e-parent\" data-id=\"3764389\" data-element_type=\"container\" data-e-type=\"container\">\n\t\t<div class=\"elementor-element elementor-element-8247578 e-con-full e-flex e-con e-parent\" data-id=\"8247578\" data-element_type=\"container\" data-e-type=\"container\">\n\t\t\t\t<div class=\"elementor-element elementor-element-cbe6c48 elementor-hidden-tablet elementor-widget elementor-widget-heading\" data-id=\"cbe6c48\" data-element_type=\"widget\" data-e-type=\"widget\" data-widget_type=\"heading.default\">\n\t\t\t\t<div class=\"elementor-widget-container\">\n\t\t\t\t\t<h2 class=\"elementor-heading-title elementor-size-default\">\u0623\u064a\u0642\u0638 \u0631\u0648\u062d \u0637\u0641\u0644\u0643 \u0627\u0644\u0641\u0646\u064a\u0629<\/h2>\t\t\t\t<\/div>\n\t\t\t\t<\/div>\n\t\t\t\t<div class=\"elementor-element elementor-element-ff7d251 elementor-widget elementor-widget-text-editor\" data-id=\"ff7d251\" data-element_type=\"widget\" data-e-type=\"widget\" data-widget_type=\"text-editor.default\">\n\t\t\t\t<div class=\"elementor-widget-container\">\n\t\t\t\t\t\t\t\t\t<p>\u0647\u0630\u0627 \u0627\u0644\u0643\u062a\u0627\u0628 \u0645\u062e\u0635\u0635 \u0644\u0644\u0641\u0646\u0627\u0646\u064a\u0646 \u0627\u0644\u0635\u063a\u0627\u0631 \u0627\u0644\u0646\u0627\u0634\u0626\u064a\u0646\u060c \u0648\u0647\u0648 \u0644\u064a\u0633 \u0643\u062a\u0627\u0628 \u062a\u0644\u0648\u064a\u0646 \u0623\u0648 \u0631\u0633\u0645 \u0628\u0633\u064a\u0637.\u00a0<\/p><p><strong>\u0625\u0646\u0647 \u064a\u0642\u062f\u0645 \u062a\u062c\u0631\u0628\u0629 \u0625\u0628\u062f\u0627\u0639\u064a\u0629 \u0643\u0627\u0645\u0644\u0629!<\/strong><\/p><p>\u0645\u0644\u064a\u0626\u0629 \u0628\u0627\u0644\u0623\u0644\u0648\u0627\u0646 \u0648\u0627\u0644\u0645\u0644\u0635\u0642\u0627\u062a \u0648\u062d\u062a\u0649 \u0644\u0648\u062d\u0627\u062a \u0639\u0627\u0631\u0636\u0629 \u0627\u0644\u0623\u0632\u064a\u0627\u0621 \u062b\u0644\u0627\u062b\u064a\u0629 \u0627\u0644\u0623\u0628\u0639\u0627\u062f\u060c \u0633\u064a\u0643\u0648\u0646 \u0644\u062f\u0649 \u0623\u0645\u064a\u0631\u062a\u0643 \u0627\u0644\u0635\u063a\u064a\u0631\u0629 \u0643\u0644 \u0645\u0627 \u062a\u062d\u062a\u0627\u062c\u0647 \u0644\u062a\u0637\u0644\u0642 \u0627\u0644\u0639\u0646\u0627\u0646 \u0644\u062e\u064a\u0627\u0644\u0647\u0627.<\/p><p>\u0623\u0628\u0631\u0632 \u0645\u0627 \u0641\u064a \u0627\u0644\u0639\u0631\u0636\u061f<\/p><p>\u0625\u0645\u0643\u0627\u0646\u064a\u0629 <strong>\u0625\u0646\u0634\u0627\u0621 \u0641\u0633\u0627\u062a\u064a\u0646 \u062d\u0641\u0644\u0629 \u0645\u0648\u0633\u064a\u0642\u064a\u0629 \u062c\u0645\u064a\u0644\u0629 \u0641\u064a 3D<\/strong> \u0639\u0646 \u0637\u0631\u064a\u0642 \u062a\u0636\u0645\u064a\u0646 \u0642\u0637\u0639 \u0645\u0646 \u0627\u0644\u0642\u0645\u0627\u0634 \u0648\u0627\u0644\u0648\u0631\u0642 \u0627\u0644\u0644\u0627\u0645\u0639.<\/p><p>\u0625\u0646\u0647 \u0623\u0643\u062b\u0631 \u0645\u0646 \u0645\u062c\u0631\u062f \u0643\u062a\u0627\u0628\u060c \u0625\u0646\u0647 \u0643\u0646\u0632 \u0645\u0646 \u0627\u0644\u0625\u0628\u062f\u0627\u0639 \u0627\u0644\u0630\u064a \u0633\u064a\u062c\u0639\u0644 \u0639\u064a\u0648\u0646 \u0637\u0641\u0644\u0643 \u062a\u062a\u0623\u0644\u0642!<\/p>\t\t\t\t\t\t\t\t<\/div>\n\t\t\t\t<\/div>\n\t\t\t\t<\/div>\n\t\t<div class=\"elementor-element elementor-element-9b7f533 e-con-full e-flex e-con e-parent\" data-id=\"9b7f533\" data-element_type=\"container\" data-e-type=\"container\">\n\t\t\t\t<div class=\"elementor-element elementor-element-27b3b0b elementor-widget elementor-widget-video\" data-id=\"27b3b0b\" data-element_type=\"widget\" data-e-type=\"widget\" data-settings=\"{&quot;video_type&quot;:&quot;vimeo&quot;,&quot;autoplay&quot;:&quot;yes&quot;,&quot;play_on_mobile&quot;:&quot;yes&quot;,&quot;loop&quot;:&quot;yes&quot;}\" data-widget_type=\"video.default\">\n\t\t\t\t<div class=\"elementor-widget-container\">\n\t\t\t\t\t\t\t<div class=\"elementor-wrapper elementor-open-inline\">\n\t\t\t<iframe class=\"elementor-video-iframe\" allowfullscreen allow=\"autoplay\" title=\"Lecteur vid\u00e9o vimeo\" src=\"https:\/\/player.vimeo.com\/video\/862198043?autoplay=1&amp;playsinline=1&amp;color&amp;autopause=0&amp;loop=1&amp;muted=0&amp;title=0&amp;portrait=0&amp;byline=0#t=\"><\/iframe>\t\t<\/div>\n\t\t\t\t\t\t<\/div>\n\t\t\t\t<\/div>\n\t\t\t\t<\/div>\n\t\t\t\t<\/div>\n\t\t\t\t<section class=\"elementor-section elementor-top-section elementor-element elementor-element-51ef32c5 elementor-section-boxed elementor-section-height-default elementor-section-height-default\" data-id=\"51ef32c5\" data-element_type=\"section\" data-e-type=\"section\">\n\t\t\t\t\t\t<div class=\"elementor-container elementor-column-gap-default\">\n\t\t\t\t\t<div class=\"elementor-column elementor-col-100 elementor-top-column elementor-element elementor-element-183365ad\" data-id=\"183365ad\" data-element_type=\"column\" data-e-type=\"column\">\n\t\t\t<div class=\"elementor-widget-wrap elementor-element-populated\">\n\t\t\t\t\t\t<div class=\"elementor-element elementor-element-25240d5 elementor-widget elementor-widget-heading\" data-id=\"25240d5\" data-element_type=\"widget\" data-e-type=\"widget\" data-widget_type=\"heading.default\">\n\t\t\t\t<div class=\"elementor-widget-container\">\n\t\t\t\t\t<h2 class=\"elementor-heading-title elementor-size-default\">\u0627\u0646\u063a\u0645\u0633 \u0641\u064a \u0639\u0627\u0644\u0645 \u0633\u062d\u0631\u064a \u0645\u0639 \u0643\u062a\u0627\u0628\u0646\u0627 \u0627\u0644\u0625\u0628\u062f\u0627\u0639\u064a Enchanted Princess<\/h2>\t\t\t\t<\/div>\n\t\t\t\t<\/div>\n\t\t\t\t<div class=\"elementor-element elementor-element-7ab545b1 elementor-widget elementor-widget-text-editor\" data-id=\"7ab545b1\" data-element_type=\"widget\" data-e-type=\"widget\" data-widget_type=\"text-editor.default\">\n\t\t\t\t<div class=\"elementor-widget-container\">\n\t\t\t\t\t\t\t\t\t<p><img fetchpriority=\"high\" decoding=\"async\" class=\"aligncenter\" style=\"font-style: inherit;\" src=\"https:\/\/ammzonplcbkt.oss-cn-hongkong.aliyuncs.com\/Erp\/M271739D.jpg\" width=\"823\" height=\"823\" \/><\/p><div class=\"detailmodule_html\"><div class=\"detail-desc-decorate-richtext\"><div class=\"detailmodule_html\"><div class=\"detail-desc-decorate-richtext\"><p>\u00a0<\/p><p><img decoding=\"async\" class=\"aligncenter\" src=\"https:\/\/ammzonplcbkt.oss-cn-hongkong.aliyuncs.com\/Erp\/M271739F.jpg\" width=\"798\" height=\"798\" \/><\/p><p><img decoding=\"async\" class=\"aligncenter\" src=\"https:\/\/ammzonplcbkt.oss-cn-hongkong.aliyuncs.com\/Erp\/M271739G.jpg\" width=\"796\" height=\"796\" \/><\/p><p><img loading=\"lazy\" decoding=\"async\" class=\"aligncenter\" src=\"https:\/\/ammzonplcbkt.oss-cn-hongkong.aliyuncs.com\/Erp\/M271739I.jpg\" width=\"800\" height=\"800\" \/><\/p><\/div><\/div><\/div><\/div>\t\t\t\t\t\t\t\t<\/div>\n\t\t\t\t<\/div>\n\t\t\t\t\t<\/div>\n\t\t<\/div>\n\t\t\t\t\t<\/div>\n\t\t<\/section>\n\t\t\t\t<\/div>","protected":false},"excerpt":{"rendered":"<p>R\u00e9veillez l&rsquo;\u00e2me d&rsquo;artiste de votre enfant R\u00e9veillez l&rsquo;\u00e2me d&rsquo;artiste de votre enfant Destin\u00e9 aux petites artistes en herbe, ce livre n&rsquo;est pas un simple cahier de coloriage ou de peinture. Il offre une exp\u00e9rience cr\u00e9ative compl\u00e8te ! Rempli de couleurs, de stickers et m\u00eame de tableaux de mannequins en 3D, votre petite princesse aura tout [&hellip;]<\/p>\n","protected":false},"featured_media":1404,"comment_status":"open","ping_status":"closed","template":"","meta":{"_seopress_robots_primary_cat":"none","_seopress_titles_title":"","_seopress_titles_desc":"","_seopress_robots_index":"","site-sidebar-layout":"default","site-content-layout":"","ast-site-content-layout":"default","site-content-style":"default","site-sidebar-style":"default","ast-global-header-display":"","ast-banner-title-visibility":"","ast-main-header-display":"","ast-hfb-above-header-display":"","ast-hfb-below-header-display":"","ast-hfb-mobile-header-display":"","site-post-title":"","ast-breadcrumbs-content":"","ast-featured-img":"","footer-sml-layout":"","ast-disable-related-posts":"","theme-transparent-header-meta":"default","adv-header-id-meta":"","stick-header-meta":"","header-above-stick-meta":"","header-main-stick-meta":"","header-below-stick-meta":"","astra-migrate-meta-layouts":"set","ast-page-background-enabled":"default","ast-page-background-meta":{"desktop":{"background-color":"","background-image":"","background-repeat":"repeat","background-position":"center center","background-size":"auto","background-attachment":"scroll","background-type":"","background-media":"","overlay-type":"","overlay-color":"","overlay-opacity":"","overlay-gradient":""},"tablet":{"background-color":"","background-image":"","background-repeat":"repeat","background-position":"center center","background-size":"auto","background-attachment":"scroll","background-type":"","background-media":"","overlay-type":"","overlay-color":"","overlay-opacity":"","overlay-gradient":""},"mobile":{"background-color":"","background-image":"","background-repeat":"repeat","background-position":"center center","background-size":"auto","background-attachment":"scroll","background-type":"","background-media":"","overlay-type":"","overlay-color":"","overlay-opacity":"","overlay-gradient":""}},"ast-content-background-meta":{"desktop":{"background-color":"var(--ast-global-color-5)","background-image":"","background-repeat":"repeat","background-position":"center center","background-size":"auto","background-attachment":"scroll","background-type":"","background-media":"","overlay-type":"","overlay-color":"","overlay-opacity":"","overlay-gradient":""},"tablet":{"background-color":"var(--ast-global-color-5)","background-image":"","background-repeat":"repeat","background-position":"center center","background-size":"auto","background-attachment":"scroll","background-type":"","background-media":"","overlay-type":"","overlay-color":"","overlay-opacity":"","overlay-gradient":""},"mobile":{"background-color":"var(--ast-global-color-5)","background-image":"","background-repeat":"repeat","background-position":"center center","background-size":"auto","background-attachment":"scroll","background-type":"","background-media":"","overlay-type":"","overlay-color":"","overlay-opacity":"","overlay-gradient":""}}},"product_brand":[],"product_cat":[42,81],"product_tag":[],"class_list":{"0":"post-1417","1":"product","2":"type-product","3":"status-publish","4":"has-post-thumbnail","6":"product_cat-cadeau","7":"product_cat-jouet","8":"desktop-align-center","9":"tablet-align-center","10":"mobile-align-center","11":"ast-product-gallery-layout-horizontal","12":"ast-magnify-disabled","13":"ast-product-tabs-layout-horizontal","14":"ast-qv-on-image","16":"first","17":"instock","18":"shipping-taxable","19":"purchasable","20":"product-type-simple"},"bundled_by":["3061"],"bundle_stock_status":"instock","bundle_stock_quantity":7962,"bundle_virtual":false,"bundle_layout":"","bundle_add_to_cart_form_location":"","bundle_editable_in_cart":false,"bundle_sold_individually_context":"","bundle_item_grouping":"","bundle_min_size":"","bundle_max_size":"","bundle_price":[],"bundled_items":[],"bundle_sell_ids":[],"_links":{"self":[{"href":"https:\/\/buying-fever.com\/ar\/wp-json\/wp\/v2\/product\/1417","targetHints":{"allow":["GET"]}}],"collection":[{"href":"https:\/\/buying-fever.com\/ar\/wp-json\/wp\/v2\/product"}],"about":[{"href":"https:\/\/buying-fever.com\/ar\/wp-json\/wp\/v2\/types\/product"}],"replies":[{"embeddable":true,"href":"https:\/\/buying-fever.com\/ar\/wp-json\/wp\/v2\/comments?post=1417"}],"version-history":[{"count":0,"href":"https:\/\/buying-fever.com\/ar\/wp-json\/wp\/v2\/product\/1417\/revisions"}],"wp:featuredmedia":[{"embeddable":true,"href":"https:\/\/buying-fever.com\/ar\/wp-json\/wp\/v2\/media\/1404"}],"wp:attachment":[{"href":"https:\/\/buying-fever.com\/ar\/wp-json\/wp\/v2\/media?parent=1417"}],"wp:term":[{"taxonomy":"product_brand","embeddable":true,"href":"https:\/\/buying-fever.com\/ar\/wp-json\/wp\/v2\/product_brand?post=1417"},{"taxonomy":"product_cat","embeddable":true,"href":"https:\/\/buying-fever.com\/ar\/wp-json\/wp\/v2\/product_cat?post=1417"},{"taxonomy":"product_tag","embeddable":true,"href":"https:\/\/buying-fever.com\/ar\/wp-json\/wp\/v2\/product_tag?post=1417"}],"curies":[{"name":"wp","href":"https:\/\/api.w.org\/{rel}","templated":true}]}}