{"id":1285,"date":"2023-08-20T21:19:44","date_gmt":"2023-08-20T21:19:44","guid":{"rendered":"https:\/\/snow-alligator-195314.hostingersite.com\/?post_type=product&#038;p=1285"},"modified":"2025-06-14T00:52:39","modified_gmt":"2025-06-13T22:52:39","slug":"kit-dapprentissage-wc-pour-chat","status":"publish","type":"product","link":"https:\/\/buying-fever.com\/ar\/product\/\u0645\u062c\u0645\u0648\u0639\u0629-\u0623\u062f\u0648\u0627\u062a-\u062a\u0639\u0644\u0645-\u0627\u0633\u062a\u062e\u062f\u0627\u0645-\u0627\u0644\u0645\u0631\u062d\u0627\u0636-\u0644\u0644\u0642\/","title":{"rendered":"\u0639\u062f\u0629 \u062a\u062f\u0631\u064a\u0628 \u0639\u0644\u0649 \u0627\u0633\u062a\u062e\u062f\u0627\u0645 \u0627\u0644\u0645\u0631\u062d\u0627\u0636 \u0644\u0644\u0642\u0637\u0637"},"content":{"rendered":"<h2 style=\"text-align: center;\">\u0644\u0627 \u0645\u0632\u064a\u062f \u0645\u0646 \u0627\u0644\u0623\u0639\u0645\u0627\u0644 \u0627\u0644\u0645\u0646\u0632\u0644\u064a\u0629 \u0641\u064a \u0635\u0646\u062f\u0648\u0642 \u0627\u0644\u0641\u0636\u0644\u0627\u062a \u0648\u0627\u0644\u0631\u0648\u0627\u0626\u062d \u0627\u0644\u0643\u0631\u064a\u0647\u0629.<\/h2>\n<p>&nbsp;<\/p>\n<p>\u0639\u0644\u0645 \u0642\u0637\u062a\u0643 \u0627\u0633\u062a\u062e\u062f\u0627\u0645 \u0627\u0644\u0645\u0631\u062d\u0627\u0636 \u0628\u0634\u0643\u0644 \u0645\u0633\u062a\u0642\u0644 \u0641\u064a 10 \u0623\u064a\u0627\u0645 \u0641\u0642\u0637!<\/p>\n<p>&nbsp;<\/p>\n<h3>\u0627\u0644\u0645\u0632\u0627\u064a\u0627 \u0641\u0642\u0637:<\/h3>\n<ul>\n<li><strong>\u0627\u0644\u062a\u0639\u0644\u0645 \u0627\u0644\u0633\u0631\u064a\u0639<\/strong> : 10 \u0623\u064a\u0627\u0645 \u0641\u064a \u0627\u0644\u0645\u062a\u0648\u0633\u0637 (\u0642\u062f \u064a\u062e\u062a\u0644\u0641 \u062d\u0633\u0628 \u0639\u0627\u062f\u0627\u062a \u0648\u0637\u0628\u064a\u0639\u0629 \u0627\u0644\u0642\u0637\u0629).<\/li>\n<li><strong>\u0627\u0642\u062a\u0635\u0627\u062f\u064a<\/strong> : \u062a\u0642\u0644\u064a\u0644 \u062a\u0643\u0627\u0644\u064a\u0641 \u0627\u0644\u0642\u0645\u0627\u0645\u0629 \u0628\u0634\u0643\u0644 \u0643\u0628\u064a\u0631.<\/li>\n<li><strong>\u0635\u062d\u064a\u0629<\/strong> : \u0642\u0644 \u0648\u062f\u0627\u0639\u064b\u0627 \u0644\u0644\u0631\u0648\u0627\u0626\u062d \u0627\u0644\u0643\u0631\u064a\u0647\u0629 \u0648\u0635\u0646\u0627\u062f\u064a\u0642 \u0627\u0644\u0642\u0645\u0627\u0645\u0629 \u0627\u0644\u0645\u062a\u0633\u062e\u0629.<\/li>\n<li><strong>\u0639\u0645\u0644\u064a<\/strong> : \u0644\u0627 \u062d\u0627\u062c\u0629 \u0644\u062a\u0646\u0638\u064a\u0641 \u0627\u0644\u0635\u0646\u062f\u0648\u0642 \u0643\u0644 \u064a\u0648\u0645.<\/li>\n<li><strong>\u0627\u0644\u0645\u0633\u0627\u062d\u0629 \u0627\u0644\u0623\u0645\u062b\u0644<\/strong> : \u0642\u0645 \u0628\u062a\u062d\u0631\u064a\u0631 \u0627\u0644\u0645\u0633\u0627\u062d\u0629 \u0627\u0644\u0645\u062e\u0635\u0635\u0629 \u0639\u0627\u062f\u0629 \u0644\u0635\u0646\u062f\u0648\u0642 \u0627\u0644\u0642\u0645\u0627\u0645\u0629.<\/li>\n<li><strong>\u0628\u064a\u0626\u064a<\/strong> : \u0642\u0644\u0644 \u0645\u0646 \u0628\u0635\u0645\u062a\u0643 \u0627\u0644\u0628\u064a\u0626\u064a\u0629 \u0639\u0646 \u0637\u0631\u064a\u0642 \u062a\u0642\u0644\u064a\u0644 \u0627\u0633\u062a\u062e\u062f\u0627\u0645 \u0627\u0644\u0642\u0645\u0627\u0645\u0629.<\/li>\n<\/ul>\n<h2><\/h2>\n<h2 style=\"text-align: center;\">\u0645\u0631\u0627\u062d\u0644 \u062a\u0639\u0644\u0645 \u0642\u0637\u062a\u0643<\/h2>\n<p><img fetchpriority=\"high\" decoding=\"async\" class=\"wp-image-4823 size-full aligncenter\" src=\"https:\/\/buying-fever.com\/wp-content\/uploads\/2023\/10\/1.jpg\" alt=\"1\" width=\"801\" height=\"600\" srcset=\"https:\/\/buying-fever.com\/wp-content\/uploads\/2023\/10\/1.jpg 801w, https:\/\/buying-fever.com\/wp-content\/uploads\/2023\/10\/1-300x225.jpg 300w, https:\/\/buying-fever.com\/wp-content\/uploads\/2023\/10\/1-768x575.jpg 768w, https:\/\/buying-fever.com\/wp-content\/uploads\/2023\/10\/1-16x12.jpg 16w, https:\/\/buying-fever.com\/wp-content\/uploads\/2023\/10\/1-600x449.jpg 600w\" sizes=\"(max-width: 801px) 100vw, 801px\" \/><\/p>\n<p><img decoding=\"async\" class=\"wp-image-4824 size-full aligncenter\" src=\"https:\/\/buying-fever.com\/wp-content\/uploads\/2023\/10\/2.jpg\" alt=\"2\" width=\"801\" height=\"550\" srcset=\"https:\/\/buying-fever.com\/wp-content\/uploads\/2023\/10\/2.jpg 801w, https:\/\/buying-fever.com\/wp-content\/uploads\/2023\/10\/2-300x206.jpg 300w, https:\/\/buying-fever.com\/wp-content\/uploads\/2023\/10\/2-768x527.jpg 768w, https:\/\/buying-fever.com\/wp-content\/uploads\/2023\/10\/2-18x12.jpg 18w, https:\/\/buying-fever.com\/wp-content\/uploads\/2023\/10\/2-600x412.jpg 600w\" sizes=\"(max-width: 801px) 100vw, 801px\" \/><\/p>\n<p><img decoding=\"async\" class=\"wp-image-4825 size-full aligncenter\" src=\"https:\/\/buying-fever.com\/wp-content\/uploads\/2023\/10\/3.jpg\" alt=\"3\" width=\"801\" height=\"624\" srcset=\"https:\/\/buying-fever.com\/wp-content\/uploads\/2023\/10\/3.jpg 801w, https:\/\/buying-fever.com\/wp-content\/uploads\/2023\/10\/3-300x234.jpg 300w, https:\/\/buying-fever.com\/wp-content\/uploads\/2023\/10\/3-768x598.jpg 768w, https:\/\/buying-fever.com\/wp-content\/uploads\/2023\/10\/3-15x12.jpg 15w, https:\/\/buying-fever.com\/wp-content\/uploads\/2023\/10\/3-600x467.jpg 600w\" sizes=\"(max-width: 801px) 100vw, 801px\" \/><\/p>\n<p><img loading=\"lazy\" decoding=\"async\" class=\"wp-image-4826 size-full aligncenter\" src=\"https:\/\/buying-fever.com\/wp-content\/uploads\/2023\/10\/4.jpg\" alt=\"4\" width=\"801\" height=\"624\" srcset=\"https:\/\/buying-fever.com\/wp-content\/uploads\/2023\/10\/4.jpg 801w, https:\/\/buying-fever.com\/wp-content\/uploads\/2023\/10\/4-300x234.jpg 300w, https:\/\/buying-fever.com\/wp-content\/uploads\/2023\/10\/4-768x598.jpg 768w, https:\/\/buying-fever.com\/wp-content\/uploads\/2023\/10\/4-15x12.jpg 15w, https:\/\/buying-fever.com\/wp-content\/uploads\/2023\/10\/4-600x467.jpg 600w\" sizes=\"(max-width: 801px) 100vw, 801px\" \/><\/p>\n<p>&nbsp;<\/p>\n<blockquote>\n<p style=\"text-align: center;\"><em>\u0641\u064a \u0623\u0642\u0644 \u0645\u0646 \u0623\u0633\u0628\u0648\u0639\u064a\u0646\u060c \u062a\u0628\u0646\u062a \u0642\u0637\u062a\u064a \u0627\u0644\u0645\u0631\u062d\u0627\u0636 \u0628\u0627\u0644\u0643\u0627\u0645\u0644. <\/em><\/p>\n<p style=\"text-align: center;\"><em>\u0648\u062f\u0627\u0639\u0627\u064b \u0644\u0623\u0639\u0645\u0627\u0644 \u0627\u0644\u0642\u0645\u0627\u0645\u0629 \u0648\u0627\u0644\u0631\u0648\u0627\u0626\u062d \u0627\u0644\u0643\u0631\u064a\u0647\u0629. \u0623\u0648\u0635\u064a \u0628\u0647 \u0644\u062c\u0645\u064a\u0639 \u0623\u0635\u062d\u0627\u0628 \u0627\u0644\u0642\u0637\u0637. <\/em><\/p>\n<p style=\"text-align: center;\"><em>\u0625\u0646\u0647 \u0627\u0633\u062a\u062b\u0645\u0627\u0631 \u0635\u063a\u064a\u0631 \u0633\u064a\u062c\u0639\u0644 \u062d\u064a\u0627\u062a\u0643 \u0623\u0633\u0647\u0644!<\/em><\/p>\n<p style=\"text-align: center;\"><strong>\u0625\u062a\u064a\u0627\u0646<\/strong><\/p>\n<p>&nbsp;<\/p>\n<p style=\"text-align: center;\"><em>\u0644\u062f\u064a \u0642\u0637\u062a\u0627\u0646\u060c \u0648\u0627\u0639\u062a\u0642\u062f\u062a \u0623\u0646 \u0647\u0630\u0627 \u0633\u064a\u0643\u0648\u0646 \u062a\u062d\u062f\u064a\u064b\u0627 \u0644\u0627 \u064a\u0645\u0643\u0646 \u0627\u0644\u062a\u063a\u0644\u0628 \u0639\u0644\u064a\u0647. <\/em><\/p>\n<p style=\"text-align: center;\"><em>\u0648\u0641\u064a \u0645\u0627 \u064a\u0632\u064a\u062f \u0642\u0644\u064a\u0644\u0627\u064b \u0639\u0646 \u0623\u0633\u0628\u0648\u0639\u060c \u0623\u062a\u0642\u0646 \u0643\u0644\u0627\u0647\u0645\u0627 \u0641\u0646 \u0627\u0633\u062a\u062e\u062f\u0627\u0645 \u0627\u0644\u0645\u0631\u062d\u0627\u0636. <\/em><\/p>\n<p style=\"text-align: center;\"><em>\u0625\u0646\u0647\u0627 \u0644\u064a\u0633\u062a \u0627\u0642\u062a\u0635\u0627\u062f\u064a\u0629 \u0641\u062d\u0633\u0628\u060c \u0628\u0644 \u0625\u0646\u0647\u0627 \u0623\u064a\u0636\u064b\u0627 \u0623\u0643\u062b\u0631 \u0635\u062d\u064a\u0629. <\/em><\/p>\n<p style=\"text-align: center;\"><em>\u0634\u0643\u0631\u064b\u0627 \u062c\u0632\u064a\u0644\u0627\u064b \u0644\u0645\u062c\u0645\u0648\u0639\u0629 \u0623\u062f\u0648\u0627\u062a \u0627\u0644\u062a\u0639\u0644\u0645 \u0647\u0630\u0647\u060c \u0641\u0647\u064a \u0627\u0628\u062a\u0643\u0627\u0631 \u062d\u0642\u064a\u0642\u064a.<\/em><\/p>\n<p style=\"text-align: center;\"><strong>\u0644\u0648\u0631\u0627<\/strong><\/p>\n<\/blockquote>\n<p>\u0627\u0645\u0646\u062d \u0642\u0637\u062a\u0643 \u0627\u0633\u062a\u0642\u0644\u0627\u0644\u064a\u0629 \u0645\u062f\u0647\u0634\u0629 \u0645\u0639 \u062a\u0628\u0633\u064a\u0637 \u062d\u064a\u0627\u062a\u0643 \u0627\u0644\u064a\u0648\u0645\u064a\u0629 \u0645\u0646 \u062e\u0644\u0627\u0644 <strong>\u0645\u062c\u0645\u0648\u0639\u0629 \u0623\u062f\u0648\u0627\u062a \u062a\u0639\u0644\u0645 \u0627\u0644\u0642\u0637\u0637<\/strong>.<\/p>\n<h3><\/h3>\n<h3 style=\"text-align: center;\">\u0627\u0637\u0644\u0628 \u0645\u0646\u062a\u062c\u0643 \u0627\u0644\u064a\u0648\u0645 \u0648\u0642\u0645 \u0628\u062a\u062c\u0631\u0628\u062a\u0647<\/h3>\n<h3 style=\"text-align: center;\">\u0645\u0646\u0632\u0644 \u0623\u0646\u0638\u0641 \u0648\u062e\u0627\u0644\u064a \u0645\u0646 \u0627\u0644\u0631\u0648\u0627\u0626\u062d.<\/h3>","protected":false},"excerpt":{"rendered":"<p>Fini les corv\u00e9es de liti\u00e8res et les mauvaises odeurs. &nbsp; Apprenez \u00e0 votre chat \u00e0 utiliser les toilettes de mani\u00e8re autonome en seulement 10 jours ! &nbsp; Que des avantages : Apprentissage rapide : 10 jours en moyenne (peut varier selon les habitudes et le caract\u00e8re du chat). Economique : R\u00e9duisez consid\u00e9rablement vos d\u00e9penses en [&hellip;]<\/p>\n","protected":false},"featured_media":1289,"comment_status":"open","ping_status":"closed","template":"","meta":{"_seopress_robots_primary_cat":"none","_seopress_titles_title":"","_seopress_titles_desc":"","_seopress_robots_index":"","site-sidebar-layout":"default","site-content-layout":"default","ast-site-content-layout":"default","site-content-style":"default","site-sidebar-style":"default","ast-global-header-display":"","ast-banner-title-visibility":"","ast-main-header-display":"","ast-hfb-above-header-display":"","ast-hfb-below-header-display":"","ast-hfb-mobile-header-display":"","site-post-title":"","ast-breadcrumbs-content":"","ast-featured-img":"","footer-sml-layout":"","ast-disable-related-posts":"","theme-transparent-header-meta":"default","adv-header-id-meta":"","stick-header-meta":"default","header-above-stick-meta":"","header-main-stick-meta":"","header-below-stick-meta":"","astra-migrate-meta-layouts":"set","ast-page-background-enabled":"default","ast-page-background-meta":{"desktop":{"background-color":"","background-image":"","background-repeat":"repeat","background-position":"center center","background-size":"auto","background-attachment":"scroll","background-type":"","background-media":"","overlay-type":"","overlay-color":"","overlay-opacity":"","overlay-gradient":""},"tablet":{"background-color":"","background-image":"","background-repeat":"repeat","background-position":"center center","background-size":"auto","background-attachment":"scroll","background-type":"","background-media":"","overlay-type":"","overlay-color":"","overlay-opacity":"","overlay-gradient":""},"mobile":{"background-color":"","background-image":"","background-repeat":"repeat","background-position":"center center","background-size":"auto","background-attachment":"scroll","background-type":"","background-media":"","overlay-type":"","overlay-color":"","overlay-opacity":"","overlay-gradient":""}},"ast-content-background-meta":{"desktop":{"background-color":"var(--ast-global-color-5)","background-image":"","background-repeat":"repeat","background-position":"center center","background-size":"auto","background-attachment":"scroll","background-type":"","background-media":"","overlay-type":"","overlay-color":"","overlay-opacity":"","overlay-gradient":""},"tablet":{"background-color":"var(--ast-global-color-5)","background-image":"","background-repeat":"repeat","background-position":"center center","background-size":"auto","background-attachment":"scroll","background-type":"","background-media":"","overlay-type":"","overlay-color":"","overlay-opacity":"","overlay-gradient":""},"mobile":{"background-color":"var(--ast-global-color-5)","background-image":"","background-repeat":"repeat","background-position":"center center","background-size":"auto","background-attachment":"scroll","background-type":"","background-media":"","overlay-type":"","overlay-color":"","overlay-opacity":"","overlay-gradient":""}}},"product_brand":[],"product_cat":[83],"product_tag":[],"class_list":{"0":"post-1285","1":"product","2":"type-product","3":"status-publish","4":"has-post-thumbnail","6":"product_cat-animaux","7":"desktop-align-center","8":"tablet-align-center","9":"mobile-align-center","10":"ast-product-gallery-layout-horizontal","11":"ast-magnify-disabled","12":"ast-product-tabs-layout-horizontal","13":"ast-qv-on-image","15":"first","16":"instock","17":"shipping-taxable","18":"purchasable","19":"product-type-simple"},"bundled_by":[],"bundle_stock_status":"instock","bundle_stock_quantity":null,"bundle_virtual":false,"bundle_layout":"","bundle_add_to_cart_form_location":"","bundle_editable_in_cart":false,"bundle_sold_individually_context":"","bundle_item_grouping":"","bundle_min_size":"","bundle_max_size":"","bundle_price":[],"bundled_items":[],"bundle_sell_ids":[],"_links":{"self":[{"href":"https:\/\/buying-fever.com\/ar\/wp-json\/wp\/v2\/product\/1285","targetHints":{"allow":["GET"]}}],"collection":[{"href":"https:\/\/buying-fever.com\/ar\/wp-json\/wp\/v2\/product"}],"about":[{"href":"https:\/\/buying-fever.com\/ar\/wp-json\/wp\/v2\/types\/product"}],"replies":[{"embeddable":true,"href":"https:\/\/buying-fever.com\/ar\/wp-json\/wp\/v2\/comments?post=1285"}],"version-history":[{"count":0,"href":"https:\/\/buying-fever.com\/ar\/wp-json\/wp\/v2\/product\/1285\/revisions"}],"wp:featuredmedia":[{"embeddable":true,"href":"https:\/\/buying-fever.com\/ar\/wp-json\/wp\/v2\/media\/1289"}],"wp:attachment":[{"href":"https:\/\/buying-fever.com\/ar\/wp-json\/wp\/v2\/media?parent=1285"}],"wp:term":[{"taxonomy":"product_brand","embeddable":true,"href":"https:\/\/buying-fever.com\/ar\/wp-json\/wp\/v2\/product_brand?post=1285"},{"taxonomy":"product_cat","embeddable":true,"href":"https:\/\/buying-fever.com\/ar\/wp-json\/wp\/v2\/product_cat?post=1285"},{"taxonomy":"product_tag","embeddable":true,"href":"https:\/\/buying-fever.com\/ar\/wp-json\/wp\/v2\/product_tag?post=1285"}],"curies":[{"name":"wp","href":"https:\/\/api.w.org\/{rel}","templated":true}]}}