{"id":1284,"date":"2023-08-20T21:19:44","date_gmt":"2023-08-20T21:19:44","guid":{"rendered":"https:\/\/snow-alligator-195314.hostingersite.com\/?post_type=product&#038;p=1284"},"modified":"2025-06-14T00:52:39","modified_gmt":"2025-06-13T22:52:39","slug":"boutons-de-communication-pour-chien","status":"publish","type":"product","link":"https:\/\/buying-fever.com\/ar\/product\/\u0623\u0632\u0631\u0627\u0631-\u0627\u0644\u0627\u062a\u0635\u0627\u0644\u0627\u062a-\u0644\u0644\u0643\u0644\u0628\/","title":{"rendered":"\u0623\u0632\u0631\u0627\u0631 \u0627\u0644\u062a\u0648\u0627\u0635\u0644 \u0645\u0639 \u0627\u0644\u0643\u0644\u0627\u0628"},"content":{"rendered":"<h2 style=\"text-align: center;\">\u0639\u0628\u0631 \u0639\u0646 \u0646\u0641\u0633\u0643 \u064a\u0627 \u0643\u0644\u0628!<\/h2>\n<h2 style=\"text-align: center;\">\u0627\u0633\u0645\u062d \u0644\u0643\u0644\u0628\u0643 \u0623\u0646 \u064a\u062e\u0628\u0631\u0643 \u0628\u0645\u0627 \u064a\u0631\u064a\u062f.<\/h2>\n<p>&nbsp;<\/p>\n<p>\u0627\u0645\u0646\u062d \u0635\u062f\u064a\u0642\u0643 \u0627\u0644\u0645\u0641\u0636\u0644 \u0635\u0648\u062a\u064b\u0627 \u0628\u0627\u0633\u062a\u062e\u062f\u0627\u0645 \u0623\u0632\u0631\u0627\u0631 \u0627\u0644\u062a\u0648\u0627\u0635\u0644 \u0627\u0644\u062e\u0627\u0635\u0629 \u0628\u0627\u0644\u0643\u0644\u0627\u0628. \u062a\u0645 \u062a\u0635\u0645\u064a\u0645 \u0647\u0630\u0647 \u0627\u0644\u0623\u0632\u0631\u0627\u0631 \u062e\u0635\u064a\u0635\u064b\u0627 \u0644\u0644\u0633\u0645\u0627\u062d \u0628\u062a\u0641\u0627\u0639\u0644 \u0623\u0643\u062b\u0631 \u0633\u0647\u0648\u0644\u0629 \u0628\u064a\u0646\u0643 \u0648\u0628\u064a\u0646 \u062d\u064a\u0648\u0627\u0646\u0643 \u0627\u0644\u0623\u0644\u064a\u0641\u060c \u0648\u0647\u064a \u0645\u062b\u0627\u0644\u064a\u0629 \u0644\u0644\u062a\u0639\u0627\u064a\u0634 \u0627\u0644\u0645\u062a\u0646\u0627\u063a\u0645.<\/p>\n<p>&nbsp;<\/p>\n<ul>\n<li><strong>\u062a\u0633\u062c\u064a\u0644 \u0635\u0648\u062a\u064a \u0633\u0647\u0644<\/strong> : \u0628\u0641\u0636\u0644 \u0627\u0644\u0645\u064a\u0643\u0631\u0648\u0641\u0648\u0646 \u0627\u0644\u0645\u062f\u0645\u062c\u060c \u0642\u0645 \u0628\u062a\u0633\u062c\u064a\u0644 \u0627\u0644\u0643\u0644\u0645\u0629 \u0623\u0648 \u0627\u0644\u0639\u0628\u0627\u0631\u0629 \u0627\u0644\u062a\u064a \u062a\u062e\u062a\u0627\u0631\u0647\u0627 \u0644\u0643\u0644 \u0632\u0631.<\/li>\n<li><strong>\u0642\u0627\u0628\u0644\u0629 \u0644\u0644\u0634\u062d\u0646<\/strong> : \u0646\u062d\u0646 \u0627\u0644\u0648\u062d\u064a\u062f\u0648\u0646 \u0641\u064a \u0627\u0644\u0633\u0648\u0642 \u0627\u0644\u0630\u064a\u0646 \u0646\u0642\u062f\u0645 \u0646\u0645\u0648\u0630\u062c\u064b\u0627 \u0642\u0627\u0628\u0644\u0627\u064b \u0644\u0625\u0639\u0627\u062f\u0629 \u0627\u0644\u0634\u062d\u0646 \u0628\u0627\u0644\u0643\u0627\u0645\u0644. \u0642\u0644 \u0648\u062f\u0627\u0639\u064b\u0627 \u0644\u0644\u0628\u0637\u0627\u0631\u064a\u0627\u062a \u0648\u0645\u0631\u062d\u0628\u064b\u0627 \u0628\u0627\u0644\u0628\u064a\u0626\u0629!<\/li>\n<li><strong>\u0642\u0648\u064a \u0648\u0645\u062a\u064a\u0646<\/strong> : \u0645\u0635\u0645\u0645\u0629 \u0644\u062a\u062d\u0645\u0644 \u0627\u0644\u0643\u0641\u0648\u0641 \u0627\u0644\u0635\u0628\u0631 \u0648\u0627\u0644\u0636\u063a\u0637 \u0627\u0644\u0645\u062a\u0643\u0631\u0631. \u0623\u0632\u0631\u0627\u0631\u0646\u0627 \u0645\u0635\u0645\u0645\u0629 \u0644\u062a\u062f\u0648\u0645 \u0637\u0648\u064a\u0644\u0627\u064b.<\/li>\n<li><strong>\u062a\u0635\u0645\u064a\u0645 \u0645\u0631\u064a\u062d<\/strong> : \u0645\u0646\u0627\u0633\u0628\u0629 \u0644\u0644\u0643\u0641\u0648\u0641 \u0645\u0646 \u062c\u0645\u064a\u0639 \u0627\u0644\u0623\u062d\u062c\u0627\u0645\u060c \u0645\u0646 \u0627\u0644\u0634\u064a\u0648\u0627\u0648\u0627 \u0625\u0644\u0649 \u0627\u0644\u0631\u0627\u0639\u064a \u0627\u0644\u0623\u0644\u0645\u0627\u0646\u064a.<\/li>\n<li><strong>\u0633\u0647\u0648\u0644\u0629 \u0627\u0644\u0627\u0633\u062a\u0639\u0645\u0627\u0644<\/strong> : \u0642\u0645 \u0628\u0631\u0628\u0637 \u0625\u062c\u0631\u0627\u0621 \u0645\u0627 \u0628\u0643\u0644 \u0632\u0631 \u0645\u0633\u062c\u0644\u060c \u0648\u0634\u0627\u0647\u062f \u0643\u0644\u0628\u0643 \u064a\u0639\u0628\u0631 \u0639\u0646 \u0646\u0641\u0633\u0647 \u0643\u0645\u0627 \u0644\u0645 \u064a\u062d\u062f\u062b \u0645\u0646 \u0642\u0628\u0644!<\/li>\n<\/ul>\n<h3><\/h3>\n<h3><strong>\u0641\u0648\u0627\u0626\u062f :<\/strong><\/h3>\n<p>&nbsp;<\/p>\n<ol>\n<li><strong>\u0628\u064a\u0626\u064a<\/strong> : \u0642\u0645 \u0628\u062a\u0642\u0644\u064a\u0644 \u0627\u0644\u0628\u0635\u0645\u0629 \u0627\u0644\u0643\u0631\u0628\u0648\u0646\u064a\u0629 \u0639\u0646 \u0637\u0631\u064a\u0642 \u0627\u062e\u062a\u064a\u0627\u0631 \u0637\u0631\u0627\u0632 \u0642\u0627\u0628\u0644 \u0644\u0625\u0639\u0627\u062f\u0629 \u0627\u0644\u0634\u062d\u0646.<\/li>\n<li><strong>\u0627\u0642\u062a\u0635\u0627\u062f\u064a<\/strong> : \u0644\u0627 \u0645\u0632\u064a\u062f \u0645\u0646 \u0639\u0645\u0644\u064a\u0627\u062a \u0627\u0644\u0634\u0631\u0627\u0621 \u0627\u0644\u0645\u062a\u0643\u0631\u0631\u0629 \u0644\u0644\u0628\u0637\u0627\u0631\u064a\u0627\u062a. \u062a\u0648\u0641\u064a\u0631 \u0627\u0644\u0645\u0627\u0644 \u0639\u0644\u0649 \u0627\u0644\u0645\u062f\u0649 \u0627\u0644\u0637\u0648\u064a\u0644!<\/li>\n<li><strong>\u0627\u0644\u062a\u0641\u0627\u0639\u0644 \u0627\u0644\u0645\u0639\u0632\u0632<\/strong> : \u0639\u0632\u0632 \u0639\u0644\u0627\u0642\u062a\u0643 \u0628\u062d\u064a\u0648\u0627\u0646\u0643 \u0627\u0644\u0623\u0644\u064a\u0641 \u0645\u0646 \u062e\u0644\u0627\u0644 \u0641\u0647\u0645\u0647 \u0628\u0634\u0643\u0644 \u0623\u0641\u0636\u0644 \u0648\u0627\u0644\u0627\u0633\u062a\u062c\u0627\u0628\u0629 \u0644\u0627\u062d\u062a\u064a\u0627\u062c\u0627\u062a\u0647 \u0628\u0633\u0631\u0639\u0629 \u0623\u0643\u0628\u0631.<\/li>\n<\/ol>\n<blockquote><p>&nbsp;<\/p>\n<p style=\"text-align: center;\"><em>&quot;\u0644\u0645 \u0623\u0639\u062a\u0642\u062f \u0623\u0628\u062f\u064b\u0627 \u0623\u0646 \u0645\u0627\u0643\u0633 \u064a\u0645\u0643\u0646\u0647 &quot;\u0627\u0644\u062a\u062d\u062f\u062b&quot; \u0645\u0639\u064a. \u0625\u0646\u0647 \u0644\u0623\u0645\u0631 \u0631\u0627\u0626\u0639 \u0623\u0646 \u0646\u0631\u0649 \u0643\u064a\u0641 <\/em><\/p>\n<p style=\"text-align: center;\"><em>\u0648\u0633\u0631\u0639\u0627\u0646 \u0645\u0627 \u0641\u0647\u0645 \u0643\u064a\u0641 \u062a\u0639\u0645\u0644 \u0627\u0644\u0623\u0632\u0631\u0627\u0631. \u0627\u0644\u0622\u0646 &quot;\u064a\u062e\u0628\u0631\u0646\u064a&quot; \u0639\u0646\u062f\u0645\u0627 \u064a\u0643\u0648\u0646 \u062c\u0627\u0626\u0639\u0627\u064b\u060c \u0639\u0646\u062f\u0645\u0627 \u064a\u0643\u0648\u0646 <\/em><\/p>\n<p style=\"text-align: center;\"><em>\u064a\u0631\u064a\u062f \u0627\u0644\u062e\u0631\u0648\u062c \u0623\u0648 \u0628\u0628\u0633\u0627\u0637\u0629 \u0639\u0646\u062f\u0645\u0627 \u064a\u0631\u064a\u062f \u0627\u0644\u0644\u0639\u0628 \u00bb<\/em><\/p>\n<p style=\"text-align: center;\"><strong>\u0633\u062a\u064a\u0641\u0627\u0646\u064a<\/strong><\/p>\n<p>&nbsp;<\/p>\n<p style=\"text-align: center;\"><em>&quot;\u0645\u0646\u0630 \u0627\u0633\u062a\u062e\u062f\u0627\u0645 \u0647\u0630\u0647 \u0627\u0644\u0623\u0632\u0631\u0627\u0631 \u0645\u0639 \u0643\u0644\u0628\u064a\u060c \u062a\u0648\u0627\u0635\u0644\u062a \u0627\u062a\u0635\u0627\u0644\u0627\u062a\u0646\u0627 <\/em><\/p>\n<p style=\"text-align: center;\"><em>\u0648\u0635\u0644\u062a \u0625\u0644\u0649 \u0645\u0633\u062a\u0648\u0649 \u062c\u062f\u064a\u062f \u0643\u0644\u064a\u0627. \u0625\u0646\u0647\u0627 &quot;\u062a\u0646\u0627\u062f\u064a\u0646\u064a&quot; \u0645\u0646 \u0623\u062c\u0644 \u0646\u0632\u0647\u0627\u062a\u0647\u0627 \u0648\u062d\u062a\u0649 \u0645\u0646 \u0623\u062c\u0644 \u0627\u062d\u062a\u0636\u0627\u0646\u0647\u0627. <\/em><\/p>\n<p style=\"text-align: center;\"><em>\u0625\u0646\u0647 \u0623\u0645\u0631 \u0645\u0624\u062b\u0631 \u0623\u0646 \u0646\u0631\u0649 \u0645\u062f\u0649 \u0627\u0633\u062a\u0639\u062f\u0627\u062f\u0647\u0627 \u0644\u0644\u062a\u0639\u0628\u064a\u0631 \u0639\u0646 \u0646\u0641\u0633\u0647\u0627 \u0648 <\/em><\/p>\n<p style=\"text-align: center;\"><em>\u0643\u0645 \u0623\u062b\u0631\u062a \u0647\u0630\u0647 \u0627\u0644\u0623\u0632\u0631\u0627\u0631 \u062d\u064a\u0627\u062a\u0646\u0627 \u0627\u0644\u064a\u0648\u0645\u064a\u0629 \u0645\u0639\u064b\u0627&quot;<\/em><\/p>\n<p style=\"text-align: center;\"><strong>\u0625\u064a\u0632\u0627\u0628\u064a\u0644<\/strong><\/p>\n<\/blockquote>\n<h3 style=\"text-align: center;\"><strong>\u0637\u0644\u0628 \u0627\u0644\u064a\u0648\u0645<\/strong> \u0648\u062a\u0642\u062f\u064a\u0645 \u062c\u062f\u064a\u062f<\/h3>\n<h3 style=\"text-align: center;\">\u0627\u0644\u0628\u0639\u062f \u0644\u0639\u0644\u0627\u0642\u062a\u0643 \u0645\u0639 \u0631\u0641\u064a\u0642\u0643 \u0627\u0644\u0645\u062e\u0644\u0635!<\/h3>","protected":false},"excerpt":{"rendered":"<p>Exprimez-vous, toutou ! Permettez \u00e0 votre chien de vous dire ce qu&rsquo;il souhaite. &nbsp; Offrez une voix \u00e0 votre meilleur ami avec nos boutons de communication pour chien. Con\u00e7us sp\u00e9cialement pour permettre une interaction plus intuitive entre vous et votre animal de compagnie, ces boutons sont id\u00e9aux pour une cohabitation harmonieuse. &nbsp; Enregistrement Vocal Facile [&hellip;]<\/p>\n","protected":false},"featured_media":1287,"comment_status":"open","ping_status":"closed","template":"","meta":{"_seopress_robots_primary_cat":"none","_seopress_titles_title":"","_seopress_titles_desc":"","_seopress_robots_index":"","site-sidebar-layout":"default","site-content-layout":"default","ast-site-content-layout":"default","site-content-style":"default","site-sidebar-style":"default","ast-global-header-display":"","ast-banner-title-visibility":"","ast-main-header-display":"","ast-hfb-above-header-display":"","ast-hfb-below-header-display":"","ast-hfb-mobile-header-display":"","site-post-title":"","ast-breadcrumbs-content":"","ast-featured-img":"","footer-sml-layout":"","ast-disable-related-posts":"","theme-transparent-header-meta":"default","adv-header-id-meta":"","stick-header-meta":"default","header-above-stick-meta":"","header-main-stick-meta":"","header-below-stick-meta":"","astra-migrate-meta-layouts":"set","ast-page-background-enabled":"default","ast-page-background-meta":{"desktop":{"background-color":"","background-image":"","background-repeat":"repeat","background-position":"center center","background-size":"auto","background-attachment":"scroll","background-type":"","background-media":"","overlay-type":"","overlay-color":"","overlay-opacity":"","overlay-gradient":""},"tablet":{"background-color":"","background-image":"","background-repeat":"repeat","background-position":"center center","background-size":"auto","background-attachment":"scroll","background-type":"","background-media":"","overlay-type":"","overlay-color":"","overlay-opacity":"","overlay-gradient":""},"mobile":{"background-color":"","background-image":"","background-repeat":"repeat","background-position":"center center","background-size":"auto","background-attachment":"scroll","background-type":"","background-media":"","overlay-type":"","overlay-color":"","overlay-opacity":"","overlay-gradient":""}},"ast-content-background-meta":{"desktop":{"background-color":"var(--ast-global-color-5)","background-image":"","background-repeat":"repeat","background-position":"center center","background-size":"auto","background-attachment":"scroll","background-type":"","background-media":"","overlay-type":"","overlay-color":"","overlay-opacity":"","overlay-gradient":""},"tablet":{"background-color":"var(--ast-global-color-5)","background-image":"","background-repeat":"repeat","background-position":"center center","background-size":"auto","background-attachment":"scroll","background-type":"","background-media":"","overlay-type":"","overlay-color":"","overlay-opacity":"","overlay-gradient":""},"mobile":{"background-color":"var(--ast-global-color-5)","background-image":"","background-repeat":"repeat","background-position":"center center","background-size":"auto","background-attachment":"scroll","background-type":"","background-media":"","overlay-type":"","overlay-color":"","overlay-opacity":"","overlay-gradient":""}}},"product_brand":[],"product_cat":[83],"product_tag":[],"class_list":{"0":"post-1284","1":"product","2":"type-product","3":"status-publish","4":"has-post-thumbnail","6":"product_cat-animaux","7":"desktop-align-center","8":"tablet-align-center","9":"mobile-align-center","10":"ast-product-gallery-layout-horizontal","11":"ast-magnify-disabled","12":"ast-product-tabs-layout-horizontal","13":"ast-qv-on-image","15":"first","16":"outofstock","17":"shipping-taxable","18":"purchasable","19":"product-type-simple"},"bundled_by":[],"bundle_stock_status":"outofstock","bundle_stock_quantity":null,"bundle_virtual":false,"bundle_layout":"","bundle_add_to_cart_form_location":"","bundle_editable_in_cart":false,"bundle_sold_individually_context":"","bundle_item_grouping":"","bundle_min_size":"","bundle_max_size":"","bundle_price":[],"bundled_items":[],"bundle_sell_ids":[],"_links":{"self":[{"href":"https:\/\/buying-fever.com\/ar\/wp-json\/wp\/v2\/product\/1284","targetHints":{"allow":["GET"]}}],"collection":[{"href":"https:\/\/buying-fever.com\/ar\/wp-json\/wp\/v2\/product"}],"about":[{"href":"https:\/\/buying-fever.com\/ar\/wp-json\/wp\/v2\/types\/product"}],"replies":[{"embeddable":true,"href":"https:\/\/buying-fever.com\/ar\/wp-json\/wp\/v2\/comments?post=1284"}],"version-history":[{"count":0,"href":"https:\/\/buying-fever.com\/ar\/wp-json\/wp\/v2\/product\/1284\/revisions"}],"wp:featuredmedia":[{"embeddable":true,"href":"https:\/\/buying-fever.com\/ar\/wp-json\/wp\/v2\/media\/1287"}],"wp:attachment":[{"href":"https:\/\/buying-fever.com\/ar\/wp-json\/wp\/v2\/media?parent=1284"}],"wp:term":[{"taxonomy":"product_brand","embeddable":true,"href":"https:\/\/buying-fever.com\/ar\/wp-json\/wp\/v2\/product_brand?post=1284"},{"taxonomy":"product_cat","embeddable":true,"href":"https:\/\/buying-fever.com\/ar\/wp-json\/wp\/v2\/product_cat?post=1284"},{"taxonomy":"product_tag","embeddable":true,"href":"https:\/\/buying-fever.com\/ar\/wp-json\/wp\/v2\/product_tag?post=1284"}],"curies":[{"name":"wp","href":"https:\/\/api.w.org\/{rel}","templated":true}]}}